{"id":128,"date":"2021-10-03T12:02:23","date_gmt":"2021-10-03T12:02:23","guid":{"rendered":"https:\/\/www.pebblecushions.com\/product\/pebble-stone-rock-pillows-decorative-sofa-pillows-accent-floor-pillows-novelty-throw-pillows-fun-gift-7-pieces-9015\/"},"modified":"2025-09-22T03:54:39","modified_gmt":"2025-09-22T03:54:39","slug":"livingstone-polstare-the-rock-polstar-9015","status":"publish","type":"product","link":"https:\/\/www.pebblecushions.com\/cs\/product\/livingstone-pillows-the-rock-pillow-9015","title":{"rendered":"Livingstone pol\u0161t\u00e1\u0159e Skaln\u00ed pol\u0161t\u00e1\u0159"},"content":{"rendered":"[zc_getpagecontent mb=&#8221;mb_aplus&#8221; apid=&#8221;20&#8243;]\n<div class=\"row fill_option_note row-box-shadow-2\"  id=\"row-2089358031\">\r\n\r\n\n\t<div id=\"col-1657040563\" class=\"col small-12 large-12\"  >\n\t\t\t\t<div class=\"col-inner\"  >\n\t\t\t\n\t\t\t\r\n\r\n\t<div id=\"text-681667118\" class=\"text\">\n\t\t\r\n\r\n<p>Our Pebble Cushions offer you two options when purchasing: filled and unfilled cushion covers.<\/p>\r\n<p>If you choose to purchase the unfilled cushion cover (which is definitely tempting for the price), then you will need to fill it with a soft, sturdy yet fluffy filling, or you can fill it with your old clothes, old sheets and other textiles. Or you can get high-quality Premium Fiberfill at Walmart. Doing so will help you save some of the cost of your purchase. Each Pebble Cushion Cover has a discreet zipper along the bottom, great for maintaining the image of the pebbles, and for keeping your family comfortable while you use them. Just unzip to quickly fill the cushion with fiberfill. Likewise, it\u2019s just as easy to empty it when it comes time to wash it.<\/p>\r\n<p>If you shop for a stuffed pebble cushions, we will fill it well for you and guarantee that the stuffed polyester fiberfill inside is brand new, best quality, healthy &amp; ready for use immediately.<\/p>\r\n<p>Why is it recommended to buy \"Without Stuffing\" cushioncase?<\/p>\r\n<p>Our Pebble Cushions are HUGE when full. Since shipping is based on the size of the cushions, not the weight, we have to charge a lot more. Instead, you could purchase the Pebble Cushion Cover , fill it with Premium Fiberfill on your own, and save over 80% off the normal retail price.<\/p>\r\n\t\t\n<style>\n#text-681667118 {\n  color: rgb(0,0,0);\n}\n#text-681667118 > * {\n  color: rgb(0,0,0);\n}\n<\/style>\n\t<\/div>\n\t\r\n\r\n\t\t<\/div>\n\t\t\t\t\t<\/div>\n\n\t\r\n\r\n\n<style>\n#row-2089358031 > .col > .col-inner {\n  padding: 20px 20px 10px 20px;\n  background-color: rgb(238, 238, 238);\n  border-radius: 5px;\n}\n<\/style>\n<\/div>\n","protected":false},"excerpt":{"rendered":"<ul>\n<li>Sametov\u00e9 (100% polyesterov\u00e9) povlaky na pol\u0161t\u00e1\u0159e bez v\u00fdpln\u011b<\/li>\n<li>Pr\u00e9miov\u00e1 kvalita: Vyrobeno z m\u011bkk\u00e9ho a siln\u00e9ho sametov\u00e9ho materi\u00e1lu, pevn\u00e9 \u0161vy zaji\u0161\u0165uj\u00ed lep\u0161\u00ed odolnost a zabra\u0148uj\u00ed t\u0159epen\u00ed a trh\u00e1n\u00ed. Robustn\u00ed skryt\u00fd zip umo\u017e\u0148uje snadnou sn\u00edmatelnost a pran\u00ed povlaku na pol\u0161t\u00e1\u0159.<\/li>\n<li>Kreativn\u00ed design: Design\u00e9r si jako hlavn\u00ed p\u0159edm\u011bt tvorby vybral p\u0159\u00edrodn\u00ed kameny a navrhuje r\u016fzn\u00e9 styly kamenn\u00fdch dekora\u010dn\u00edch pol\u0161t\u00e1\u0159\u016f. Tyto realistick\u00e9 kamenn\u00e9 pol\u0161t\u00e1\u0159e v\u00e1m v interi\u00e9ru dodaj\u00ed bohatou p\u0159\u00edrodn\u00ed atmosf\u00e9ru.<\/li>\n<li>Dekorativn\u00ed pol\u0161t\u00e1\u0159: Pokud hled\u00e1te n\u011bco jin\u00e9ho pro v\u00fdzdobu va\u0161eho ob\u00fdvac\u00edho pokoje, pak si nem\u016f\u017eete nechat uj\u00edt z\u00e1\u0159iv\u011b zbarven\u00e9 podlahov\u00e9 pol\u0161t\u00e1\u0159e z kamene. Tyto kamenn\u00e9 pol\u0161t\u00e1\u0159e dodaj\u00ed va\u0161emu pokoji stylov\u00fd n\u00e1dech a mohou rychle a snadno zm\u011bnit vzhled m\u00edstnosti, aby v\u00e1\u0161 domov byl jedine\u010dn\u00fd. Ob\u00fdvac\u00ed pokoj, gau\u010d, pohovka, postel, interi\u00e9r, terasa, podlaha, exteri\u00e9r, lo\u017enice, kancel\u00e1\u0159 atd.<\/li>\n<li>V\u011b\u0159\u00edme, \u017ee si va\u0161e d\u011bti zamiluj\u00ed tento extr\u00e9mn\u011b m\u011bkk\u00fd kamenn\u00fd pol\u0161t\u00e1\u0159ek r\u016fzn\u00fdch tvar\u016f, proto\u017ee si s n\u00edm hraj\u00ed jejich p\u0159\u00edbuzn\u00ed. Pou\u017eijte tyto kamenn\u00e9 dekora\u010dn\u00ed pol\u0161t\u00e1\u0159e, abyste se k d\u011btem p\u0159ibl\u00ed\u017eili a zv\u00fd\u0161ili tak n\u00e1klonnost mezi v\u00e1mi a va\u0161\u00edm d\u00edt\u011btem b\u011bhem hry.<\/li>\n<li>Dod\u00e1 va\u0161emu skromn\u00e9mu p\u0159\u00edbytku zemitou atmosf\u00e9ru a vytvo\u0159\u00edte si ide\u00e1ln\u00ed prost\u0159ed\u00ed k odpo\u010dinku s t\u011bmito kamenn\u00fdmi pol\u0161t\u00e1\u0159i. Ka\u017ed\u00fd pol\u0161t\u00e1\u0159, maskovan\u00fd jako hromada tvrd\u00fdch kamen\u016f, je vyroben z vysoce kvalitn\u00ed l\u00e1tky a dod\u00e1v\u00e1 se v r\u016fzn\u00fdch velikostech a povrchov\u00fdch \u00faprav\u00e1ch, kter\u00e9 vytv\u00e1\u0159ej\u00ed realistickou krajinu.<\/li>\n<li>Mno\u017estv\u00ed: 7 kus\u016f \/ sada<\/li>\n<li>Velikost: #1 30x17 palc\u016f, #2 23x14 palc\u016f, #3 21x12 palc\u016f, #4 20x11 palc\u016f, #5 15x9 palc\u016f, #6 12x8 palc\u016f, #7 8x8 palc\u016f<\/li>\n<\/ul>","protected":false},"featured_media":121,"comment_status":"open","ping_status":"closed","template":"","meta":[],"product_brand":[],"product_cat":[18],"product_tag":[25,23,19,20,24,26,21],"class_list":{"0":"post-128","1":"product","2":"type-product","3":"status-publish","4":"has-post-thumbnail","6":"product_cat-pebble-seats","7":"product_tag-floor-cushion","8":"product_tag-large-pillow","9":"product_tag-living-stone-pillows","10":"product_tag-pebble-pillows","11":"product_tag-pebble-seats","12":"product_tag-rock-cushions","13":"product_tag-rock-pillows","15":"first","16":"instock","17":"featured","18":"shipping-taxable","19":"purchasable","20":"product-type-variable","21":"has-default-attributes"},"_links":{"self":[{"href":"https:\/\/www.pebblecushions.com\/cs\/wp-json\/wp\/v2\/product\/128","targetHints":{"allow":["GET"]}}],"collection":[{"href":"https:\/\/www.pebblecushions.com\/cs\/wp-json\/wp\/v2\/product"}],"about":[{"href":"https:\/\/www.pebblecushions.com\/cs\/wp-json\/wp\/v2\/types\/product"}],"replies":[{"embeddable":true,"href":"https:\/\/www.pebblecushions.com\/cs\/wp-json\/wp\/v2\/comments?post=128"}],"wp:featuredmedia":[{"embeddable":true,"href":"https:\/\/www.pebblecushions.com\/cs\/wp-json\/wp\/v2\/media\/121"}],"wp:attachment":[{"href":"https:\/\/www.pebblecushions.com\/cs\/wp-json\/wp\/v2\/media?parent=128"}],"wp:term":[{"taxonomy":"product_brand","embeddable":true,"href":"https:\/\/www.pebblecushions.com\/cs\/wp-json\/wp\/v2\/product_brand?post=128"},{"taxonomy":"product_cat","embeddable":true,"href":"https:\/\/www.pebblecushions.com\/cs\/wp-json\/wp\/v2\/product_cat?post=128"},{"taxonomy":"product_tag","embeddable":true,"href":"https:\/\/www.pebblecushions.com\/cs\/wp-json\/wp\/v2\/product_tag?post=128"}],"curies":[{"name":"wp","href":"https:\/\/api.w.org\/{rel}","templated":true}]}}