{"id":19034,"date":"2026-03-01T02:17:08","date_gmt":"2026-03-01T02:17:08","guid":{"rendered":"https:\/\/www.pebblecushions.com\/product\/neo-livingstones-pebble-cushions-pebble-pillows-rock-pillows-set"},"modified":"2026-03-02T20:26:46","modified_gmt":"2026-03-02T20:26:46","slug":"neo-livingstones-oblazkove-polstare-oblazkove-polstare-sada-kamennych-polstaru","status":"publish","type":"product","link":"https:\/\/www.pebblecushions.com\/cs\/product\/neo-livingstones-pebble-cushions-pebble-pillows-rock-pillows-set","title":{"rendered":"Neo-LivingStones Obl\u00e1zkov\u00e9 pol\u0161t\u00e1\u0159e Obl\u00e1zkov\u00e9 pol\u0161t\u00e1\u0159e Sada kamenn\u00fdch pol\u0161t\u00e1\u0159\u016f"},"content":{"rendered":"[zc_getpagecontent mb=&#8221;mb_aplus&#8221; apid=&#8221;165&#8243;]\n","protected":false},"excerpt":{"rendered":"<ul>\n<li>Kombinujte velikosti: Pol\u0161t\u00e1\u0159e Soft Stone, kter\u00e9 jsou k dispozici v \u0161esti r\u016fzn\u00fdch velikostech (od 20 cm do 95 cm d\u00e9lky), lze stohovat, rozm\u00edstit nebo seskupit a vytvo\u0159it tak vlastn\u00ed m\u011bkkou odpo\u010dinkovou z\u00f3nu. Skv\u011bl\u00e9 jako taburetky, sedac\u00ed souprava na podlahu nebo dekora\u010dn\u00ed pol\u0161t\u00e1\u0159e.<\/li>\n<li>Kvalitn\u00ed materi\u00e1l: Tyto pol\u0161t\u00e1\u0159e, vyroben\u00e9 z m\u011bkk\u00e9, podp\u016frn\u00e9 polypropylenov\u00e9 (PP) bavlny a pr\u00e9miov\u00e9 kompozitn\u00ed kart\u00e1\u010dovan\u00e9 polyesterov\u00e9 pleteniny, jsou ide\u00e1ln\u00ed pro relaxaci, sezen\u00ed, leno\u0161en\u00ed nebo dokonce pro kreativn\u00ed hran\u00ed. Podp\u016frn\u00e9 a z\u00e1rove\u0148 ply\u0161ov\u00e9.<\/li>\n<li>Snadn\u00e1 \u00fadr\u017eba a nastaven\u00ed: Bez nutnosti mont\u00e1\u017ee a lehk\u00e9. Protiskluzov\u00e9 dno pro bezpe\u010dnost. Jednodu\u0161e o\u010dist\u011bte vlhk\u00fdm had\u0159\u00edkem. Zipy lze v p\u0159\u00edpad\u011b pot\u0159eby odemknout kancel\u00e1\u0159skou sponkou \u2013 viz p\u0159ilo\u017een\u00fd foton\u00e1vod.<\/li>\n<li>Speci\u00e1ln\u00ed v\u00fdrobn\u00ed technika: V designu exteri\u00e9ru na\u0161ich v\u00fdrobk\u016f pou\u017e\u00edv\u00e1me pokro\u010dil\u00e9 techniky \u0161it\u00ed panel\u016f, co\u017e zaji\u0161\u0165uje jemn\u00fd a sofistikovan\u00fd vzhled.<\/li>\n<li>Prod\u00e1v\u00e1 se ve 4 kombinac\u00edch sad: Vyberte si ze \u010dty\u0159 pe\u010dliv\u011b vybran\u00fdch sad \u2013 p\u0159esn\u00fd obsah sady naleznete na obr\u00e1zc\u00edch produkt\u016f; co vid\u00edte, to dostanete.<\/li>\n<li>Uveden\u00ed nov\u00e9ho produktu na trh: 90denn\u00ed z\u00e1ruka ceny. Pokud cena klesne do 90 dn\u016f, vr\u00e1t\u00edme v\u00e1m rozd\u00edl.<\/li>\n<li>Z\u00e1sady vr\u00e1cen\u00ed a v\u00fdm\u011bny: Kupuj\u00edc\u00ed jsou zodpov\u011bdn\u00ed za n\u00e1klady na dopravu p\u0159i vr\u00e1cen\u00ed nebo v\u00fdm\u011bn\u011b zbo\u017e\u00ed.<\/li>\n<\/ul>","protected":false},"featured_media":19016,"comment_status":"open","ping_status":"closed","template":"","meta":[],"product_brand":[],"product_cat":[15],"product_tag":[],"class_list":{"0":"post-19034","1":"product","2":"type-product","3":"status-publish","4":"has-post-thumbnail","6":"product_cat-livingstones","8":"first","9":"instock","10":"sold-individually","11":"shipping-taxable","12":"purchasable","13":"product-type-variable","14":"has-default-attributes"},"_links":{"self":[{"href":"https:\/\/www.pebblecushions.com\/cs\/wp-json\/wp\/v2\/product\/19034","targetHints":{"allow":["GET"]}}],"collection":[{"href":"https:\/\/www.pebblecushions.com\/cs\/wp-json\/wp\/v2\/product"}],"about":[{"href":"https:\/\/www.pebblecushions.com\/cs\/wp-json\/wp\/v2\/types\/product"}],"replies":[{"embeddable":true,"href":"https:\/\/www.pebblecushions.com\/cs\/wp-json\/wp\/v2\/comments?post=19034"}],"wp:featuredmedia":[{"embeddable":true,"href":"https:\/\/www.pebblecushions.com\/cs\/wp-json\/wp\/v2\/media\/19016"}],"wp:attachment":[{"href":"https:\/\/www.pebblecushions.com\/cs\/wp-json\/wp\/v2\/media?parent=19034"}],"wp:term":[{"taxonomy":"product_brand","embeddable":true,"href":"https:\/\/www.pebblecushions.com\/cs\/wp-json\/wp\/v2\/product_brand?post=19034"},{"taxonomy":"product_cat","embeddable":true,"href":"https:\/\/www.pebblecushions.com\/cs\/wp-json\/wp\/v2\/product_cat?post=19034"},{"taxonomy":"product_tag","embeddable":true,"href":"https:\/\/www.pebblecushions.com\/cs\/wp-json\/wp\/v2\/product_tag?post=19034"}],"curies":[{"name":"wp","href":"https:\/\/api.w.org\/{rel}","templated":true}]}}