{"id":288,"date":"2022-04-08T12:08:41","date_gmt":"2022-04-08T12:08:41","guid":{"rendered":"https:\/\/www.pebblecushions.com\/product\/pebble-decorative-cushions-pebble-cushions-9038"},"modified":"2024-10-05T01:28:18","modified_gmt":"2024-10-05T01:28:18","slug":"oblazkove-dekorativni-polstare-oblazkove-polstare-9038","status":"publish","type":"product","link":"https:\/\/www.pebblecushions.com\/cs\/product\/pebble-decorative-cushions-pebble-cushions-9038","title":{"rendered":"Dekorativn\u00ed pol\u0161t\u00e1\u0159e s obl\u00e1zky Obl\u00e1zkov\u00e9 pol\u0161t\u00e1\u0159e"},"content":{"rendered":"[zc_getpagecontent mb=&#8221;mb_aplus&#8221; apid=&#8221;20&#8243;]\n<hr \/>\n<p>Pattern: pebble stone<br \/>\nImported Type: decorative stone pillow<br \/>\nPackage includes: 7PCS Mix Sizes<br \/>\nCare: Spot clean by hand only<\/p>\n<p><strong>Benefits:<\/strong><\/p>\n<p>Bring pieces of nature into your home with eco-friendly design, Set a comfortable reading and relaxing space for your home.<br \/>\nFeatured in a perfect combination of hard stone shapes and soft pillow functions, these stone pillows can not only be used as a home decor but also an interesting hug or throw for all ages.<br \/>\nThese featured stone pillows are designed according simulation stone shapes and have realistic modeling appearance.<br \/>\nthey are suitable for various scenes and purposes: mixed rock like floor decorative pillows, \u00a0plush toy, \u00a0pebble pillows.<br \/>\nWonderful for kids room, children are especially fond of playing with them whenever and wherever they catch a sight.<br \/>\nCreative style attractive shape sewing with fine workmanship invisible zipper design.<\/p>\n<p><strong>Warm Tip:<\/strong><\/p>\n<p>1. Due to the different monitor and light effect, the actual color of the item might be slightly different from the color showed on the pictures.<br \/>\n2. Please allow 1-2 cm\/ 0.39-0.78 inch errors due to different manual measurement.<br \/>\n3. Please kindly use machine wash the cover of this cushion on cold and air dry; to ensure long-time softness, we suggest not to use iron, bleach, tumble dry or dry clean.<br \/>\n4. Customers&#8217; satisfaction is our top pursuit, please contact with us if you have any curiosity\/ questions\/ suggestions about the product or our service, we will give you a response as soon as possible.<\/p>\n<div class=\"row fill_option_note row-box-shadow-2\"  id=\"row-1561199506\">\r\n\r\n\n\t<div id=\"col-1664062739\" class=\"col small-12 large-12\"  >\n\t\t\t\t<div class=\"col-inner\"  >\n\t\t\t\n\t\t\t\r\n\r\n\t<div id=\"text-2034821282\" class=\"text\">\n\t\t\r\n\r\n<p>Our Pebble Cushions offer you two options when purchasing: filled and unfilled cushion covers.<\/p>\r\n<p>If you choose to purchase the unfilled cushion cover (which is definitely tempting for the price), then you will need to fill it with a soft, sturdy yet fluffy filling, or you can fill it with your old clothes, old sheets and other textiles. Or you can get high-quality Premium Fiberfill at Walmart. Doing so will help you save some of the cost of your purchase. Each Pebble Cushion Cover has a discreet zipper along the bottom, great for maintaining the image of the pebbles, and for keeping your family comfortable while you use them. Just unzip to quickly fill the cushion with fiberfill. Likewise, it\u2019s just as easy to empty it when it comes time to wash it.<\/p>\r\n<p>If you shop for a stuffed pebble cushions, we will fill it well for you and guarantee that the stuffed polyester fiberfill inside is brand new, best quality, healthy &amp; ready for use immediately.<\/p>\r\n<p>Why is it recommended to buy \"Without Stuffing\" cushioncase?<\/p>\r\n<p>Our Pebble Cushions are HUGE when full. Since shipping is based on the size of the cushions, not the weight, we have to charge a lot more. Instead, you could purchase the Pebble Cushion Cover , fill it with Premium Fiberfill on your own, and save over 80% off the normal retail price.<\/p>\r\n\t\t\n<style>\n#text-2034821282 {\n  color: rgb(0,0,0);\n}\n#text-2034821282 > * {\n  color: rgb(0,0,0);\n}\n<\/style>\n\t<\/div>\n\t\r\n\r\n\t\t<\/div>\n\t\t\t\t\t<\/div>\n\n\t\r\n\r\n\n<style>\n#row-1561199506 > .col > .col-inner {\n  padding: 20px 20px 10px 20px;\n  background-color: rgb(238, 238, 238);\n  border-radius: 5px;\n}\n<\/style>\n<\/div>\n","protected":false},"excerpt":{"rendered":"<ul>\n<li>Materi\u00e1l: Potah tohoto realistick\u00e9ho pol\u0161t\u00e1\u0159e s motivem kamene je vyroben ze sametu, snadno se \u010dist\u00ed a je super pohodln\u00fd na op\u00edr\u00e1n\u00ed.<\/li>\n<li>V\u00fdpl\u0148ov\u00fd materi\u00e1l (pro variantu FRE-FILLED): V\u00fdpl\u0148 je z polyesterov\u00fdch vl\u00e1knit\u00fdch vl\u00e1ken, kter\u00e1 jsou explodov\u00e1na speci\u00e1ln\u00ed sm\u011bs\u00ed polyesterov\u00fdch vl\u00e1ken 100%, co\u017e vytv\u00e1\u0159\u00ed mimo\u0159\u00e1dnou odolnost. V\u00fdpl\u0148 m\u00e1 hladkou konzistenci a pevnou celistvost i po nes\u010detn\u00e9m pran\u00ed. V\u00fdpl\u0148 se z\u0159\u00eddka shlukuje a je hypoalergenn\u00ed.<\/li>\n<li>Design inspirovan\u00fd p\u0159\u00edrodou: Tyto pol\u0161t\u00e1\u0159e z kamen\u016f byly navr\u017eeny tak, aby p\u0159ipom\u00ednaly kameny; vyzna\u010duj\u00ed se realistick\u00fdm vzhledem a z\u00e1rove\u0148 m\u011bkkost\u00ed a pohodl\u00edm pol\u0161t\u00e1\u0159e.<\/li>\n<li>Funkce: Lze pou\u017e\u00edt jako podlahov\u00e9, k\u0159eslo, pohovku, gau\u010d, venkovn\u00ed pol\u0161t\u00e1\u0159e, dekora\u010dn\u00ed pol\u0161t\u00e1\u0159e, kl\u00ednov\u00e9 pol\u0161t\u00e1\u0159e; Skv\u011bl\u00e9 na dlouh\u00e9 v\u00fdlety a kempov\u00e1n\u00ed; bytov\u00e9 dekorace, d\u011btsk\u00e9 ply\u0161ov\u00e9 hra\u010dky, kreativn\u00ed d\u00e1rky, tak\u00e9 jako rekvizity do fotografick\u00e9ho studia nebo na divadlo; Unik\u00e1tn\u00ed d\u00e1rek k narozenin\u00e1m, V\u00e1noc\u016fm, kolaudaci, p\u0159\u00e1telstv\u00ed, Valent\u00fdnu atd.<\/li>\n<li>V\u00fdhody: Unik\u00e1tn\u00ed dekorativn\u00ed prvek pro v\u00e1\u0161 domov, ob\u00fdvac\u00ed pokoj, d\u011btsk\u00fd pokoj, kolej, kancel\u00e1\u0159, terasu nebo auto, d\u011btsk\u00e9 h\u0159i\u0161t\u011b, hernu, zahradu, \u0161kolku, \u0161kolu, fotografick\u00fd ateli\u00e9r, hotel, klub, bar, j\u00f3gov\u00e9 centrum, v\u00fdstavu, m\u00f3dn\u00ed p\u0159ehl\u00eddku, autosalon a dal\u0161\u00ed m\u00edsta kon\u00e1n\u00ed.<\/li>\n<li>Snadn\u00e9 \u010di\u0161t\u011bn\u00ed: D\u00edky neviditeln\u00e9mu zipu je potah odn\u00edmateln\u00fd a prateln\u00fd; Ru\u010dn\u00ed pran\u00ed je mo\u017en\u00e9.<\/li>\n<li>Balen\u00ed obsahuje: 7 ks\/sada, Velikost: #1 30x17 palc\u016f, #2 23x14 palc\u016f, #3 21x12 palc\u016f, #4 20x11 palc\u016f, #5 15x9 palc\u016f, #6 12x8 palc\u016f, #7 8x8 palc\u016f.<\/li>\n<li>Upozorn\u011bn\u00ed na zpo\u017ed\u011bn\u00e9 doru\u010den\u00ed: Aktu\u00e1ln\u00ed polo\u017eky budou odesl\u00e1ny do 72 hodin po zaplacen\u00ed, doru\u010den\u00ed do 10\u201320 dn\u016f.<\/li>\n<\/ul>","protected":false},"featured_media":280,"comment_status":"open","ping_status":"closed","template":"","meta":[],"product_brand":[],"product_cat":[17],"product_tag":[19,35,22,20,24,26,21,29,32],"class_list":{"0":"post-288","1":"product","2":"type-product","3":"status-publish","4":"has-post-thumbnail","6":"product_cat-pebble-cushions","7":"product_tag-living-stone-pillows","8":"product_tag-livingstones","9":"product_tag-pebble-cushions","10":"product_tag-pebble-pillows","11":"product_tag-pebble-seats","12":"product_tag-rock-cushions","13":"product_tag-rock-pillows","14":"product_tag-stone-cushions","15":"product_tag-stone-pillows","17":"first","18":"instock","19":"shipping-taxable","20":"purchasable","21":"product-type-variable","22":"has-default-attributes"},"_links":{"self":[{"href":"https:\/\/www.pebblecushions.com\/cs\/wp-json\/wp\/v2\/product\/288","targetHints":{"allow":["GET"]}}],"collection":[{"href":"https:\/\/www.pebblecushions.com\/cs\/wp-json\/wp\/v2\/product"}],"about":[{"href":"https:\/\/www.pebblecushions.com\/cs\/wp-json\/wp\/v2\/types\/product"}],"replies":[{"embeddable":true,"href":"https:\/\/www.pebblecushions.com\/cs\/wp-json\/wp\/v2\/comments?post=288"}],"wp:featuredmedia":[{"embeddable":true,"href":"https:\/\/www.pebblecushions.com\/cs\/wp-json\/wp\/v2\/media\/280"}],"wp:attachment":[{"href":"https:\/\/www.pebblecushions.com\/cs\/wp-json\/wp\/v2\/media?parent=288"}],"wp:term":[{"taxonomy":"product_brand","embeddable":true,"href":"https:\/\/www.pebblecushions.com\/cs\/wp-json\/wp\/v2\/product_brand?post=288"},{"taxonomy":"product_cat","embeddable":true,"href":"https:\/\/www.pebblecushions.com\/cs\/wp-json\/wp\/v2\/product_cat?post=288"},{"taxonomy":"product_tag","embeddable":true,"href":"https:\/\/www.pebblecushions.com\/cs\/wp-json\/wp\/v2\/product_tag?post=288"}],"curies":[{"name":"wp","href":"https:\/\/api.w.org\/{rel}","templated":true}]}}