{"id":5234,"date":"2024-10-05T03:14:40","date_gmt":"2024-10-05T03:14:40","guid":{"rendered":"https:\/\/www.pebblecushions.com\/product\/headboard-wedge-pillow-blue-plush-large-reading-pillow"},"modified":"2025-09-22T03:51:59","modified_gmt":"2025-09-22T03:51:59","slug":"klinovy-polstar-na-celo-postele-modry-plysovy-velky-cteci-polstar","status":"publish","type":"product","link":"https:\/\/www.pebblecushions.com\/cs\/product\/headboard-wedge-pillow-blue-plush-large-reading-pillow","title":{"rendered":"Pol\u0161t\u00e1\u0159 s kl\u00ednov\u00fdm \u010delem postele, modr\u00fd ply\u0161ov\u00fd, velk\u00fd \u010dtec\u00ed pol\u0161t\u00e1\u0159"},"content":{"rendered":"","protected":false},"excerpt":{"rendered":"<ul>\n<li><strong>MULTIFUNK\u010cNOST:<\/strong> N\u00e1\u0161 kl\u00ednov\u00fd pol\u0161t\u00e1\u0159 nen\u00ed jen pol\u0161t\u00e1\u0159 na \u010delo postele, ale nab\u00edz\u00ed \u0161irokou \u0161k\u00e1lu vyu\u017eit\u00ed a lze jej pou\u017e\u00edt jako ide\u00e1ln\u00ed pom\u016fcku pro oporu zad, zvednut\u00ed nohou, \u010dten\u00ed, sledov\u00e1n\u00ed televize a mnoho dal\u0161\u00edch poloh, kter\u00e9 spl\u0148uj\u00ed va\u0161e rozmanit\u00e9 pot\u0159eby.<\/li>\n<li><strong>ERGONOMICK\u00dd DESIGN:<\/strong> intimn\u00ed p\u00e9\u010de, ergonomick\u00e1 vynal\u00e9zavost. Poskytne v\u00e1m nejpohodln\u011bj\u0161\u00ed oporu, sn\u00ed\u017e\u00ed tlak na kr\u010dn\u00ed a bedern\u00ed obratle, u\u017eijte si ka\u017ed\u00fd okam\u017eik pohodl\u00ed a \u00fatulnosti.<\/li>\n<li><strong>POHODL\u00cd:<\/strong> Velk\u00fd troj\u00faheln\u00edkov\u00fd kl\u00ednov\u00fd pol\u0161t\u00e1\u0159 je vyroben z vysoce kvalitn\u00edch materi\u00e1l\u016f a jemn\u00e9 technologie zpracov\u00e1n\u00ed, kter\u00e1 zaji\u0161\u0165uje m\u011bkkost a pohodl\u00ed kl\u00ednov\u00e9ho pol\u0161t\u00e1\u0159e na op\u011brku hlavy, abyste si mohli vychutnat intimn\u00ed no\u0161en\u00ed, tepl\u00fd a pohodln\u00fd pocit.<\/li>\n<li><strong>MATERI\u00c1L:<\/strong> Pol\u0161t\u00e1\u0159e na op\u011bradlo denn\u00ed postele jsou vyrobeny z vysoce kvalitn\u00edch l\u00e1tek, m\u011bkk\u00fdch a \u0161etrn\u00fdch k poko\u017ece, odoln\u00fdch proti ma\u010dk\u00e1n\u00ed a opot\u0159eben\u00ed, kter\u00e9 v\u00e1m poskytnou p\u0159\u00edjemn\u00fd dotek a vynikaj\u00edc\u00ed prody\u0161nost, tak\u017ee budete v suchu a pohodl\u00ed.<\/li>\n<li><strong>SNADN\u00c9 \u010cI\u0160T\u011aN\u00cd:<\/strong> Kl\u00ednov\u00fd pol\u0161t\u00e1\u0159 m\u00e1 sn\u00edmateln\u00fd a prateln\u00fd potah pro snadnou \u00fadr\u017ebu, tak\u017ee si budete v\u017edy u\u017e\u00edvat sv\u011b\u017e\u00edho a uklizen\u00e9ho prost\u0159ed\u00ed pro odpo\u010dinek.<\/li>\n<li><strong>Velikost:<\/strong> 60 cm (60*20*50 cm), 80 cm (80*20*50 cm), 100 cm (100*20*50 cm), 120 cm (120*20*50 cm), 140 cm (140*20*50 cm), 160 cm (160*20*50 cm), 180 cm (180*20*50 cm), 200 cm (200*20*50 cm)<\/li>\n<\/ul>","protected":false},"featured_media":5221,"comment_status":"open","ping_status":"closed","template":"","meta":[],"product_brand":[],"product_cat":[55],"product_tag":[],"class_list":{"0":"post-5234","1":"product","2":"type-product","3":"status-publish","4":"has-post-thumbnail","6":"product_cat-living-cushions","8":"first","9":"instock","10":"featured","11":"shipping-taxable","12":"purchasable","13":"product-type-variable","14":"has-default-attributes"},"_links":{"self":[{"href":"https:\/\/www.pebblecushions.com\/cs\/wp-json\/wp\/v2\/product\/5234","targetHints":{"allow":["GET"]}}],"collection":[{"href":"https:\/\/www.pebblecushions.com\/cs\/wp-json\/wp\/v2\/product"}],"about":[{"href":"https:\/\/www.pebblecushions.com\/cs\/wp-json\/wp\/v2\/types\/product"}],"replies":[{"embeddable":true,"href":"https:\/\/www.pebblecushions.com\/cs\/wp-json\/wp\/v2\/comments?post=5234"}],"wp:featuredmedia":[{"embeddable":true,"href":"https:\/\/www.pebblecushions.com\/cs\/wp-json\/wp\/v2\/media\/5221"}],"wp:attachment":[{"href":"https:\/\/www.pebblecushions.com\/cs\/wp-json\/wp\/v2\/media?parent=5234"}],"wp:term":[{"taxonomy":"product_brand","embeddable":true,"href":"https:\/\/www.pebblecushions.com\/cs\/wp-json\/wp\/v2\/product_brand?post=5234"},{"taxonomy":"product_cat","embeddable":true,"href":"https:\/\/www.pebblecushions.com\/cs\/wp-json\/wp\/v2\/product_cat?post=5234"},{"taxonomy":"product_tag","embeddable":true,"href":"https:\/\/www.pebblecushions.com\/cs\/wp-json\/wp\/v2\/product_tag?post=5234"}],"curies":[{"name":"wp","href":"https:\/\/api.w.org\/{rel}","templated":true}]}}