{"id":5268,"date":"2024-10-08T03:42:27","date_gmt":"2024-10-08T03:42:27","guid":{"rendered":"https:\/\/www.pebblecushions.com\/product\/large-floor-loveseat-cozy-chair-for-home-spaces"},"modified":"2025-08-18T02:46:11","modified_gmt":"2025-08-18T02:46:11","slug":"velke-utulne-kreslo-do-obyvaciho-pokoje","status":"publish","type":"product","link":"https:\/\/www.pebblecushions.com\/cs\/product\/large-floor-loveseat-cozy-chair-for-home-spaces","title":{"rendered":"Velk\u00e1 pohovka na podlahu \u2013 \u00fatuln\u00e9 k\u0159eslo do dom\u00e1c\u00edch prostor"},"content":{"rendered":"[zc_getpagecontent mb=&#8221;mb_aplus&#8221; apid=&#8221;96&#8243;]\n","protected":false},"excerpt":{"rendered":"<ul>\n<li><strong>MAXIM\u00c1LN\u00cd KOMFORT:<\/strong> U\u017eijte si bezkonkuren\u010dn\u00ed pohodl\u00ed s leno\u0161kou. Tato pohovka s p\u0159ekryt\u00edm z kr\u00e1li\u010d\u00ed ko\u017ee\u0161iny a v\u00fdpln\u00ed z vysoce odoln\u00e9 p\u011bny v\u00e1m zajist\u00ed maxim\u00e1ln\u00ed pohodl\u00ed, a\u0165 u\u017e si sednete ke \u010dten\u00ed knihy, sledov\u00e1n\u00ed televize nebo jen relaxujete po n\u00e1ro\u010dn\u00e9m dni.<\/li>\n<li><strong>\u0160PI\u010cKOV\u00c9 \u0158EMESLN\u00c9 ZPRACOV\u00c1N\u00cd:<\/strong> Tato bezr\u00e1mov\u00e1 pohovka m\u00e1 potah z m\u011bkk\u00e9ho man\u0161estru a zadn\u00ed stranu z polypropylenov\u00e9 bavlny, co\u017e v sob\u011b spojuje prakti\u010dnost a pohodl\u00ed pro luxusn\u00ed a odoln\u00fd z\u00e1\u017eitek. Snadno se rozeb\u00edr\u00e1 a montuje, co\u017e zaru\u010duje trvalou eleganci v ka\u017ed\u00e9 m\u00edstnosti.<\/li>\n<li><strong>STABILN\u00cd PODPORA:<\/strong> U\u017eijte si klidnou relaxaci s na\u0161\u00ed pohovkou na podlaze. P\u011bna s vysokou hustotou poskytuje vynikaj\u00edc\u00ed oporu a polstrov\u00e1n\u00ed, kter\u00e9 obep\u00edn\u00e1 k\u0159ivky t\u011bla a uvol\u0148uje tlakov\u00e9 body. Stabilita rozkl\u00e1dac\u00ed pohovky zaji\u0161\u0165uje bezpe\u010dnost a spolehlivost.<\/li>\n<li><strong>JEDINE\u010cN\u00dd DESIGN A SNADN\u00c9 \u010cI\u0160T\u011aN\u00cd:<\/strong> Tato pohovka je nejen pohodln\u00e1, ale tak\u00e9 se snadno udr\u017euje v \u010distot\u011b. Neviditeln\u00fd zip se snadno odn\u00edm\u00e1 a \u010dist\u00ed, tak\u017ee pohovka udr\u017e\u00ed po\u0159\u00e1dek. Umo\u017en\u00ed v\u00e1m pohodln\u011b si u\u017e\u00edvat voln\u00fd \u010das.<\/li>\n<li><strong>IDE\u00c1LN\u00cd VELIKOST PRO POHODL\u00cd:<\/strong> Na\u0161e leh\u00e1tko pro vnit\u0159n\u00ed pou\u017eit\u00ed m\u00e1 rozm\u011bry 122*122*27 cm, co\u017e je ide\u00e1ln\u00ed velikost pro polohovac\u00ed k\u0159eslo. Snadno se skladuje a \u0161et\u0159\u00ed m\u00edsto.<\/li>\n<\/ul>","protected":false},"featured_media":5256,"comment_status":"open","ping_status":"closed","template":"","meta":[],"product_brand":[],"product_cat":[55],"product_tag":[],"class_list":{"0":"post-5268","1":"product","2":"type-product","3":"status-publish","4":"has-post-thumbnail","6":"product_cat-living-cushions","8":"first","9":"outofstock","10":"shipping-taxable","11":"purchasable","12":"product-type-simple"},"_links":{"self":[{"href":"https:\/\/www.pebblecushions.com\/cs\/wp-json\/wp\/v2\/product\/5268","targetHints":{"allow":["GET"]}}],"collection":[{"href":"https:\/\/www.pebblecushions.com\/cs\/wp-json\/wp\/v2\/product"}],"about":[{"href":"https:\/\/www.pebblecushions.com\/cs\/wp-json\/wp\/v2\/types\/product"}],"replies":[{"embeddable":true,"href":"https:\/\/www.pebblecushions.com\/cs\/wp-json\/wp\/v2\/comments?post=5268"}],"wp:featuredmedia":[{"embeddable":true,"href":"https:\/\/www.pebblecushions.com\/cs\/wp-json\/wp\/v2\/media\/5256"}],"wp:attachment":[{"href":"https:\/\/www.pebblecushions.com\/cs\/wp-json\/wp\/v2\/media?parent=5268"}],"wp:term":[{"taxonomy":"product_brand","embeddable":true,"href":"https:\/\/www.pebblecushions.com\/cs\/wp-json\/wp\/v2\/product_brand?post=5268"},{"taxonomy":"product_cat","embeddable":true,"href":"https:\/\/www.pebblecushions.com\/cs\/wp-json\/wp\/v2\/product_cat?post=5268"},{"taxonomy":"product_tag","embeddable":true,"href":"https:\/\/www.pebblecushions.com\/cs\/wp-json\/wp\/v2\/product_tag?post=5268"}],"curies":[{"name":"wp","href":"https:\/\/api.w.org\/{rel}","templated":true}]}}