{"id":5360,"date":"2024-10-18T03:37:06","date_gmt":"2024-10-18T03:37:06","guid":{"rendered":"https:\/\/www.pebblecushions.com\/product\/large-wedge-reading-pillow-for-bed-daybed-bolster-backrest-black"},"modified":"2025-09-22T03:52:00","modified_gmt":"2025-09-22T03:52:00","slug":"velky-klinovy-cteci-polstar-do-postele-operadlo-denni-postele-cerny","status":"publish","type":"product","link":"https:\/\/www.pebblecushions.com\/cs\/product\/large-wedge-reading-pillow-for-bed-daybed-bolster-backrest-black","title":{"rendered":"Velk\u00fd kl\u00ednov\u00fd \u010dtec\u00ed pol\u0161t\u00e1\u0159 na postel, op\u011bradlo denn\u00ed postele, \u010dern\u00fd"},"content":{"rendered":"","protected":false},"excerpt":{"rendered":"<ul>\n<li>Maxim\u00e1ln\u00ed pohodl\u00ed: Tento pol\u0161t\u00e1\u0159 na \u010delo postele velikosti XL nab\u00edz\u00ed vynikaj\u00edc\u00ed pohodl\u00ed d\u00edky sv\u00e9mu troj\u00faheln\u00edkov\u00e9mu tvaru. Podp\u016frn\u00fd pol\u0161t\u00e1\u0159 se pohodln\u011b p\u0159izp\u016fsob\u00ed z\u00e1d\u016fm a pasu a minimalizuje tlak na bedern\u00ed p\u00e1te\u0159\/zada. Tento kl\u00ednov\u00fd \u010dtec\u00ed pol\u0161t\u00e1\u0159 v\u00e1m pom\u016f\u017ee z\u016fstat v posteli nebo na pohovce bez nap\u011bt\u00ed, co\u017e je ide\u00e1ln\u00ed pro pracuj\u00edc\u00ed no\u010dn\u00ed sovy, knihomoly a sledov\u00e1n\u00ed televize v posteli. Tento extra velk\u00fd podhlavn\u00edk je jedin\u00fd kl\u00ednov\u00fd pol\u0161t\u00e1\u0159 na \u010delo postele, kter\u00fd pojme dv\u011b osoby.<\/li>\n<li>Velk\u00fd pol\u0161t\u00e1\u0159 3 v 1: Pol\u0161t\u00e1\u0159 m\u016f\u017eete pou\u017e\u00edt ve svisl\u00e9 poloze jako oporu zad k \u010delu postele p\u0159i sezen\u00ed v posteli nebo jej polo\u017eit naplocho na postel a pou\u017e\u00edt jej jako velk\u00fd kl\u00ednov\u00fd pol\u0161t\u00e1\u0159 p\u0159i span\u00ed na z\u00e1dech nebo na boku, p\u0159\u00edpadn\u011b jako pol\u0161t\u00e1\u0159 na nohy pro zvednut\u00ed nohou. Pokud chcete velk\u00fd pol\u0161t\u00e1\u0159 k \u010delu postele, kter\u00fd poskytuje oporu v\u00e1m i va\u0161emu partnerovi\/partnerce, je to vynikaj\u00edc\u00ed alternativa.<\/li>\n<li>Multifunk\u010dn\u00ed design: N\u011bkte\u0159\u00ed lid\u00e9 pou\u017e\u00edvaj\u00ed velk\u00fd troj\u00faheln\u00edkov\u00fd pol\u0161t\u00e1\u0159 jako pol\u0161t\u00e1\u0159 na \u010delo postele, jin\u00ed jej pou\u017e\u00edvaj\u00ed jako pol\u0161t\u00e1\u0159 na matraci, m\u016f\u017ee tak\u00e9 slou\u017eit jako pol\u0161t\u00e1\u0159 na op\u011bradlo pohovky nebo denn\u00ed postele. Je stylov\u00fd i funk\u010dn\u00ed, tak\u017ee je skv\u011bl\u00fdm dopl\u0148kem do ka\u017ed\u00e9 lo\u017enice.<\/li>\n<li>Vynikaj\u00edc\u00ed \u0159emesln\u00e9 zpracov\u00e1n\u00ed: Povlak na pol\u0161t\u00e1\u0159 m\u00e1 vzhled man\u0161estru a slo\u017een\u00ed je polyester 100%. N\u00e1\u0161 pol\u0161t\u00e1\u0159 na \u010delo postele je prody\u0161n\u00fd a dostate\u010dn\u011b pohodln\u00fd, aby si udr\u017eel tvar a \u010dasem ho neztratil. Bo\u010dn\u00ed kapsa na ka\u017ed\u00e9 stran\u011b v\u00e1m umo\u017en\u00ed ulo\u017eit si knihu nebo telefon.<\/li>\n<li>Snadn\u00e9 pran\u00ed: Potah \u010dtec\u00edho pol\u0161t\u00e1\u0159e je k pol\u0161t\u00e1\u0159i p\u0159ipevn\u011bn knofl\u00edky a snadno se sund\u00e1v\u00e1 pomoc\u00ed jednoduch\u00e9ho zipu. D\u00edky tomu je jeho \u010di\u0161t\u011bn\u00ed bezprobl\u00e9mov\u00e9. Sta\u010d\u00ed potah sundat a rychle vyprat v pra\u010dce, aby v\u00e1\u0161 pol\u0161t\u00e1\u0159 vypadal jako nov\u00fd.<\/li>\n<li><strong>Velikost:<\/strong> 60 cm (60*20*50 cm, 2 knofl\u00edky), 80 cm (80*20*50 cm, 2 knofl\u00edky), 100 cm (100*20*50 cm, 3 knofl\u00edky), 120 cm (120*20*50 cm, 4 knofl\u00edky), 140 cm (140*20*50 cm, 4 knofl\u00edky), 160 cm (160*20*50 cm, 5 knofl\u00edk\u016f), 180 cm (180*20*50 cm, 6 knofl\u00edk\u016f), 200 cm (200*20*50 cm, 7 knofl\u00edk\u016f)<\/li>\n<\/ul>","protected":false},"featured_media":5344,"comment_status":"open","ping_status":"closed","template":"","meta":[],"product_brand":[],"product_cat":[55],"product_tag":[],"class_list":{"0":"post-5360","1":"product","2":"type-product","3":"status-publish","4":"has-post-thumbnail","6":"product_cat-living-cushions","8":"first","9":"instock","10":"featured","11":"shipping-taxable","12":"purchasable","13":"product-type-variable","14":"has-default-attributes"},"_links":{"self":[{"href":"https:\/\/www.pebblecushions.com\/cs\/wp-json\/wp\/v2\/product\/5360","targetHints":{"allow":["GET"]}}],"collection":[{"href":"https:\/\/www.pebblecushions.com\/cs\/wp-json\/wp\/v2\/product"}],"about":[{"href":"https:\/\/www.pebblecushions.com\/cs\/wp-json\/wp\/v2\/types\/product"}],"replies":[{"embeddable":true,"href":"https:\/\/www.pebblecushions.com\/cs\/wp-json\/wp\/v2\/comments?post=5360"}],"wp:featuredmedia":[{"embeddable":true,"href":"https:\/\/www.pebblecushions.com\/cs\/wp-json\/wp\/v2\/media\/5344"}],"wp:attachment":[{"href":"https:\/\/www.pebblecushions.com\/cs\/wp-json\/wp\/v2\/media?parent=5360"}],"wp:term":[{"taxonomy":"product_brand","embeddable":true,"href":"https:\/\/www.pebblecushions.com\/cs\/wp-json\/wp\/v2\/product_brand?post=5360"},{"taxonomy":"product_cat","embeddable":true,"href":"https:\/\/www.pebblecushions.com\/cs\/wp-json\/wp\/v2\/product_cat?post=5360"},{"taxonomy":"product_tag","embeddable":true,"href":"https:\/\/www.pebblecushions.com\/cs\/wp-json\/wp\/v2\/product_tag?post=5360"}],"curies":[{"name":"wp","href":"https:\/\/api.w.org\/{rel}","templated":true}]}}