{"id":69,"date":"2021-10-03T10:23:43","date_gmt":"2021-10-03T10:23:43","guid":{"rendered":"https:\/\/www.pebblecushions.com\/product\/huge-rock-pillows-living-stones-pillows-pebble-pillows-living-pillows-pre-filled-christmas-present-light-gray\/"},"modified":"2025-09-22T03:45:19","modified_gmt":"2025-09-22T03:45:19","slug":"oblazkove-polstare-oblazkove-podlahove-polstare-9001","status":"publish","type":"product","link":"https:\/\/www.pebblecushions.com\/cs\/product\/pebble-pillows-pebble-floor-cushions-9001","title":{"rendered":"Obl\u00e1zkov\u00e9 pol\u0161t\u00e1\u0159e Obl\u00e1zkov\u00e9 podlahov\u00e9 pol\u0161t\u00e1\u0159e"},"content":{"rendered":"[zc_getpagecontent mb=&#8221;mb_aplus&#8221; apid=&#8221;16&#8243;]\n<div class=\"row fill_option_note row-box-shadow-2\"  id=\"row-790787373\">\r\n\r\n\n\t<div id=\"col-926543272\" class=\"col small-12 large-12\"  >\n\t\t\t\t<div class=\"col-inner\"  >\n\t\t\t\n\t\t\t\r\n\r\n\t<div id=\"text-4111581964\" class=\"text\">\n\t\t\r\n\r\n<p>Our Pebble Cushions offer you two options when purchasing: filled and unfilled cushion covers.<\/p>\r\n<p>If you choose to purchase the unfilled cushion cover (which is definitely tempting for the price), then you will need to fill it with a soft, sturdy yet fluffy filling, or you can fill it with your old clothes, old sheets and other textiles. Or you can get high-quality Premium Fiberfill at Walmart. Doing so will help you save some of the cost of your purchase. Each Pebble Cushion Cover has a discreet zipper along the bottom, great for maintaining the image of the pebbles, and for keeping your family comfortable while you use them. Just unzip to quickly fill the cushion with fiberfill. Likewise, it\u2019s just as easy to empty it when it comes time to wash it.<\/p>\r\n<p>If you shop for a stuffed pebble cushions, we will fill it well for you and guarantee that the stuffed polyester fiberfill inside is brand new, best quality, healthy &amp; ready for use immediately.<\/p>\r\n<p>Why is it recommended to buy \"Without Stuffing\" cushioncase?<\/p>\r\n<p>Our Pebble Cushions are HUGE when full. Since shipping is based on the size of the cushions, not the weight, we have to charge a lot more. Instead, you could purchase the Pebble Cushion Cover , fill it with Premium Fiberfill on your own, and save over 80% off the normal retail price.<\/p>\r\n\t\t\n<style>\n#text-4111581964 {\n  color: rgb(0,0,0);\n}\n#text-4111581964 > * {\n  color: rgb(0,0,0);\n}\n<\/style>\n\t<\/div>\n\t\r\n\r\n\t\t<\/div>\n\t\t\t\t\t<\/div>\n\n\t\r\n\r\n\n<style>\n#row-790787373 > .col > .col-inner {\n  padding: 20px 20px 10px 20px;\n  background-color: rgb(238, 238, 238);\n  border-radius: 5px;\n}\n<\/style>\n<\/div>\n","protected":false},"excerpt":{"rendered":"<ul>\n<li>Materi\u00e1l: Polar Fleece<\/li>\n<li>Mno\u017estv\u00ed: 6 kus\u016f v cen\u011b<\/li>\n<li>Rozm\u011bry: 40x20 palc\u016f; 20x14 palc\u016f; 20x10 palc\u016f; 14x9 palc\u016f; 12x7 palc\u016f; 7x4 palce<\/li>\n<li>Barva: Sv\u011btle \u0161ed\u00e1<\/li>\n<li>Vzor: Jednobarevn\u00fd p\u0159\u00edrodn\u00ed k\u00e1men<\/li>\n<li>V\u00fdpl\u0148ov\u00fd materi\u00e1l (pro variantu FRE-FILLED): V\u00fdpl\u0148 je z polyesterov\u00fdch vl\u00e1knit\u00fdch vl\u00e1ken, kter\u00e1 jsou explodov\u00e1na speci\u00e1ln\u00ed sm\u011bs\u00ed polyesterov\u00fdch vl\u00e1ken 100%, co\u017e vytv\u00e1\u0159\u00ed mimo\u0159\u00e1dnou odolnost. V\u00fdpl\u0148 m\u00e1 hladkou konzistenci a pevnou celistvost i po nes\u010detn\u00e9m pran\u00ed. V\u00fdpl\u0148 se z\u0159\u00eddka shlukuje a je hypoalergenn\u00ed.<\/li>\n<li>Tyto kamenn\u00e9 pol\u0161t\u00e1\u0159e, kter\u00e9 se vyzna\u010duj\u00ed dokonalou kombinac\u00ed tvrd\u00fdch kamenn\u00fdch tvar\u016f a m\u011bkk\u00fdch pol\u0161t\u00e1\u0159ov\u00fdch funkc\u00ed, lze pou\u017e\u00edt nejen jako v\u00fdraznou bytovou dekoraci na podlahu nebo n\u00e1bytek, ale tak\u00e9 jako zaj\u00edmav\u00e9 obejmut\u00ed nebo p\u0159ehoz pro v\u0161echny v\u011bkov\u00e9 kategorie.<\/li>\n<li>Verisimilar 3D ti\u0161t\u011bn\u00e9 kamenn\u00e9 pol\u0161t\u00e1\u0159e: Na prvn\u00ed pohled si nikdy nebudete myslet, \u017ee jsou to jen pol\u0161t\u00e1\u0159e. Pol\u0161t\u00e1\u0159 a \u201ek\u00e1men\u201c jsme dokonale zkombinovali pomoc\u00ed d\u016fmysln\u00e9ho designu. Elipsovit\u00fd tvar, elegantn\u00ed k\u0159ivka a vzor p\u0159\u00edrodn\u00edho kamene, to v\u0161e dohromady vytv\u00e1\u0159\u00ed dojem, \u017ee pol\u0161t\u00e1\u0159 vypad\u00e1 jako skute\u010dn\u00fd k\u00e1men. Tyto \u017eiv\u00e9 pol\u0161t\u00e1\u0159e d\u011blaj\u00ed z na\u0161eho domova zaj\u00edmav\u00e9 m\u00edsto.<\/li>\n<li>Co vid\u00edte, to dostanete.<\/li>\n<\/ul>","protected":false},"featured_media":58,"comment_status":"open","ping_status":"closed","template":"","meta":[],"product_brand":[],"product_cat":[15],"product_tag":[34,19,22,20,26,21,30,27],"class_list":{"0":"post-69","1":"product","2":"type-product","3":"status-publish","4":"has-post-thumbnail","6":"product_cat-livingstones","7":"product_tag-felt-rock-pillows","8":"product_tag-living-stone-pillows","9":"product_tag-pebble-cushions","10":"product_tag-pebble-pillows","11":"product_tag-rock-cushions","12":"product_tag-rock-pillows","13":"product_tag-soft-rock-pillows","14":"product_tag-stone-floor-pillows","16":"first","17":"instock","18":"featured","19":"shipping-taxable","20":"purchasable","21":"product-type-variable","22":"has-default-attributes"},"_links":{"self":[{"href":"https:\/\/www.pebblecushions.com\/cs\/wp-json\/wp\/v2\/product\/69","targetHints":{"allow":["GET"]}}],"collection":[{"href":"https:\/\/www.pebblecushions.com\/cs\/wp-json\/wp\/v2\/product"}],"about":[{"href":"https:\/\/www.pebblecushions.com\/cs\/wp-json\/wp\/v2\/types\/product"}],"replies":[{"embeddable":true,"href":"https:\/\/www.pebblecushions.com\/cs\/wp-json\/wp\/v2\/comments?post=69"}],"wp:featuredmedia":[{"embeddable":true,"href":"https:\/\/www.pebblecushions.com\/cs\/wp-json\/wp\/v2\/media\/58"}],"wp:attachment":[{"href":"https:\/\/www.pebblecushions.com\/cs\/wp-json\/wp\/v2\/media?parent=69"}],"wp:term":[{"taxonomy":"product_brand","embeddable":true,"href":"https:\/\/www.pebblecushions.com\/cs\/wp-json\/wp\/v2\/product_brand?post=69"},{"taxonomy":"product_cat","embeddable":true,"href":"https:\/\/www.pebblecushions.com\/cs\/wp-json\/wp\/v2\/product_cat?post=69"},{"taxonomy":"product_tag","embeddable":true,"href":"https:\/\/www.pebblecushions.com\/cs\/wp-json\/wp\/v2\/product_tag?post=69"}],"curies":[{"name":"wp","href":"https:\/\/api.w.org\/{rel}","templated":true}]}}