{"id":19034,"date":"2026-03-01T02:17:08","date_gmt":"2026-03-01T02:17:08","guid":{"rendered":"https:\/\/www.pebblecushions.com\/product\/neo-livingstones-pebble-cushions-pebble-pillows-rock-pillows-set"},"modified":"2026-03-02T20:26:46","modified_gmt":"2026-03-02T20:26:46","slug":"neo-livingstones-stenpuder-stenpuder-saet","status":"publish","type":"product","link":"https:\/\/www.pebblecushions.com\/da\/product\/neo-livingstones-pebble-cushions-pebble-pillows-rock-pillows-set","title":{"rendered":"Neo-LivingStones Stenpuder Stenpuder Stenpudes\u00e6t"},"content":{"rendered":"[zc_getpagecontent mb=&#8221;mb_aplus&#8221; apid=&#8221;165&#8243;]\n","protected":false},"excerpt":{"rendered":"<ul>\n<li>Mix og match st\u00f8rrelser: Soft Stone-hynderne f\u00e5s i seks forskellige st\u00f8rrelser (fra 20 cm til 95 cm lange) og kan stables, spredes eller grupperes for at skabe dit personlige, bl\u00f8de loungeomr\u00e5de. De er fantastiske som puffer, gulvs\u00e6der eller pyntepuder.<\/li>\n<li>Kvalitetsmateriale: Disse puder er lavet af bl\u00f8d, st\u00f8ttende polypropylen (PP) bomuld og premium komposit b\u00f8rstet polyesterstrikket stof og er perfekte til afslapning, siddende, afslapning eller endda fantasifuld leg. St\u00f8ttende, men alligevel plysagtige.<\/li>\n<li>Nem vedligeholdelse og ops\u00e6tning: Samlingsfri og let. Skridsikker bund for sikkerhed. Reng\u00f8r blot pletvis med en fugtig klud. Lynl\u00e5se kan l\u00e5ses op med en papirclips, n\u00e5r der er behov for adgang \u2013 se den medf\u00f8lgende fotoguide.<\/li>\n<li>Speciel fremstillingsteknik: Vi anvender avancerede panelsyningsteknikker i det udvendige design af vores produkter, hvilket sikrer et delikat og sofistikeret udseende.<\/li>\n<li>S\u00e6lges i 4 s\u00e6tkombinationer: V\u00e6lg mellem fire kuraterede s\u00e6t \u2013 se produktbilleder for det pr\u00e6cise indhold; du f\u00e5r, hvad du ser.<\/li>\n<li>Ny produktlancering: 90 dages prisgaranti. Hvis prisen falder inden for 90 dage, refunderer vi differencen.<\/li>\n<li>Returnerings- og ombytningspolitik: K\u00f8bere er ansvarlige for returforsendelsesomkostningerne i tilf\u00e6lde af returnering eller ombytning.<\/li>\n<\/ul>","protected":false},"featured_media":19016,"comment_status":"open","ping_status":"closed","template":"","meta":[],"product_brand":[],"product_cat":[15],"product_tag":[],"class_list":{"0":"post-19034","1":"product","2":"type-product","3":"status-publish","4":"has-post-thumbnail","6":"product_cat-livingstones","8":"first","9":"instock","10":"sold-individually","11":"shipping-taxable","12":"purchasable","13":"product-type-variable","14":"has-default-attributes"},"_links":{"self":[{"href":"https:\/\/www.pebblecushions.com\/da\/wp-json\/wp\/v2\/product\/19034","targetHints":{"allow":["GET"]}}],"collection":[{"href":"https:\/\/www.pebblecushions.com\/da\/wp-json\/wp\/v2\/product"}],"about":[{"href":"https:\/\/www.pebblecushions.com\/da\/wp-json\/wp\/v2\/types\/product"}],"replies":[{"embeddable":true,"href":"https:\/\/www.pebblecushions.com\/da\/wp-json\/wp\/v2\/comments?post=19034"}],"wp:featuredmedia":[{"embeddable":true,"href":"https:\/\/www.pebblecushions.com\/da\/wp-json\/wp\/v2\/media\/19016"}],"wp:attachment":[{"href":"https:\/\/www.pebblecushions.com\/da\/wp-json\/wp\/v2\/media?parent=19034"}],"wp:term":[{"taxonomy":"product_brand","embeddable":true,"href":"https:\/\/www.pebblecushions.com\/da\/wp-json\/wp\/v2\/product_brand?post=19034"},{"taxonomy":"product_cat","embeddable":true,"href":"https:\/\/www.pebblecushions.com\/da\/wp-json\/wp\/v2\/product_cat?post=19034"},{"taxonomy":"product_tag","embeddable":true,"href":"https:\/\/www.pebblecushions.com\/da\/wp-json\/wp\/v2\/product_tag?post=19034"}],"curies":[{"name":"wp","href":"https:\/\/api.w.org\/{rel}","templated":true}]}}