{"id":300,"date":"2022-04-08T12:14:58","date_gmt":"2022-04-08T12:14:58","guid":{"rendered":"https:\/\/www.pebblecushions.com\/product\/pebble-floor-stone-cushions-pebble-cushions-9037"},"modified":"2024-10-05T01:28:18","modified_gmt":"2024-10-05T01:28:18","slug":"stengulv-stenhynder-stenhynder-9037","status":"publish","type":"product","link":"https:\/\/www.pebblecushions.com\/da\/product\/pebble-floor-stone-cushions-pebble-cushions-9037","title":{"rendered":"Stengulv Stenhynder Stenhynder"},"content":{"rendered":"[zc_getpagecontent mb=&#8221;mb_aplus&#8221; apid=&#8221;20&#8243;]\n<hr \/>\n<p>Pattern: pebble stone<br \/>\nImported Type: decorative stone pillow<br \/>\nPackage includes: 7PCS Mix Sizes<br \/>\nCare: Spot clean by hand only<\/p>\n<p><strong>Benefits:<\/strong><\/p>\n<p>Bring pieces of nature into your home with eco-friendly design, Set a comfortable reading and relaxing space for your home.<br \/>\nFeatured in a perfect combination of hard stone shapes and soft pillow functions, these stone pillows can not only be used as a home decor but also an interesting hug or throw for all ages.<br \/>\nThese featured stone pillows are designed according simulation stone shapes and have realistic modeling appearance.<br \/>\nthey are suitable for various scenes and purposes: mixed rock like floor decorative pillows, \u00a0plush toy, \u00a0pebble pillows.<br \/>\nWonderful for kids room, children are especially fond of playing with them whenever and wherever they catch a sight.<br \/>\nCreative style attractive shape sewing with fine workmanship invisible zipper design.<\/p>\n<p><strong>Warm Tip:<\/strong><\/p>\n<p>1. Due to the different monitor and light effect, the actual color of the item might be slightly different from the color showed on the pictures.<br \/>\n2. Please allow 1-2 cm\/ 0.39-0.78 inch errors due to different manual measurement.<br \/>\n3. Please kindly use machine wash the cover of this cushion on cold and air dry; to ensure long-time softness, we suggest not to use iron, bleach, tumble dry or dry clean.<br \/>\n4. Customers&#8217; satisfaction is our top pursuit, please contact with us if you have any curiosity\/ questions\/ suggestions about the product or our service, we will give you a response as soon as possible.<\/p>\n<div class=\"row fill_option_note row-box-shadow-2\"  id=\"row-479509269\">\r\n\r\n\n\t<div id=\"col-1284457732\" class=\"col small-12 large-12\"  >\n\t\t\t\t<div class=\"col-inner\"  >\n\t\t\t\n\t\t\t\r\n\r\n\t<div id=\"text-112331563\" class=\"text\">\n\t\t\r\n\r\n<p>Our Pebble Cushions offer you two options when purchasing: filled and unfilled cushion covers.<\/p>\r\n<p>If you choose to purchase the unfilled cushion cover (which is definitely tempting for the price), then you will need to fill it with a soft, sturdy yet fluffy filling, or you can fill it with your old clothes, old sheets and other textiles. Or you can get high-quality Premium Fiberfill at Walmart. Doing so will help you save some of the cost of your purchase. Each Pebble Cushion Cover has a discreet zipper along the bottom, great for maintaining the image of the pebbles, and for keeping your family comfortable while you use them. Just unzip to quickly fill the cushion with fiberfill. Likewise, it\u2019s just as easy to empty it when it comes time to wash it.<\/p>\r\n<p>If you shop for a stuffed pebble cushions, we will fill it well for you and guarantee that the stuffed polyester fiberfill inside is brand new, best quality, healthy &amp; ready for use immediately.<\/p>\r\n<p>Why is it recommended to buy \"Without Stuffing\" cushioncase?<\/p>\r\n<p>Our Pebble Cushions are HUGE when full. Since shipping is based on the size of the cushions, not the weight, we have to charge a lot more. Instead, you could purchase the Pebble Cushion Cover , fill it with Premium Fiberfill on your own, and save over 80% off the normal retail price.<\/p>\r\n\t\t\n<style>\n#text-112331563 {\n  color: rgb(0,0,0);\n}\n#text-112331563 > * {\n  color: rgb(0,0,0);\n}\n<\/style>\n\t<\/div>\n\t\r\n\r\n\t\t<\/div>\n\t\t\t\t\t<\/div>\n\n\t\r\n\r\n\n<style>\n#row-479509269 > .col > .col-inner {\n  padding: 20px 20px 10px 20px;\n  background-color: rgb(238, 238, 238);\n  border-radius: 5px;\n}\n<\/style>\n<\/div>\n","protected":false},"excerpt":{"rendered":"<ul>\n<li>Materiale: Betr\u00e6kket p\u00e5 denne realistiske stenpude er lavet af fl\u00f8jl, let at reng\u00f8re og super behageligt at l\u00e6ne sig op ad.<\/li>\n<li>Fyldmateriale (til FRE-FILLED-muligheden): Fyldstoffet er polyesterfiberfyld, der er opl\u00f8st af den specielle blanding af 100% polyesterfibre, hvilket skaber ekstraordin\u00e6r modstandsdygtighed. Fyldstoffet har en glat konsistens og st\u00e6rk integritet, der kan klares utallige gange. Fyldstoffet klumper sj\u00e6ldent og er ikke-allergifremkaldende.<\/li>\n<li>Naturinspireret design: Disse stenpuder er designet til at ligne sten; de har et realistisk udseende med bl\u00f8dheden og komforten af en pude.<\/li>\n<li>Funktioner: Kan bruges som gulvt\u00e6ppe, stol, sofa, divan, udend\u00f8rs hynder, pyntepuder, kilepuder; Fantastisk til lange ture og camping; boligindretning, b\u00f8rns t\u00f8jdyr, kreative gaver, ogs\u00e5 som rekvisitter til et fotostudie eller leg; Unik gaveid\u00e9 til f\u00f8dselsdag, jul, indflytterfest, venskab, Valentinsdag osv.<\/li>\n<li>Fordele: Unik dekorativ detalje til dit hjem, stue, b\u00f8rnev\u00e6relse, kollegiev\u00e6relse, kontor, terrasse eller bil, legeplads, legerum, spillerum, have, b\u00f8rnehave, skole, fotostudie, hotel, klub, bar, yogacenter, modeshow, bilshow og andre steder.<\/li>\n<li>Nem at reng\u00f8re: Den usynlige lynl\u00e5s g\u00f8r betr\u00e6kket aftageligt og vaskbart; H\u00e5ndvask er acceptabelt.<\/li>\n<li>Pakken indeholder: 7 stk.\/s\u00e6t, St\u00f8rrelse: #1 30x17 tommer, #2 23x14 tommer, #3 21x12 tommer, #4 20x11 tommer, #5 15x9 tommer, #6 12x8 tommer, #7 8x8 tommer.<\/li>\n<li>Advarsel om forsinket levering: Nuv\u00e6rende varer vil blive sendt inden for 72 timer efter betaling, leveret inden for 10-20 dage.<\/li>\n<\/ul>","protected":false},"featured_media":289,"comment_status":"open","ping_status":"closed","template":"","meta":[],"product_brand":[],"product_cat":[17],"product_tag":[19,35,22,20,24,26,21,29,32],"class_list":{"0":"post-300","1":"product","2":"type-product","3":"status-publish","4":"has-post-thumbnail","6":"product_cat-pebble-cushions","7":"product_tag-living-stone-pillows","8":"product_tag-livingstones","9":"product_tag-pebble-cushions","10":"product_tag-pebble-pillows","11":"product_tag-pebble-seats","12":"product_tag-rock-cushions","13":"product_tag-rock-pillows","14":"product_tag-stone-cushions","15":"product_tag-stone-pillows","17":"first","18":"instock","19":"shipping-taxable","20":"purchasable","21":"product-type-variable","22":"has-default-attributes"},"_links":{"self":[{"href":"https:\/\/www.pebblecushions.com\/da\/wp-json\/wp\/v2\/product\/300","targetHints":{"allow":["GET"]}}],"collection":[{"href":"https:\/\/www.pebblecushions.com\/da\/wp-json\/wp\/v2\/product"}],"about":[{"href":"https:\/\/www.pebblecushions.com\/da\/wp-json\/wp\/v2\/types\/product"}],"replies":[{"embeddable":true,"href":"https:\/\/www.pebblecushions.com\/da\/wp-json\/wp\/v2\/comments?post=300"}],"wp:featuredmedia":[{"embeddable":true,"href":"https:\/\/www.pebblecushions.com\/da\/wp-json\/wp\/v2\/media\/289"}],"wp:attachment":[{"href":"https:\/\/www.pebblecushions.com\/da\/wp-json\/wp\/v2\/media?parent=300"}],"wp:term":[{"taxonomy":"product_brand","embeddable":true,"href":"https:\/\/www.pebblecushions.com\/da\/wp-json\/wp\/v2\/product_brand?post=300"},{"taxonomy":"product_cat","embeddable":true,"href":"https:\/\/www.pebblecushions.com\/da\/wp-json\/wp\/v2\/product_cat?post=300"},{"taxonomy":"product_tag","embeddable":true,"href":"https:\/\/www.pebblecushions.com\/da\/wp-json\/wp\/v2\/product_tag?post=300"}],"curies":[{"name":"wp","href":"https:\/\/api.w.org\/{rel}","templated":true}]}}