{"id":5211,"date":"2024-10-05T03:00:22","date_gmt":"2024-10-05T03:00:22","guid":{"rendered":"https:\/\/www.pebblecushions.com\/product\/headboard-pillow-white-plush-large-wedge-reading-pillow"},"modified":"2026-03-24T02:16:36","modified_gmt":"2026-03-24T02:16:36","slug":"hovedgaerdepude-hvid-plys-stor-kileformet-laesepude","status":"publish","type":"product","link":"https:\/\/www.pebblecushions.com\/da\/product\/headboard-pillow-white-plush-large-wedge-reading-pillow","title":{"rendered":"Hovedg\u00e6rdepude Hvid Plys Stor Kile L\u00e6sepude"},"content":{"rendered":"","protected":false},"excerpt":{"rendered":"<ul>\n<li><strong>MULTIFUNKTIONALITET:<\/strong> Vores kileformede sengepude er mere end blot en hovedg\u00e6rdepude, den underst\u00f8tter en r\u00e6kke forskellige anvendelser og kan bruges som et ideelt hj\u00e6lpemiddel til rygst\u00f8tte, benl\u00f8ftning, l\u00e6sning, tv-sening og mange andre stillinger, der opfylder dine mange behov.<\/li>\n<li><strong>ERGONOMISK DESIGN:<\/strong> Intim pleje, ergonomisk opfindsomhed. Giver dig den mest komfortable st\u00f8tte, reducerer trykket p\u00e5 nakke- og l\u00e6ndehvirvlerne, og nyd hvert \u00f8jeblik af komfort og hygge.<\/li>\n<li><strong>KOMFORTABILITET:<\/strong> Den store trekantede kilepude er lavet af materialer af h\u00f8j kvalitet og med en delikat forarbejdningsteknologi, der sikrer kilehovedpudens bl\u00f8dhed og komfort, s\u00e5 du kan nyde den intime pasform samt den varme og behagelige f\u00f8lelse.<\/li>\n<li><strong>MATERIALE:<\/strong> Rygpuderne til dagsengen er lavet af stoffer af h\u00f8j kvalitet, der er bl\u00f8de og hudvenlige, kr\u00f8lfrie og slidst\u00e6rke, hvilket giver dig en behagelig f\u00f8lelse og fremragende \u00e5ndbarhed, s\u00e5 du holder dig t\u00f8r og komfortabel.<\/li>\n<li><strong>LET AT RENG\u00d8RE:<\/strong> Kilepuden har aftageligt og vaskbart betr\u00e6k for nem pleje, s\u00e5 du altid har et frisk og ryddeligt hvilemilj\u00f8.<\/li>\n<li><strong>St\u00f8rrelse:<\/strong> 60 cm (60*20*50 cm), 80 cm (80*20*50 cm), 100 cm (100*20*50 cm), 120 cm (120*20*50 cm), 140 cm (140*20*50 cm), 160 cm (160*20*50 cm), 180 cm (180*20*50 cm), 200 cm (200*20*50 cm)<\/li>\n<\/ul>","protected":false},"featured_media":5199,"comment_status":"open","ping_status":"closed","template":"","meta":[],"product_brand":[],"product_cat":[55],"product_tag":[],"class_list":{"0":"post-5211","1":"product","2":"type-product","3":"status-publish","4":"has-post-thumbnail","6":"product_cat-living-cushions","8":"first","9":"instock","10":"featured","11":"sold-individually","12":"shipping-taxable","13":"purchasable","14":"product-type-variable","15":"has-default-attributes"},"_links":{"self":[{"href":"https:\/\/www.pebblecushions.com\/da\/wp-json\/wp\/v2\/product\/5211","targetHints":{"allow":["GET"]}}],"collection":[{"href":"https:\/\/www.pebblecushions.com\/da\/wp-json\/wp\/v2\/product"}],"about":[{"href":"https:\/\/www.pebblecushions.com\/da\/wp-json\/wp\/v2\/types\/product"}],"replies":[{"embeddable":true,"href":"https:\/\/www.pebblecushions.com\/da\/wp-json\/wp\/v2\/comments?post=5211"}],"wp:featuredmedia":[{"embeddable":true,"href":"https:\/\/www.pebblecushions.com\/da\/wp-json\/wp\/v2\/media\/5199"}],"wp:attachment":[{"href":"https:\/\/www.pebblecushions.com\/da\/wp-json\/wp\/v2\/media?parent=5211"}],"wp:term":[{"taxonomy":"product_brand","embeddable":true,"href":"https:\/\/www.pebblecushions.com\/da\/wp-json\/wp\/v2\/product_brand?post=5211"},{"taxonomy":"product_cat","embeddable":true,"href":"https:\/\/www.pebblecushions.com\/da\/wp-json\/wp\/v2\/product_cat?post=5211"},{"taxonomy":"product_tag","embeddable":true,"href":"https:\/\/www.pebblecushions.com\/da\/wp-json\/wp\/v2\/product_tag?post=5211"}],"curies":[{"name":"wp","href":"https:\/\/api.w.org\/{rel}","templated":true}]}}