{"id":5335,"date":"2024-10-18T03:29:47","date_gmt":"2024-10-18T03:29:47","guid":{"rendered":"https:\/\/www.pebblecushions.com\/product\/large-wedge-reading-pillow-for-bed-daybed-bolster-backrest-white"},"modified":"2025-09-22T03:52:01","modified_gmt":"2025-09-22T03:52:01","slug":"stor-kileformet-laesepude-til-seng-dagseng-ryglaen-hvid","status":"publish","type":"product","link":"https:\/\/www.pebblecushions.com\/da\/product\/large-wedge-reading-pillow-for-bed-daybed-bolster-backrest-white","title":{"rendered":"Stor kileformet l\u00e6sepude til seng, dagseng, rygl\u00e6n, hvid"},"content":{"rendered":"","protected":false},"excerpt":{"rendered":"<ul>\n<li>Ultimativ komfort: Denne xl hovedg\u00e6rdepude tilbyder fremragende komfort takket v\u00e6re dens trekantede form. Sengest\u00f8ttepuden passer perfekt til ryggen og taljen og minimerer trykket p\u00e5 l\u00e6nden\/ryggen. Denne kileformede l\u00e6sepude kan hj\u00e6lpe dig med at forblive sp\u00e6ndingsfri i sengen eller sofaen, hvilket er ideelt til arbejdende natteravne, bogorme og til at se tv i sengen. Denne ekstra store bolsterpude er den eneste kileformede hovedg\u00e6rdepude, der kan rumme to personer.<\/li>\n<li>3-i-1 stor pude til hovedg\u00e6rdet: Du kan bruge puden oprejst som rygst\u00f8tte til hovedg\u00e6rdet, n\u00e5r du sidder i sengen, eller l\u00e6gge den fladt p\u00e5 sengen for at bruge den som en stor kilepude, n\u00e5r du sover p\u00e5 ryggen eller siden, eller som en benpude til at l\u00f8fte dine ben. Hvis du \u00f8nsker en stor hovedg\u00e6rdepude, der giver st\u00f8tte til b\u00e5de dig og din \u00e6gtef\u00e6lle, er det et glimrende alternativ.<\/li>\n<li>Multifunktionelt design: Nogle bruger den store trekantede pude som hovedg\u00e6rdepude, mens andre bruger den som en pude til rygl\u00e6net. Den kan ogs\u00e5 bruges som en rygl\u00e6nspude til sofaen eller dagsengen. Den er b\u00e5de stilfuld og funktionel, hvilket g\u00f8r den til en fremragende tilf\u00f8jelse til ethvert sovev\u00e6relse.<\/li>\n<li>Overlegent h\u00e5ndv\u00e6rk: Pudebetr\u00e6kket har et fl\u00f8jlslook og er fremstillet af 100% polyester. Vores hovedg\u00e6rdepude er \u00e5ndbar og behagelig nok til at holde formen og ikke miste den med tiden. En sidelomme p\u00e5 hver side giver dig mulighed for at opbevare din bog eller din telefon.<\/li>\n<li>Nem at vaske: L\u00e6sepudebetr\u00e6kket er fastgjort til puden med knapper og er nemt at fjerne med en simpel lynl\u00e5s. Dette g\u00f8r reng\u00f8ringen problemfri. Du skal blot fjerne betr\u00e6kket og vaske det hurtigt i maskine, s\u00e5 din pude ser ud som ny.<\/li>\n<li><strong>St\u00f8rrelse:<\/strong> 60 cm (60*20*50 cm, 2 knapper), 80 cm (80*20*50 cm, 2 knapper), 100 cm (100*20*50 cm, 3 knapper), 120 cm (120*20*50 cm, 4 knapper), 140 cm (140*20*50 cm, 4 knapper), 160 cm (160*20*50 cm, 5 knapper), 180 cm (180*20*50 cm, 6 knapper), 200 cm (200*20*50 cm, 7 knapper)<\/li>\n<\/ul>","protected":false},"featured_media":5319,"comment_status":"open","ping_status":"closed","template":"","meta":[],"product_brand":[],"product_cat":[55],"product_tag":[],"class_list":{"0":"post-5335","1":"product","2":"type-product","3":"status-publish","4":"has-post-thumbnail","6":"product_cat-living-cushions","8":"first","9":"instock","10":"featured","11":"shipping-taxable","12":"purchasable","13":"product-type-variable","14":"has-default-attributes"},"_links":{"self":[{"href":"https:\/\/www.pebblecushions.com\/da\/wp-json\/wp\/v2\/product\/5335","targetHints":{"allow":["GET"]}}],"collection":[{"href":"https:\/\/www.pebblecushions.com\/da\/wp-json\/wp\/v2\/product"}],"about":[{"href":"https:\/\/www.pebblecushions.com\/da\/wp-json\/wp\/v2\/types\/product"}],"replies":[{"embeddable":true,"href":"https:\/\/www.pebblecushions.com\/da\/wp-json\/wp\/v2\/comments?post=5335"}],"wp:featuredmedia":[{"embeddable":true,"href":"https:\/\/www.pebblecushions.com\/da\/wp-json\/wp\/v2\/media\/5319"}],"wp:attachment":[{"href":"https:\/\/www.pebblecushions.com\/da\/wp-json\/wp\/v2\/media?parent=5335"}],"wp:term":[{"taxonomy":"product_brand","embeddable":true,"href":"https:\/\/www.pebblecushions.com\/da\/wp-json\/wp\/v2\/product_brand?post=5335"},{"taxonomy":"product_cat","embeddable":true,"href":"https:\/\/www.pebblecushions.com\/da\/wp-json\/wp\/v2\/product_cat?post=5335"},{"taxonomy":"product_tag","embeddable":true,"href":"https:\/\/www.pebblecushions.com\/da\/wp-json\/wp\/v2\/product_tag?post=5335"}],"curies":[{"name":"wp","href":"https:\/\/api.w.org\/{rel}","templated":true}]}}