{"id":94,"date":"2021-10-03T12:01:03","date_gmt":"2021-10-03T12:01:03","guid":{"rendered":"https:\/\/www.pebblecushions.com\/product\/rock-stone-pebble-pillows-decorative-floor-pillows-accent-throw-pillows-kids-room-pillows-7-pieces-9012\/"},"modified":"2025-12-21T19:27:32","modified_gmt":"2025-12-21T19:27:32","slug":"puder-der-ligner-sten-stenpuder-9012","status":"publish","type":"product","link":"https:\/\/www.pebblecushions.com\/da\/product\/pillows-that-look-like-rocks-stone-pillows-9012","title":{"rendered":"Puder der ligner sten"},"content":{"rendered":"[zc_getpagecontent mb=&#8221;mb_aplus&#8221; apid=&#8221;20&#8243;]\n<div class=\"row fill_option_note row-box-shadow-2\"  id=\"row-1075993616\">\r\n\r\n\n\t<div id=\"col-1955852396\" class=\"col small-12 large-12\"  >\n\t\t\t\t<div class=\"col-inner\"  >\n\t\t\t\n\t\t\t\r\n\r\n\t<div id=\"text-310485701\" class=\"text\">\n\t\t\r\n\r\n<p>Our Pebble Cushions offer you two options when purchasing: filled and unfilled cushion covers.<\/p>\r\n<p>If you choose to purchase the unfilled cushion cover (which is definitely tempting for the price), then you will need to fill it with a soft, sturdy yet fluffy filling, or you can fill it with your old clothes, old sheets and other textiles. Or you can get high-quality Premium Fiberfill at Walmart. Doing so will help you save some of the cost of your purchase. Each Pebble Cushion Cover has a discreet zipper along the bottom, great for maintaining the image of the pebbles, and for keeping your family comfortable while you use them. Just unzip to quickly fill the cushion with fiberfill. Likewise, it\u2019s just as easy to empty it when it comes time to wash it.<\/p>\r\n<p>If you shop for a stuffed pebble cushions, we will fill it well for you and guarantee that the stuffed polyester fiberfill inside is brand new, best quality, healthy &amp; ready for use immediately.<\/p>\r\n<p>Why is it recommended to buy \"Without Stuffing\" cushioncase?<\/p>\r\n<p>Our Pebble Cushions are HUGE when full. Since shipping is based on the size of the cushions, not the weight, we have to charge a lot more. Instead, you could purchase the Pebble Cushion Cover , fill it with Premium Fiberfill on your own, and save over 80% off the normal retail price.<\/p>\r\n\t\t\n<style>\n#text-310485701 {\n  color: rgb(0,0,0);\n}\n#text-310485701 > * {\n  color: rgb(0,0,0);\n}\n<\/style>\n\t<\/div>\n\t\r\n\r\n\t\t<\/div>\n\t\t\t\t\t<\/div>\n\n\t\r\n\r\n\n<style>\n#row-1075993616 > .col > .col-inner {\n  padding: 20px 20px 10px 20px;\n  background-color: rgb(238, 238, 238);\n  border-radius: 5px;\n}\n<\/style>\n<\/div>\n","protected":false},"excerpt":{"rendered":"<ul>\n<li>Pudebetr\u00e6k i fl\u00f8jl (100% polyester) uden fyld<\/li>\n<li>Premium kvalitet: Lavet af bl\u00f8dt og tykt fl\u00f8jlsmateriale, t\u00e6tte syninger giver bedre holdbarhed og undg\u00e5r flosning og rivning. Det robuste skjulte lynl\u00e5sdesign g\u00f8r ogs\u00e5 pudebetr\u00e6kket let aftageligt og vaskbart.<\/li>\n<li>Kreativt design: Designeren bruger natursten som hovedgenstand og designer forskellige stilarter af stenpuder. Disse realistiske stenpuder giver dig en rig, naturlig atmosf\u00e6re indend\u00f8rs.<\/li>\n<li>Dekorativ pude: Hvis du leder efter noget anderledes til din stueindretning, s\u00e5 m\u00e5 du ikke g\u00e5 glip af de livlige stenpuder til gulvet. Disse stenpuder tilf\u00f8jer et stilfuldt pr\u00e6g til dit v\u00e6relse, og de kan \u00e6ndre udseendet af et rum p\u00e5 en hurtig og nem m\u00e5de for at g\u00f8re din boligstil unik. Stue, sofa, seng, indend\u00f8rs, terrasse, gulv, udend\u00f8rs, sovev\u00e6relse, kontor osv.<\/li>\n<li>Vi tror, at dine b\u00f8rn vil elske denne ekstremt bl\u00f8de stenpude i forskellige former, fordi det er deres sl\u00e6gtninge, der leger med den. Brug disse stenpuder til at komme t\u00e6ttere p\u00e5 dine b\u00f8rn og \u00f8ge k\u00e6rligheden mellem dig og dit barn under legen.<\/li>\n<li>Giv din beskedne bolig en jordn\u00e6r stemning ved at skabe det ideelle afslapningsmilj\u00f8 med disse stenpuder. Forkl\u00e6dt som en bunke h\u00e5rde sten er hver pude lavet af stof af h\u00f8jeste kvalitet og f\u00e5s i forskellige st\u00f8rrelser og finish for at skabe et realistisk landskab.<\/li>\n<li>Antal: 7 stk. \/ s\u00e6t<\/li>\n<li>St\u00f8rrelse: #1 76x43 cm, #2 59x33 cm, #3 59x30 cm, #4 59x28 cm, #5 35x23 cm, #6 30x20 cm, #7 20x20 cm<\/li>\n<\/ul>","protected":false},"featured_media":87,"comment_status":"open","ping_status":"closed","template":"","meta":[],"product_brand":[],"product_cat":[18],"product_tag":[25,19,33,28,20,21,29,32],"class_list":{"0":"post-94","1":"product","2":"type-product","3":"status-publish","4":"has-post-thumbnail","6":"product_cat-pebble-seats","7":"product_tag-floor-cushion","8":"product_tag-living-stone-pillows","9":"product_tag-livingstone-pillows","10":"product_tag-pebble-floor-cushions","11":"product_tag-pebble-pillows","12":"product_tag-rock-pillows","13":"product_tag-stone-cushions","14":"product_tag-stone-pillows","16":"first","17":"instock","18":"featured","19":"shipping-taxable","20":"purchasable","21":"product-type-variable","22":"has-default-attributes"},"_links":{"self":[{"href":"https:\/\/www.pebblecushions.com\/da\/wp-json\/wp\/v2\/product\/94","targetHints":{"allow":["GET"]}}],"collection":[{"href":"https:\/\/www.pebblecushions.com\/da\/wp-json\/wp\/v2\/product"}],"about":[{"href":"https:\/\/www.pebblecushions.com\/da\/wp-json\/wp\/v2\/types\/product"}],"replies":[{"embeddable":true,"href":"https:\/\/www.pebblecushions.com\/da\/wp-json\/wp\/v2\/comments?post=94"}],"wp:featuredmedia":[{"embeddable":true,"href":"https:\/\/www.pebblecushions.com\/da\/wp-json\/wp\/v2\/media\/87"}],"wp:attachment":[{"href":"https:\/\/www.pebblecushions.com\/da\/wp-json\/wp\/v2\/media?parent=94"}],"wp:term":[{"taxonomy":"product_brand","embeddable":true,"href":"https:\/\/www.pebblecushions.com\/da\/wp-json\/wp\/v2\/product_brand?post=94"},{"taxonomy":"product_cat","embeddable":true,"href":"https:\/\/www.pebblecushions.com\/da\/wp-json\/wp\/v2\/product_cat?post=94"},{"taxonomy":"product_tag","embeddable":true,"href":"https:\/\/www.pebblecushions.com\/da\/wp-json\/wp\/v2\/product_tag?post=94"}],"curies":[{"name":"wp","href":"https:\/\/api.w.org\/{rel}","templated":true}]}}