{"id":19034,"date":"2026-03-01T02:17:08","date_gmt":"2026-03-01T02:17:08","guid":{"rendered":"https:\/\/www.pebblecushions.com\/product\/neo-livingstones-pebble-cushions-pebble-pillows-rock-pillows-set"},"modified":"2026-03-02T20:26:46","modified_gmt":"2026-03-02T20:26:46","slug":"neo-livingstones-kieselsteinkissen-kieselsteinkissen-steinkissen-set","status":"publish","type":"product","link":"https:\/\/www.pebblecushions.com\/de\/product\/neo-livingstones-pebble-cushions-pebble-pillows-rock-pillows-set","title":{"rendered":"Neo-LivingStones Kieselkissen, Kieselsteinkissen, Steinkissen-Set"},"content":{"rendered":"[zc_getpagecontent mb=&#8221;mb_aplus&#8221; apid=&#8221;165&#8243;]\n","protected":false},"excerpt":{"rendered":"<ul>\n<li>Kombinieren Sie die Gr\u00f6\u00dfen: Die Soft Stone Kissen sind in sechs verschiedenen Gr\u00f6\u00dfen (von 20 cm bis 95 cm L\u00e4nge) erh\u00e4ltlich und lassen sich stapeln, einzeln anordnen oder gruppieren, um Ihre individuelle Lounge-Ecke zu gestalten. Ideal als Hocker, Bodenkissen oder Dekokissen.<\/li>\n<li>Hochwertiges Material: Hergestellt aus weichem, st\u00fctzendem Polypropylen (PP)-Baumwollgewebe und hochwertigem, geb\u00fcrstetem Polyester-Strickgewebe, eignen sich diese Kissen perfekt zum Entspannen, Sitzen, Faulenzen oder auch zum fantasievollen Spielen. St\u00fctzend und gleichzeitig weich.<\/li>\n<li>Einfache Wartung &amp; Aufbau: Kein Aufbau n\u00f6tig und leicht. Rutschfester Boden f\u00fcr mehr Sicherheit. Flecken lassen sich einfach mit einem feuchten Tuch entfernen. Rei\u00dfverschl\u00fcsse k\u00f6nnen bei Bedarf mit einer B\u00fcroklammer ge\u00f6ffnet werden \u2013 siehe beiliegende Fotoanleitung.<\/li>\n<li>Spezielle Fertigungstechnik: Wir verwenden fortschrittliche Paneeln\u00e4htechniken f\u00fcr das \u00e4u\u00dfere Design unserer Produkte, um ein feines und anspruchsvolles Erscheinungsbild zu gew\u00e4hrleisten.<\/li>\n<li>Erh\u00e4ltlich in 4 Set-Kombinationen: W\u00e4hlen Sie aus vier sorgf\u00e4ltig zusammengestellten Sets \u2013 die genauen Set-Inhalte entnehmen Sie bitte den Produktbildern; Sie erhalten genau das, was Sie sehen.<\/li>\n<li>Neue Produkteinf\u00fchrung: 90-Tage-Preisgarantie. Sollte der Preis innerhalb von 90 Tagen sinken, erstatten wir Ihnen die Differenz.<\/li>\n<li>R\u00fcckgabe- und Umtauschrichtlinie: K\u00e4ufer tragen die Kosten f\u00fcr den R\u00fcckversand im Falle einer R\u00fcckgabe oder eines Umtauschs.<\/li>\n<\/ul>","protected":false},"featured_media":19016,"comment_status":"open","ping_status":"closed","template":"","meta":[],"product_brand":[],"product_cat":[15],"product_tag":[],"class_list":{"0":"post-19034","1":"product","2":"type-product","3":"status-publish","4":"has-post-thumbnail","6":"product_cat-livingstones","8":"first","9":"instock","10":"sold-individually","11":"shipping-taxable","12":"purchasable","13":"product-type-variable","14":"has-default-attributes"},"_links":{"self":[{"href":"https:\/\/www.pebblecushions.com\/de\/wp-json\/wp\/v2\/product\/19034","targetHints":{"allow":["GET"]}}],"collection":[{"href":"https:\/\/www.pebblecushions.com\/de\/wp-json\/wp\/v2\/product"}],"about":[{"href":"https:\/\/www.pebblecushions.com\/de\/wp-json\/wp\/v2\/types\/product"}],"replies":[{"embeddable":true,"href":"https:\/\/www.pebblecushions.com\/de\/wp-json\/wp\/v2\/comments?post=19034"}],"wp:featuredmedia":[{"embeddable":true,"href":"https:\/\/www.pebblecushions.com\/de\/wp-json\/wp\/v2\/media\/19016"}],"wp:attachment":[{"href":"https:\/\/www.pebblecushions.com\/de\/wp-json\/wp\/v2\/media?parent=19034"}],"wp:term":[{"taxonomy":"product_brand","embeddable":true,"href":"https:\/\/www.pebblecushions.com\/de\/wp-json\/wp\/v2\/product_brand?post=19034"},{"taxonomy":"product_cat","embeddable":true,"href":"https:\/\/www.pebblecushions.com\/de\/wp-json\/wp\/v2\/product_cat?post=19034"},{"taxonomy":"product_tag","embeddable":true,"href":"https:\/\/www.pebblecushions.com\/de\/wp-json\/wp\/v2\/product_tag?post=19034"}],"curies":[{"name":"wp","href":"https:\/\/api.w.org\/{rel}","templated":true}]}}