{"id":279,"date":"2022-04-08T12:06:41","date_gmt":"2022-04-08T12:06:41","guid":{"rendered":"https:\/\/www.pebblecushions.com\/product\/decorative-pebble-floor-cushions-pebble-cushions-9039"},"modified":"2024-10-05T01:28:18","modified_gmt":"2024-10-05T01:28:18","slug":"dekorative-kieselstein-bodenkissen-kieselsteinkissen-9039","status":"publish","type":"product","link":"https:\/\/www.pebblecushions.com\/de\/product\/decorative-pebble-floor-cushions-pebble-cushions-9039","title":{"rendered":"Dekorative Kieselstein-Bodenkissen Kieselstein-Kissen"},"content":{"rendered":"[zc_getpagecontent mb=&#8221;mb_aplus&#8221; apid=&#8221;20&#8243;]\n<hr \/>\n<p>Pattern: pebble stone<br \/>\nImported Type: decorative stone pillow<br \/>\nPackage includes: 7PCS Mix Sizes<br \/>\nCare: Spot clean by hand only<\/p>\n<p><strong>Benefits:<\/strong><\/p>\n<p>Bring pieces of nature into your home with eco-friendly design, Set a comfortable reading and relaxing space for your home.<br \/>\nFeatured in a perfect combination of hard stone shapes and soft pillow functions, these stone pillows can not only be used as a home decor but also an interesting hug or throw for all ages.<br \/>\nThese featured stone pillows are designed according simulation stone shapes and have realistic modeling appearance.<br \/>\nthey are suitable for various scenes and purposes: mixed rock like floor decorative pillows, \u00a0plush toy, \u00a0pebble pillows.<br \/>\nWonderful for kids room, children are especially fond of playing with them whenever and wherever they catch a sight.<br \/>\nCreative style attractive shape sewing with fine workmanship invisible zipper design.<\/p>\n<p><strong>Warm Tip:<\/strong><\/p>\n<p>1. Due to the different monitor and light effect, the actual color of the item might be slightly different from the color showed on the pictures.<br \/>\n2. Please allow 1-2 cm\/ 0.39-0.78 inch errors due to different manual measurement.<br \/>\n3. Please kindly use machine wash the cover of this cushion on cold and air dry; to ensure long-time softness, we suggest not to use iron, bleach, tumble dry or dry clean.<br \/>\n4. Customers&#8217; satisfaction is our top pursuit, please contact with us if you have any curiosity\/ questions\/ suggestions about the product or our service, we will give you a response as soon as possible.<\/p>\n<div class=\"row fill_option_note row-box-shadow-2\"  id=\"row-697616770\">\r\n\r\n\n\t<div id=\"col-984378461\" class=\"col small-12 large-12\"  >\n\t\t\t\t<div class=\"col-inner\"  >\n\t\t\t\n\t\t\t\r\n\r\n\t<div id=\"text-4147212469\" class=\"text\">\n\t\t\r\n\r\n<p>Our Pebble Cushions offer you two options when purchasing: filled and unfilled cushion covers.<\/p>\r\n<p>If you choose to purchase the unfilled cushion cover (which is definitely tempting for the price), then you will need to fill it with a soft, sturdy yet fluffy filling, or you can fill it with your old clothes, old sheets and other textiles. Or you can get high-quality Premium Fiberfill at Walmart. Doing so will help you save some of the cost of your purchase. Each Pebble Cushion Cover has a discreet zipper along the bottom, great for maintaining the image of the pebbles, and for keeping your family comfortable while you use them. Just unzip to quickly fill the cushion with fiberfill. Likewise, it\u2019s just as easy to empty it when it comes time to wash it.<\/p>\r\n<p>If you shop for a stuffed pebble cushions, we will fill it well for you and guarantee that the stuffed polyester fiberfill inside is brand new, best quality, healthy &amp; ready for use immediately.<\/p>\r\n<p>Why is it recommended to buy \"Without Stuffing\" cushioncase?<\/p>\r\n<p>Our Pebble Cushions are HUGE when full. Since shipping is based on the size of the cushions, not the weight, we have to charge a lot more. Instead, you could purchase the Pebble Cushion Cover , fill it with Premium Fiberfill on your own, and save over 80% off the normal retail price.<\/p>\r\n\t\t\n<style>\n#text-4147212469 {\n  color: rgb(0,0,0);\n}\n#text-4147212469 > * {\n  color: rgb(0,0,0);\n}\n<\/style>\n\t<\/div>\n\t\r\n\r\n\t\t<\/div>\n\t\t\t\t\t<\/div>\n\n\t\r\n\r\n\n<style>\n#row-697616770 > .col > .col-inner {\n  padding: 20px 20px 10px 20px;\n  background-color: rgb(238, 238, 238);\n  border-radius: 5px;\n}\n<\/style>\n<\/div>\n","protected":false},"excerpt":{"rendered":"<ul>\n<li>Material: Der Bezug dieses realistischen Felssteinkissens ist aus Samt, leicht zu reinigen und super bequem zum Anlehnen.<\/li>\n<li>F\u00fcllmaterial (f\u00fcr die Option FRE-FILLED): Die F\u00fcllung besteht aus Polyesterfasern, die durch die spezielle Mischung von 100% Polyesterfasern explodieren und eine au\u00dfergew\u00f6hnliche Elastizit\u00e4t erzeugen. Die F\u00fcllung hat eine glatte Konsistenz und ist auch nach unz\u00e4hligen W\u00e4schen noch stabil. Die F\u00fcllung verklumpt selten und ist nicht allergen.<\/li>\n<li>Von der Natur inspiriertes Design: Diese Felsenkissen wurden so entworfen, dass sie Felsensteinen \u00e4hneln; sie bieten ein realistisches Aussehen mit der Weichheit und dem Komfort eines Kissens.<\/li>\n<li>Funktionen: Kann als Boden, Stuhl, Sofa, Couch, Outdoor-Kissen, Wurfkissen, Keilkissen verwendet werden; Ideal f\u00fcr lange Reisen und Camping; Heimdekoration, Kinder Stofftiere, kreative Geschenke, auch als Requisiten f\u00fcr ein Fotostudio oder spielen; Einzigartige Geschenkidee f\u00fcr Geburtstag, Weihnachten, Haus Erw\u00e4rmung, Freundschaft, Valentinstag oder etc.<\/li>\n<li>Vorteile: Einzigartiger dekorativer Akzent f\u00fcr Ihr Haus, Wohnzimmer, Kinderzimmer, Schlafsaal, B\u00fcro, Terrasse oder Auto, Kinderspielplatz, Kinderspielzimmer, Spielzimmer, Garten, Kindergarten, Schule, Fotostudio, Hotel, Club, Bar, Yoga-Center, Ausstellung Modenschau, Auto-Show und andere Orte.<\/li>\n<li>Leicht zu reinigen: Durch den angebrachten unsichtbaren Rei\u00dfverschluss ist der Bezug abnehmbar und waschbar; Handw\u00e4sche ist zul\u00e4ssig.<\/li>\n<li>Paket enth\u00e4lt: 7St\u00fcck\/Set, Gr\u00f6\u00dfe: #1 30x17Zoll, #2 23x14Zoll, #3 21x12Zoll, #4 20x11Zoll, #5 15x9Zoll, #6 12x8Zoll, #7 8x8Zoll.<\/li>\n<li>Delayed Delivery Alert: Aktuelle Artikel werden innerhalb von 72 Stunden nach Zahlungseingang versandt und innerhalb von 10-20 Tagen geliefert.<\/li>\n<\/ul>","protected":false},"featured_media":269,"comment_status":"open","ping_status":"closed","template":"","meta":[],"product_brand":[],"product_cat":[17],"product_tag":[19,35,22,20,24,26,21,29,32],"class_list":{"0":"post-279","1":"product","2":"type-product","3":"status-publish","4":"has-post-thumbnail","6":"product_cat-pebble-cushions","7":"product_tag-living-stone-pillows","8":"product_tag-livingstones","9":"product_tag-pebble-cushions","10":"product_tag-pebble-pillows","11":"product_tag-pebble-seats","12":"product_tag-rock-cushions","13":"product_tag-rock-pillows","14":"product_tag-stone-cushions","15":"product_tag-stone-pillows","17":"first","18":"instock","19":"shipping-taxable","20":"purchasable","21":"product-type-variable","22":"has-default-attributes"},"_links":{"self":[{"href":"https:\/\/www.pebblecushions.com\/de\/wp-json\/wp\/v2\/product\/279","targetHints":{"allow":["GET"]}}],"collection":[{"href":"https:\/\/www.pebblecushions.com\/de\/wp-json\/wp\/v2\/product"}],"about":[{"href":"https:\/\/www.pebblecushions.com\/de\/wp-json\/wp\/v2\/types\/product"}],"replies":[{"embeddable":true,"href":"https:\/\/www.pebblecushions.com\/de\/wp-json\/wp\/v2\/comments?post=279"}],"wp:featuredmedia":[{"embeddable":true,"href":"https:\/\/www.pebblecushions.com\/de\/wp-json\/wp\/v2\/media\/269"}],"wp:attachment":[{"href":"https:\/\/www.pebblecushions.com\/de\/wp-json\/wp\/v2\/media?parent=279"}],"wp:term":[{"taxonomy":"product_brand","embeddable":true,"href":"https:\/\/www.pebblecushions.com\/de\/wp-json\/wp\/v2\/product_brand?post=279"},{"taxonomy":"product_cat","embeddable":true,"href":"https:\/\/www.pebblecushions.com\/de\/wp-json\/wp\/v2\/product_cat?post=279"},{"taxonomy":"product_tag","embeddable":true,"href":"https:\/\/www.pebblecushions.com\/de\/wp-json\/wp\/v2\/product_tag?post=279"}],"curies":[{"name":"wp","href":"https:\/\/api.w.org\/{rel}","templated":true}]}}