{"id":5211,"date":"2024-10-05T03:00:22","date_gmt":"2024-10-05T03:00:22","guid":{"rendered":"https:\/\/www.pebblecushions.com\/product\/headboard-pillow-white-plush-large-wedge-reading-pillow"},"modified":"2026-03-24T02:16:36","modified_gmt":"2026-03-24T02:16:36","slug":"kopfteilkissen-weis-plusch-groses-keil-lesekissen","status":"publish","type":"product","link":"https:\/\/www.pebblecushions.com\/de\/product\/headboard-pillow-white-plush-large-wedge-reading-pillow","title":{"rendered":"Kopfteilkissen Wei\u00df Pl\u00fcsch Gro\u00dfes Keil-Lesekissen"},"content":{"rendered":"","protected":false},"excerpt":{"rendered":"<ul>\n<li><strong>MULTIFUNKTIONALIT\u00c4T:<\/strong> Unser Keilbettkissen ist mehr als nur ein Kopfteilkissen, es ist vielseitig einsetzbar und kann als ideales Hilfsmittel zur Unterst\u00fctzung des R\u00fcckens, zum Hochlegen der Beine, zum Lesen, zum Fernsehen und f\u00fcr viele andere K\u00f6rperhaltungen verwendet werden, um Ihre vielf\u00e4ltigen Bed\u00fcrfnisse zu erf\u00fcllen.<\/li>\n<li><strong>ERGONOMISCHES DESIGN:<\/strong> Intime Pflege, ergonomischer Einfallsreichtum. Bieten Sie Ihnen die bequemste Unterst\u00fctzung, reduzieren Sie den Druck auf die Hals- und Lendenwirbel, genie\u00dfen Sie jeden Moment von Komfort und Gem\u00fctlichkeit.<\/li>\n<li><strong>BEQUEMLICHKEIT:<\/strong> Das gro\u00dfe dreieckige Keilkissen ist aus hochwertigen Materialien und einer feinen Verarbeitungstechnologie hergestellt, um die Weichheit und den Komfort des Keilkopfkissens zu gew\u00e4hrleisten, so dass Sie die intime Passform, das warme und komfortable Gef\u00fchl genie\u00dfen k\u00f6nnen.<\/li>\n<li><strong>MATERIAL:<\/strong> Die Kissen f\u00fcr die R\u00fcckenlehne des Daybeds sind aus hochwertigen Stoffen gefertigt, die weich und hautfreundlich, knitterfrei und verschlei\u00dffest sind. Sie f\u00fchlen sich angenehm an und sind sehr atmungsaktiv, so dass Sie trocken und bequem liegen.<\/li>\n<li><strong>EINFACH ZU REINIGEN:<\/strong> Das Keilkissen ist mit einem abnehmbaren und waschbaren Bezug ausgestattet, der die Pflege erleichtert, so dass Sie immer eine frische, saubere Liegefl\u00e4che haben.<\/li>\n<li><strong>Gr\u00f6\u00dfe:<\/strong> 60cm (60*20*50cm),80cm (80*20*50cm),100cm (100*20*50cm),120cm (120*20*50cm),140cm (140*20*50cm),160cm (160*20*50cm),180cm (180*20*50cm),200cm (200*20*50cm)<\/li>\n<\/ul>","protected":false},"featured_media":5199,"comment_status":"open","ping_status":"closed","template":"","meta":[],"product_brand":[],"product_cat":[55],"product_tag":[],"class_list":{"0":"post-5211","1":"product","2":"type-product","3":"status-publish","4":"has-post-thumbnail","6":"product_cat-living-cushions","8":"first","9":"instock","10":"featured","11":"sold-individually","12":"shipping-taxable","13":"purchasable","14":"product-type-variable","15":"has-default-attributes"},"_links":{"self":[{"href":"https:\/\/www.pebblecushions.com\/de\/wp-json\/wp\/v2\/product\/5211","targetHints":{"allow":["GET"]}}],"collection":[{"href":"https:\/\/www.pebblecushions.com\/de\/wp-json\/wp\/v2\/product"}],"about":[{"href":"https:\/\/www.pebblecushions.com\/de\/wp-json\/wp\/v2\/types\/product"}],"replies":[{"embeddable":true,"href":"https:\/\/www.pebblecushions.com\/de\/wp-json\/wp\/v2\/comments?post=5211"}],"wp:featuredmedia":[{"embeddable":true,"href":"https:\/\/www.pebblecushions.com\/de\/wp-json\/wp\/v2\/media\/5199"}],"wp:attachment":[{"href":"https:\/\/www.pebblecushions.com\/de\/wp-json\/wp\/v2\/media?parent=5211"}],"wp:term":[{"taxonomy":"product_brand","embeddable":true,"href":"https:\/\/www.pebblecushions.com\/de\/wp-json\/wp\/v2\/product_brand?post=5211"},{"taxonomy":"product_cat","embeddable":true,"href":"https:\/\/www.pebblecushions.com\/de\/wp-json\/wp\/v2\/product_cat?post=5211"},{"taxonomy":"product_tag","embeddable":true,"href":"https:\/\/www.pebblecushions.com\/de\/wp-json\/wp\/v2\/product_tag?post=5211"}],"curies":[{"name":"wp","href":"https:\/\/api.w.org\/{rel}","templated":true}]}}