{"id":5360,"date":"2024-10-18T03:37:06","date_gmt":"2024-10-18T03:37:06","guid":{"rendered":"https:\/\/www.pebblecushions.com\/product\/large-wedge-reading-pillow-for-bed-daybed-bolster-backrest-black"},"modified":"2025-09-22T03:52:00","modified_gmt":"2025-09-22T03:52:00","slug":"groses-keil-lesekissen-fur-bett-daybed-nackenrolle-ruckenlehne-schwarz","status":"publish","type":"product","link":"https:\/\/www.pebblecushions.com\/de\/product\/large-wedge-reading-pillow-for-bed-daybed-bolster-backrest-black","title":{"rendered":"Gro\u00dfes Keil-Lesekissen f\u00fcr Bett Daybed Bolster R\u00fcckenlehne Schwarz"},"content":{"rendered":"","protected":false},"excerpt":{"rendered":"<ul>\n<li>Ultimativer Komfort: Dieses xl-Kopfteilkissen bietet dank seiner dreieckigen Form hervorragenden Komfort. Das Bettst\u00fctzkissen passt sich dem R\u00fccken und der Taille gut an und minimiert den Druck im Lenden- und R\u00fcckenbereich. Dieses Keil-Lesekissen kann Ihnen helfen, im Bett oder auf dem Sofa spannungsfrei zu bleiben, was ideal f\u00fcr arbeitende Nachteulen, B\u00fccherw\u00fcrmer und Fernsehzuschauer im Bett ist. Dieses extra gro\u00dfe Nackenkissen ist das einzige Keilkopfkissen, das zwei Personen aufnehmen kann.<\/li>\n<li>3 in 1 gro\u00dfes Nackenkissen: Sie k\u00f6nnen das Kissen aufrecht als Kopfteilkissen zur Unterst\u00fctzung des R\u00fcckens beim Sitzen im Bett verwenden oder es flach auf das Bett legen, um es als gro\u00dfes Keilkissen zu verwenden, wenn Sie auf dem R\u00fccken oder auf der Seite schlafen, oder als Beinkissen, um Ihre Beine hochzulegen. Wenn Sie ein gro\u00dfes Kopfteilkissen suchen, das sowohl Ihnen als auch Ihrem Ehepartner Halt bietet. Es ist eine ausgezeichnete Alternative.<\/li>\n<li>Multifunktionales Design: Manche Leute verwenden das gro\u00dfe Dreieckskissen als Kopfteilkissen, andere als Sto\u00dfkissen, es kann auch als Nackenkissen f\u00fcr die Couch oder die R\u00fcckenlehne des Bettes verwendet werden. Es ist sowohl stilvoll als auch funktional und damit eine hervorragende Erg\u00e4nzung f\u00fcr jedes Schlafzimmer.<\/li>\n<li>Hervorragende Handwerkskunst: Der Kissenbezug ist Cord-Look, die die Zusammensetzung ist 100% Polyester. unser Kopfteil Kissen ist atmungsaktiv und komfortabel genug, um seine Form zu halten und nicht verlieren ihre Form im Laufe der Zeit, eine Seitentasche auf jeder Seite k\u00f6nnen Sie Ihr Buch oder Ihr Telefon zu rutschen.<\/li>\n<li>Leicht zu waschen: Der Bezug des Lesekissens ist mit Kn\u00f6pfen am Kissen befestigt und kann mit einem einfachen Rei\u00dfverschluss abgenommen werden. Das macht die Reinigung m\u00fchelos. Ziehen Sie einfach den Bezug ab und waschen Sie ihn in der Maschine, damit Ihr Kissen wie neu aussieht.<\/li>\n<li><strong>Gr\u00f6\u00dfe:<\/strong> 60cm (60*20*50cm, 2 Kn\u00f6pfe), 80cm (80*20*50cm, 2 Kn\u00f6pfe), 100cm (100*20*50cm, 3 Kn\u00f6pfe), 120cm (120*20*50cm, 4 Kn\u00f6pfe), 140cm (140*20*50cm, 4 Kn\u00f6pfe), 160cm (160*20*50cm, 5 Kn\u00f6pfe), 180cm (180*20*50cm, 6 Kn\u00f6pfe), 200cm (200*20*50cm, 7 Kn\u00f6pfe)<\/li>\n<\/ul>","protected":false},"featured_media":5344,"comment_status":"open","ping_status":"closed","template":"","meta":[],"product_brand":[],"product_cat":[55],"product_tag":[],"class_list":{"0":"post-5360","1":"product","2":"type-product","3":"status-publish","4":"has-post-thumbnail","6":"product_cat-living-cushions","8":"first","9":"instock","10":"featured","11":"shipping-taxable","12":"purchasable","13":"product-type-variable","14":"has-default-attributes"},"_links":{"self":[{"href":"https:\/\/www.pebblecushions.com\/de\/wp-json\/wp\/v2\/product\/5360","targetHints":{"allow":["GET"]}}],"collection":[{"href":"https:\/\/www.pebblecushions.com\/de\/wp-json\/wp\/v2\/product"}],"about":[{"href":"https:\/\/www.pebblecushions.com\/de\/wp-json\/wp\/v2\/types\/product"}],"replies":[{"embeddable":true,"href":"https:\/\/www.pebblecushions.com\/de\/wp-json\/wp\/v2\/comments?post=5360"}],"wp:featuredmedia":[{"embeddable":true,"href":"https:\/\/www.pebblecushions.com\/de\/wp-json\/wp\/v2\/media\/5344"}],"wp:attachment":[{"href":"https:\/\/www.pebblecushions.com\/de\/wp-json\/wp\/v2\/media?parent=5360"}],"wp:term":[{"taxonomy":"product_brand","embeddable":true,"href":"https:\/\/www.pebblecushions.com\/de\/wp-json\/wp\/v2\/product_brand?post=5360"},{"taxonomy":"product_cat","embeddable":true,"href":"https:\/\/www.pebblecushions.com\/de\/wp-json\/wp\/v2\/product_cat?post=5360"},{"taxonomy":"product_tag","embeddable":true,"href":"https:\/\/www.pebblecushions.com\/de\/wp-json\/wp\/v2\/product_tag?post=5360"}],"curies":[{"name":"wp","href":"https:\/\/api.w.org\/{rel}","templated":true}]}}