{"id":300,"date":"2022-04-08T12:14:58","date_gmt":"2022-04-08T12:14:58","guid":{"rendered":"https:\/\/www.pebblecushions.com\/product\/pebble-floor-stone-cushions-pebble-cushions-9037"},"modified":"2024-10-05T01:28:18","modified_gmt":"2024-10-05T01:28:18","slug":"cojines-de-piedra-con-suelo-de-guijarros-cojines-de-guijarros-9037","status":"publish","type":"product","link":"https:\/\/www.pebblecushions.com\/es\/product\/pebble-floor-stone-cushions-pebble-cushions-9037","title":{"rendered":"Cojines de piedra para suelo de guijarros Cojines de guijarros"},"content":{"rendered":"[zc_getpagecontent mb=&#8221;mb_aplus&#8221; apid=&#8221;20&#8243;]\n<hr \/>\n<p>Pattern: pebble stone<br \/>\nImported Type: decorative stone pillow<br \/>\nPackage includes: 7PCS Mix Sizes<br \/>\nCare: Spot clean by hand only<\/p>\n<p><strong>Benefits:<\/strong><\/p>\n<p>Bring pieces of nature into your home with eco-friendly design, Set a comfortable reading and relaxing space for your home.<br \/>\nFeatured in a perfect combination of hard stone shapes and soft pillow functions, these stone pillows can not only be used as a home decor but also an interesting hug or throw for all ages.<br \/>\nThese featured stone pillows are designed according simulation stone shapes and have realistic modeling appearance.<br \/>\nthey are suitable for various scenes and purposes: mixed rock like floor decorative pillows, \u00a0plush toy, \u00a0pebble pillows.<br \/>\nWonderful for kids room, children are especially fond of playing with them whenever and wherever they catch a sight.<br \/>\nCreative style attractive shape sewing with fine workmanship invisible zipper design.<\/p>\n<p><strong>Warm Tip:<\/strong><\/p>\n<p>1. Due to the different monitor and light effect, the actual color of the item might be slightly different from the color showed on the pictures.<br \/>\n2. Please allow 1-2 cm\/ 0.39-0.78 inch errors due to different manual measurement.<br \/>\n3. Please kindly use machine wash the cover of this cushion on cold and air dry; to ensure long-time softness, we suggest not to use iron, bleach, tumble dry or dry clean.<br \/>\n4. Customers&#8217; satisfaction is our top pursuit, please contact with us if you have any curiosity\/ questions\/ suggestions about the product or our service, we will give you a response as soon as possible.<\/p>\n<div class=\"row fill_option_note row-box-shadow-2\"  id=\"row-1864983175\">\r\n\r\n\n\t<div id=\"col-41482113\" class=\"col small-12 large-12\"  >\n\t\t\t\t<div class=\"col-inner\"  >\n\t\t\t\n\t\t\t\r\n\r\n\t<div id=\"text-217074254\" class=\"text\">\n\t\t\r\n\r\n<p>Our Pebble Cushions offer you two options when purchasing: filled and unfilled cushion covers.<\/p>\r\n<p>If you choose to purchase the unfilled cushion cover (which is definitely tempting for the price), then you will need to fill it with a soft, sturdy yet fluffy filling, or you can fill it with your old clothes, old sheets and other textiles. Or you can get high-quality Premium Fiberfill at Walmart. Doing so will help you save some of the cost of your purchase. Each Pebble Cushion Cover has a discreet zipper along the bottom, great for maintaining the image of the pebbles, and for keeping your family comfortable while you use them. Just unzip to quickly fill the cushion with fiberfill. Likewise, it\u2019s just as easy to empty it when it comes time to wash it.<\/p>\r\n<p>If you shop for a stuffed pebble cushions, we will fill it well for you and guarantee that the stuffed polyester fiberfill inside is brand new, best quality, healthy &amp; ready for use immediately.<\/p>\r\n<p>Why is it recommended to buy \"Without Stuffing\" cushioncase?<\/p>\r\n<p>Our Pebble Cushions are HUGE when full. Since shipping is based on the size of the cushions, not the weight, we have to charge a lot more. Instead, you could purchase the Pebble Cushion Cover , fill it with Premium Fiberfill on your own, and save over 80% off the normal retail price.<\/p>\r\n\t\t\n<style>\n#text-217074254 {\n  color: rgb(0,0,0);\n}\n#text-217074254 > * {\n  color: rgb(0,0,0);\n}\n<\/style>\n\t<\/div>\n\t\r\n\r\n\t\t<\/div>\n\t\t\t\t\t<\/div>\n\n\t\r\n\r\n\n<style>\n#row-1864983175 > .col > .col-inner {\n  padding: 20px 20px 10px 20px;\n  background-color: rgb(238, 238, 238);\n  border-radius: 5px;\n}\n<\/style>\n<\/div>\n","protected":false},"excerpt":{"rendered":"<ul>\n<li>Material: La funda de esta almohada de piedra de roca realista es de terciopelo, f\u00e1cil de limpiar y s\u00faper c\u00f3moda para apoyarse en ella.<\/li>\n<li>Material de relleno (para la opci\u00f3n FRE-FILLED): El relleno es de fibra de poli\u00e9ster que se explota por la mezcla especial de fibras de poli\u00e9ster 100% creando extraordinaria resistencia. El relleno tiene una consistencia suave y una fuerte integridad a trav\u00e9s de innumerables lavados. El relleno rara vez se apelmaza y no es alerg\u00e9nico.<\/li>\n<li>Dise\u00f1o inspirado en la naturaleza: Estas almohadas de piedra de roca fueron dise\u00f1adas para parecerse a las piedras de roca; presentando una apariencia realista con la suavidad y comodidad de una almohada.<\/li>\n<li>Funciones: Puede ser utilizado como suelo, silla, sof\u00e1, sof\u00e1, cojines al aire libre, almohadas, almohadas cu\u00f1a; Ideal para viajes largos y camping; decoraci\u00f3n del hogar, juguetes de peluche de los ni\u00f1os, regalos creativos, tambi\u00e9n como apoyos para un estudio de fotograf\u00eda o jugar; Idea de regalo \u00fanico para el cumplea\u00f1os, Navidad, inauguraci\u00f3n de la casa, la amistad, D\u00eda de San Valent\u00edn o etc.<\/li>\n<li>Ventajas: acento decorativo \u00fanico para su hogar, sala de estar, dormitorio de los ni\u00f1os, dormitorio, oficina, patio o coche, parque infantil, sala de juegos para ni\u00f1os, sala de juegos, jard\u00edn, jard\u00edn de infantes, escuela, estudio de fotograf\u00eda, hotel, club, bar, centro de yoga, desfile de moda de exposiciones, auto show y otros lugares.<\/li>\n<li>F\u00e1cil de limpiar: La cremallera invisible adjunta hace que la funda sea desmontable y lavable; Se puede lavar a mano.<\/li>\n<li>El paquete incluye: 7pcs\/set, Tama\u00f1o: #1 30x17inch, #2 23x14inch, #3 21x12inch, #4 20x11inch, #5 15x9inch, #6 12x8inch, #7 8x8inch.<\/li>\n<li>Alerta de entrega retrasada: Los art\u00edculos actuales se enviar\u00e1n en un plazo de 72 horas despu\u00e9s del pago, y se entregar\u00e1n en un plazo de 10-20 d\u00edas.<\/li>\n<\/ul>","protected":false},"featured_media":289,"comment_status":"open","ping_status":"closed","template":"","meta":[],"product_brand":[],"product_cat":[17],"product_tag":[19,35,22,20,24,26,21,29,32],"class_list":{"0":"post-300","1":"product","2":"type-product","3":"status-publish","4":"has-post-thumbnail","6":"product_cat-pebble-cushions","7":"product_tag-living-stone-pillows","8":"product_tag-livingstones","9":"product_tag-pebble-cushions","10":"product_tag-pebble-pillows","11":"product_tag-pebble-seats","12":"product_tag-rock-cushions","13":"product_tag-rock-pillows","14":"product_tag-stone-cushions","15":"product_tag-stone-pillows","17":"first","18":"instock","19":"shipping-taxable","20":"purchasable","21":"product-type-variable","22":"has-default-attributes"},"_links":{"self":[{"href":"https:\/\/www.pebblecushions.com\/es\/wp-json\/wp\/v2\/product\/300","targetHints":{"allow":["GET"]}}],"collection":[{"href":"https:\/\/www.pebblecushions.com\/es\/wp-json\/wp\/v2\/product"}],"about":[{"href":"https:\/\/www.pebblecushions.com\/es\/wp-json\/wp\/v2\/types\/product"}],"replies":[{"embeddable":true,"href":"https:\/\/www.pebblecushions.com\/es\/wp-json\/wp\/v2\/comments?post=300"}],"wp:featuredmedia":[{"embeddable":true,"href":"https:\/\/www.pebblecushions.com\/es\/wp-json\/wp\/v2\/media\/289"}],"wp:attachment":[{"href":"https:\/\/www.pebblecushions.com\/es\/wp-json\/wp\/v2\/media?parent=300"}],"wp:term":[{"taxonomy":"product_brand","embeddable":true,"href":"https:\/\/www.pebblecushions.com\/es\/wp-json\/wp\/v2\/product_brand?post=300"},{"taxonomy":"product_cat","embeddable":true,"href":"https:\/\/www.pebblecushions.com\/es\/wp-json\/wp\/v2\/product_cat?post=300"},{"taxonomy":"product_tag","embeddable":true,"href":"https:\/\/www.pebblecushions.com\/es\/wp-json\/wp\/v2\/product_tag?post=300"}],"curies":[{"name":"wp","href":"https:\/\/api.w.org\/{rel}","templated":true}]}}