{"id":5234,"date":"2024-10-05T03:14:40","date_gmt":"2024-10-05T03:14:40","guid":{"rendered":"https:\/\/www.pebblecushions.com\/product\/headboard-wedge-pillow-blue-plush-large-reading-pillow"},"modified":"2025-09-22T03:51:59","modified_gmt":"2025-09-22T03:51:59","slug":"cabecero-cuna-almohada-azul-felpa-grande-almohada-de-lectura","status":"publish","type":"product","link":"https:\/\/www.pebblecushions.com\/es\/product\/headboard-wedge-pillow-blue-plush-large-reading-pillow","title":{"rendered":"Almohada Cu\u00f1a Cabecero Peluche Azul Almohada Lectura Grande"},"content":{"rendered":"","protected":false},"excerpt":{"rendered":"<ul>\n<li><strong>MULTIFUNCIONALIDAD:<\/strong> M\u00e1s que una simple almohada de cabecera, nuestro dise\u00f1o de almohada de cama en cu\u00f1a admite una gran variedad de usos, y puede utilizarse como ayuda ideal para apoyar la espalda, elevar las piernas, leer, ver la televisi\u00f3n y muchas otras posturas para satisfacer sus m\u00faltiples necesidades<\/li>\n<li><strong>DISE\u00d1O ERGON\u00d3MICO:<\/strong> cuidado \u00edntimo, ingenio ergon\u00f3mico. Proporcionarle el apoyo m\u00e1s c\u00f3modo, reducir la presi\u00f3n sobre las v\u00e9rtebras cervicales y lumbares, disfrutar de cada momento de confort y comodidad.<\/li>\n<li><strong>COMODIDAD:<\/strong> La almohada cu\u00f1a triangular grande est\u00e1 fabricada con materiales de alta calidad y una delicada tecnolog\u00eda de procesamiento para garantizar la suavidad y comodidad de la almohada cu\u00f1a reposacabezas, para que pueda disfrutar de un ajuste \u00edntimo y una sensaci\u00f3n c\u00e1lida y confortable.<\/li>\n<li><strong>MATERIAL:<\/strong> Las almohadas del respaldo de la cama de d\u00eda eligen tejidos de alta calidad, suaves y respetuosos con la piel, resistentes a las arrugas y al desgaste, que le proporcionan un tacto agradable y una excelente transpirabilidad, manteni\u00e9ndole seco y c\u00f3modo.<\/li>\n<li><strong>F\u00c1CIL DE LIMPIAR:<\/strong> La almohada de cama en cu\u00f1a dispone de funda extra\u00edble y lavable para facilitar su cuidado, de modo que siempre tenga un entorno de descanso fresco y ordenado.<\/li>\n<li><strong>Tama\u00f1o:<\/strong> 60 cm (60*20*50 cm), 80 cm (80*20*50 cm), 100 cm (100*20*50 cm), 120 cm (120*20*50 cm), 140 cm (140*20*50 cm), 160 cm (160*20*50 cm), 180 cm (180*20*50 cm), 200 cm (200*20*50 cm)<\/li>\n<\/ul>","protected":false},"featured_media":5221,"comment_status":"open","ping_status":"closed","template":"","meta":[],"product_brand":[],"product_cat":[55],"product_tag":[],"class_list":{"0":"post-5234","1":"product","2":"type-product","3":"status-publish","4":"has-post-thumbnail","6":"product_cat-living-cushions","8":"first","9":"instock","10":"featured","11":"shipping-taxable","12":"purchasable","13":"product-type-variable","14":"has-default-attributes"},"_links":{"self":[{"href":"https:\/\/www.pebblecushions.com\/es\/wp-json\/wp\/v2\/product\/5234","targetHints":{"allow":["GET"]}}],"collection":[{"href":"https:\/\/www.pebblecushions.com\/es\/wp-json\/wp\/v2\/product"}],"about":[{"href":"https:\/\/www.pebblecushions.com\/es\/wp-json\/wp\/v2\/types\/product"}],"replies":[{"embeddable":true,"href":"https:\/\/www.pebblecushions.com\/es\/wp-json\/wp\/v2\/comments?post=5234"}],"wp:featuredmedia":[{"embeddable":true,"href":"https:\/\/www.pebblecushions.com\/es\/wp-json\/wp\/v2\/media\/5221"}],"wp:attachment":[{"href":"https:\/\/www.pebblecushions.com\/es\/wp-json\/wp\/v2\/media?parent=5234"}],"wp:term":[{"taxonomy":"product_brand","embeddable":true,"href":"https:\/\/www.pebblecushions.com\/es\/wp-json\/wp\/v2\/product_brand?post=5234"},{"taxonomy":"product_cat","embeddable":true,"href":"https:\/\/www.pebblecushions.com\/es\/wp-json\/wp\/v2\/product_cat?post=5234"},{"taxonomy":"product_tag","embeddable":true,"href":"https:\/\/www.pebblecushions.com\/es\/wp-json\/wp\/v2\/product_tag?post=5234"}],"curies":[{"name":"wp","href":"https:\/\/api.w.org\/{rel}","templated":true}]}}