{"id":5335,"date":"2024-10-18T03:29:47","date_gmt":"2024-10-18T03:29:47","guid":{"rendered":"https:\/\/www.pebblecushions.com\/product\/large-wedge-reading-pillow-for-bed-daybed-bolster-backrest-white"},"modified":"2025-09-22T03:52:01","modified_gmt":"2025-09-22T03:52:01","slug":"cuna-grande-almohada-de-lectura-para-cama-daybed-bolster-respaldo-blanco","status":"publish","type":"product","link":"https:\/\/www.pebblecushions.com\/es\/product\/large-wedge-reading-pillow-for-bed-daybed-bolster-backrest-white","title":{"rendered":"Almohada grande de lectura para cama de d\u00eda Bolster Respaldo Blanco"},"content":{"rendered":"","protected":false},"excerpt":{"rendered":"<ul>\n<li>M\u00e1xima comodidad: Esta almohada de cabecero xl ofrece un excelente confort gracias a su dise\u00f1o de forma triangular. El coj\u00edn de apoyo para la cama se adapta perfectamente a la espalda y la cintura, minimizando la presi\u00f3n lumbar\/de la espalda. Esta almohada de lectura en cu\u00f1a puede ayudarle a mantenerse sin tensiones en la cama o en el sof\u00e1, lo que es ideal para los noct\u00e1mbulos que trabajan, los ratones de biblioteca y para ver la televisi\u00f3n en la cama. Esta almohada de lectura extra grande es la \u00fanica almohada de cabecera en cu\u00f1a que puede acomodar a dos personas.<\/li>\n<li>Almohada de almohada grande 3 en 1: Puede utilizar la almohada en posici\u00f3n vertical como almohada cabecero de apoyo para la espalda al sentarse en la cama o ponerla plana sobre la cama para utilizarla como almohada cu\u00f1a grande al dormir boca arriba o de lado, o como almohada para las piernas para elevarlas. Si desea una almohada de cabecero grande que le proporcione apoyo tanto a usted como a su c\u00f3nyuge. Es una excelente alternativa.<\/li>\n<li>Dise\u00f1o multifuncional: Algunas personas utilizan el coj\u00edn grande triangular como almohada de cabecero, mientras que otras lo utilizan como almohada parachoques, tambi\u00e9n puede ser una almohada de respaldo de sof\u00e1 o sof\u00e1 cama. Es elegante y funcional, por lo que es una excelente adici\u00f3n a cualquier dormitorio.<\/li>\n<li>Artesan\u00eda superior: La funda de almohada es de aspecto de pana que la composici\u00f3n es 100% poli\u00e9ster.Nuestra almohada cabecera es transpirable y lo suficientemente c\u00f3modo como para mantener su forma y no perder su forma con el tiempo.Un bolsillo lateral en cada lado le permite deslizar su libro o su tel\u00e9fono.<\/li>\n<li>F\u00e1cil de lavar: La funda de la almohada de lectura est\u00e1 unida a la almohada con botones, y es f\u00e1cil de quitar con una simple cremallera. Esto hace que su limpieza sea muy sencilla. Basta con quitar la funda y lavarla r\u00e1pidamente a m\u00e1quina para que la almohada quede como nueva.<\/li>\n<li><strong>Tama\u00f1o:<\/strong> 60 cm (60*20*50 cm, 2 botones), 80 cm (80*20*50 cm, 2 botones), 100 cm (100*20*50 cm, 3 botones), 120 cm (120*20*50 cm, 4 botones), 140 cm (140*20*50 cm, 4 botones), 160 cm (160*20*50 cm, 5 botones), 180 cm (180*20*50 cm, 6 botones), 200 cm (200*20*50 cm, 7 botones)<\/li>\n<\/ul>","protected":false},"featured_media":5319,"comment_status":"open","ping_status":"closed","template":"","meta":[],"product_brand":[],"product_cat":[55],"product_tag":[],"class_list":{"0":"post-5335","1":"product","2":"type-product","3":"status-publish","4":"has-post-thumbnail","6":"product_cat-living-cushions","8":"first","9":"instock","10":"featured","11":"shipping-taxable","12":"purchasable","13":"product-type-variable","14":"has-default-attributes"},"_links":{"self":[{"href":"https:\/\/www.pebblecushions.com\/es\/wp-json\/wp\/v2\/product\/5335","targetHints":{"allow":["GET"]}}],"collection":[{"href":"https:\/\/www.pebblecushions.com\/es\/wp-json\/wp\/v2\/product"}],"about":[{"href":"https:\/\/www.pebblecushions.com\/es\/wp-json\/wp\/v2\/types\/product"}],"replies":[{"embeddable":true,"href":"https:\/\/www.pebblecushions.com\/es\/wp-json\/wp\/v2\/comments?post=5335"}],"wp:featuredmedia":[{"embeddable":true,"href":"https:\/\/www.pebblecushions.com\/es\/wp-json\/wp\/v2\/media\/5319"}],"wp:attachment":[{"href":"https:\/\/www.pebblecushions.com\/es\/wp-json\/wp\/v2\/media?parent=5335"}],"wp:term":[{"taxonomy":"product_brand","embeddable":true,"href":"https:\/\/www.pebblecushions.com\/es\/wp-json\/wp\/v2\/product_brand?post=5335"},{"taxonomy":"product_cat","embeddable":true,"href":"https:\/\/www.pebblecushions.com\/es\/wp-json\/wp\/v2\/product_cat?post=5335"},{"taxonomy":"product_tag","embeddable":true,"href":"https:\/\/www.pebblecushions.com\/es\/wp-json\/wp\/v2\/product_tag?post=5335"}],"curies":[{"name":"wp","href":"https:\/\/api.w.org\/{rel}","templated":true}]}}