{"id":113,"date":"2021-10-03T12:01:45","date_gmt":"2021-10-03T12:01:45","guid":{"rendered":"https:\/\/www.pebblecushions.com\/product\/living-stone-pillows-rock-pillows-pebble-cushions-decorative-floor-pillows-accent-throw-pillows-fun-birthday-gift-7-pieces-9013\/"},"modified":"2024-10-03T23:26:23","modified_gmt":"2024-10-03T23:26:23","slug":"kivist-porandapadjad-kivikova-porandapadjad-9013","status":"publish","type":"product","link":"https:\/\/www.pebblecushions.com\/et\/product\/stone-floor-pillows-pebble-floor-cushions-9013","title":{"rendered":"Kivip\u00f5randapadjad Kivip\u00f5randapadjad"},"content":{"rendered":"[zc_getpagecontent mb=&#8221;mb_aplus&#8221; apid=&#8221;20&#8243;]\n<div class=\"row fill_option_note row-box-shadow-2\"  id=\"row-2108144067\">\r\n\r\n\n\t<div id=\"col-1077074459\" class=\"col small-12 large-12\"  >\n\t\t\t\t<div class=\"col-inner\"  >\n\t\t\t\n\t\t\t\r\n\r\n\t<div id=\"text-3725880148\" class=\"text\">\n\t\t\r\n\r\n<p>Our Pebble Cushions offer you two options when purchasing: filled and unfilled cushion covers.<\/p>\r\n<p>If you choose to purchase the unfilled cushion cover (which is definitely tempting for the price), then you will need to fill it with a soft, sturdy yet fluffy filling, or you can fill it with your old clothes, old sheets and other textiles. Or you can get high-quality Premium Fiberfill at Walmart. Doing so will help you save some of the cost of your purchase. Each Pebble Cushion Cover has a discreet zipper along the bottom, great for maintaining the image of the pebbles, and for keeping your family comfortable while you use them. Just unzip to quickly fill the cushion with fiberfill. Likewise, it\u2019s just as easy to empty it when it comes time to wash it.<\/p>\r\n<p>If you shop for a stuffed pebble cushions, we will fill it well for you and guarantee that the stuffed polyester fiberfill inside is brand new, best quality, healthy &amp; ready for use immediately.<\/p>\r\n<p>Why is it recommended to buy \"Without Stuffing\" cushioncase?<\/p>\r\n<p>Our Pebble Cushions are HUGE when full. Since shipping is based on the size of the cushions, not the weight, we have to charge a lot more. Instead, you could purchase the Pebble Cushion Cover , fill it with Premium Fiberfill on your own, and save over 80% off the normal retail price.<\/p>\r\n\t\t\n<style>\n#text-3725880148 {\n  color: rgb(0,0,0);\n}\n#text-3725880148 > * {\n  color: rgb(0,0,0);\n}\n<\/style>\n\t<\/div>\n\t\r\n\r\n\t\t<\/div>\n\t\t\t\t\t<\/div>\n\n\t\r\n\r\n\n<style>\n#row-2108144067 > .col > .col-inner {\n  padding: 20px 20px 10px 20px;\n  background-color: rgb(238, 238, 238);\n  border-radius: 5px;\n}\n<\/style>\n<\/div>\n","protected":false},"excerpt":{"rendered":"<ul>\n<li>Sametist (100% pol\u00fcester) padjap\u00fc\u00fcrid ja t\u00e4idiseta padjad<\/li>\n<li>Tippkvaliteet: Valmistatud pehmest ja paksust sametmaterjalist, tihedad \u00f5mblused tagavad parema vastupidavuse ning v\u00e4ldivad narmendamist ja rebenemist. Tugev peidetud t\u00f5mblukuga disain muudab padjakatte kergesti eemaldatavaks ja pestavaks.<\/li>\n<li>Loominguline disain: Disainer v\u00f5tab oma loomingus peamiseks objektiks looduskivid ja kujundab erinevaid kivipatju. Need realistlikud kivipadjad loovad siseruumides rikkaliku loodusliku atmosf\u00e4\u00e4ri.<\/li>\n<li>Dekoratiivne viskepadi: Kui otsite oma elutoa kujundusele midagi teistsugust, siis \u00e4rge m\u00f6\u00f6da laskke erksav\u00e4rvilistest kivist p\u00f5randapatjadest. Need kivist padjad lisavad teie tuppa stiilse ilme ja muudavad ruumi ilmet kiiresti ja lihtsalt, et muuta teie kodu stiil ainulaadseks. Elutuba, diivan, voodi, siseruum, terrass, p\u00f5rand, v\u00e4lisruum, magamistuba, kontor jne.<\/li>\n<li>Usume, et teie lastele meeldivad need \u00e4\u00e4rmiselt pehmed, erineva kujuga kivipadjad, sest nendega m\u00e4ngivad just nende sugulased. Kasutage neid kivipatju, et luua lastele l\u00e4hedasem side ja suurendada m\u00e4ngu ajal teie ja teie lapse vahelist kiindumust.<\/li>\n<li>Andke oma tagasihoidlikule elupaigale maal\u00e4hedane h\u00f5ng, luues nende kivipatjade abil ideaalse puhkekeskkonna. Iga padi, mis on maskeeritud k\u00f5vade kivide hunnikuks, on valmistatud tippkvaliteedilisest kangast ning on saadaval erinevates suurustes ja viimistlustes, et luua realistlik maastik.<\/li>\n<li>Kogus: 7 t\u00fckki \/ komplekt<\/li>\n<li>Suurus: #1 30x17 tolli, #2 23x14 tolli, #3 21x12 tolli, #4 20x11 tolli, #5 15x9 tolli, #6 12x8 tolli, #7 8x8 tolli<\/li>\n<\/ul>","protected":false},"featured_media":107,"comment_status":"open","ping_status":"closed","template":"","meta":[],"product_brand":[],"product_cat":[18],"product_tag":[19,28,20,26,21,30,29],"class_list":{"0":"post-113","1":"product","2":"type-product","3":"status-publish","4":"has-post-thumbnail","6":"product_cat-pebble-seats","7":"product_tag-living-stone-pillows","8":"product_tag-pebble-floor-cushions","9":"product_tag-pebble-pillows","10":"product_tag-rock-cushions","11":"product_tag-rock-pillows","12":"product_tag-soft-rock-pillows","13":"product_tag-stone-cushions","15":"first","16":"instock","17":"shipping-taxable","18":"purchasable","19":"product-type-variable","20":"has-default-attributes"},"_links":{"self":[{"href":"https:\/\/www.pebblecushions.com\/et\/wp-json\/wp\/v2\/product\/113","targetHints":{"allow":["GET"]}}],"collection":[{"href":"https:\/\/www.pebblecushions.com\/et\/wp-json\/wp\/v2\/product"}],"about":[{"href":"https:\/\/www.pebblecushions.com\/et\/wp-json\/wp\/v2\/types\/product"}],"replies":[{"embeddable":true,"href":"https:\/\/www.pebblecushions.com\/et\/wp-json\/wp\/v2\/comments?post=113"}],"wp:featuredmedia":[{"embeddable":true,"href":"https:\/\/www.pebblecushions.com\/et\/wp-json\/wp\/v2\/media\/107"}],"wp:attachment":[{"href":"https:\/\/www.pebblecushions.com\/et\/wp-json\/wp\/v2\/media?parent=113"}],"wp:term":[{"taxonomy":"product_brand","embeddable":true,"href":"https:\/\/www.pebblecushions.com\/et\/wp-json\/wp\/v2\/product_brand?post=113"},{"taxonomy":"product_cat","embeddable":true,"href":"https:\/\/www.pebblecushions.com\/et\/wp-json\/wp\/v2\/product_cat?post=113"},{"taxonomy":"product_tag","embeddable":true,"href":"https:\/\/www.pebblecushions.com\/et\/wp-json\/wp\/v2\/product_tag?post=113"}],"curies":[{"name":"wp","href":"https:\/\/api.w.org\/{rel}","templated":true}]}}