{"id":288,"date":"2022-04-08T12:08:41","date_gmt":"2022-04-08T12:08:41","guid":{"rendered":"https:\/\/www.pebblecushions.com\/product\/pebble-decorative-cushions-pebble-cushions-9038"},"modified":"2024-10-05T01:28:18","modified_gmt":"2024-10-05T01:28:18","slug":"kivikesekujulised-dekoratiivpadjad-kivikesekujulised-padjad-9038","status":"publish","type":"product","link":"https:\/\/www.pebblecushions.com\/et\/product\/pebble-decorative-cushions-pebble-cushions-9038","title":{"rendered":"Kivikese dekoratiivsed padjad Kivikese padjad"},"content":{"rendered":"[zc_getpagecontent mb=&#8221;mb_aplus&#8221; apid=&#8221;20&#8243;]\n<hr \/>\n<p>Pattern: pebble stone<br \/>\nImported Type: decorative stone pillow<br \/>\nPackage includes: 7PCS Mix Sizes<br \/>\nCare: Spot clean by hand only<\/p>\n<p><strong>Benefits:<\/strong><\/p>\n<p>Bring pieces of nature into your home with eco-friendly design, Set a comfortable reading and relaxing space for your home.<br \/>\nFeatured in a perfect combination of hard stone shapes and soft pillow functions, these stone pillows can not only be used as a home decor but also an interesting hug or throw for all ages.<br \/>\nThese featured stone pillows are designed according simulation stone shapes and have realistic modeling appearance.<br \/>\nthey are suitable for various scenes and purposes: mixed rock like floor decorative pillows, \u00a0plush toy, \u00a0pebble pillows.<br \/>\nWonderful for kids room, children are especially fond of playing with them whenever and wherever they catch a sight.<br \/>\nCreative style attractive shape sewing with fine workmanship invisible zipper design.<\/p>\n<p><strong>Warm Tip:<\/strong><\/p>\n<p>1. Due to the different monitor and light effect, the actual color of the item might be slightly different from the color showed on the pictures.<br \/>\n2. Please allow 1-2 cm\/ 0.39-0.78 inch errors due to different manual measurement.<br \/>\n3. Please kindly use machine wash the cover of this cushion on cold and air dry; to ensure long-time softness, we suggest not to use iron, bleach, tumble dry or dry clean.<br \/>\n4. Customers&#8217; satisfaction is our top pursuit, please contact with us if you have any curiosity\/ questions\/ suggestions about the product or our service, we will give you a response as soon as possible.<\/p>\n<div class=\"row fill_option_note row-box-shadow-2\"  id=\"row-1570596866\">\r\n\r\n\n\t<div id=\"col-2062344647\" class=\"col small-12 large-12\"  >\n\t\t\t\t<div class=\"col-inner\"  >\n\t\t\t\n\t\t\t\r\n\r\n\t<div id=\"text-110457178\" class=\"text\">\n\t\t\r\n\r\n<p>Our Pebble Cushions offer you two options when purchasing: filled and unfilled cushion covers.<\/p>\r\n<p>If you choose to purchase the unfilled cushion cover (which is definitely tempting for the price), then you will need to fill it with a soft, sturdy yet fluffy filling, or you can fill it with your old clothes, old sheets and other textiles. Or you can get high-quality Premium Fiberfill at Walmart. Doing so will help you save some of the cost of your purchase. Each Pebble Cushion Cover has a discreet zipper along the bottom, great for maintaining the image of the pebbles, and for keeping your family comfortable while you use them. Just unzip to quickly fill the cushion with fiberfill. Likewise, it\u2019s just as easy to empty it when it comes time to wash it.<\/p>\r\n<p>If you shop for a stuffed pebble cushions, we will fill it well for you and guarantee that the stuffed polyester fiberfill inside is brand new, best quality, healthy &amp; ready for use immediately.<\/p>\r\n<p>Why is it recommended to buy \"Without Stuffing\" cushioncase?<\/p>\r\n<p>Our Pebble Cushions are HUGE when full. Since shipping is based on the size of the cushions, not the weight, we have to charge a lot more. Instead, you could purchase the Pebble Cushion Cover , fill it with Premium Fiberfill on your own, and save over 80% off the normal retail price.<\/p>\r\n\t\t\n<style>\n#text-110457178 {\n  color: rgb(0,0,0);\n}\n#text-110457178 > * {\n  color: rgb(0,0,0);\n}\n<\/style>\n\t<\/div>\n\t\r\n\r\n\t\t<\/div>\n\t\t\t\t\t<\/div>\n\n\t\r\n\r\n\n<style>\n#row-1570596866 > .col > .col-inner {\n  padding: 20px 20px 10px 20px;\n  background-color: rgb(238, 238, 238);\n  border-radius: 5px;\n}\n<\/style>\n<\/div>\n","protected":false},"excerpt":{"rendered":"<ul>\n<li>Materjal: Selle realistliku kivist padja kate on valmistatud sametist, see on kergesti puhastatav ja sellele toetumiseks \u00fclimugav.<\/li>\n<li>T\u00e4itematerjal (FRE-FILLED variandi puhul): T\u00e4itematerjal on pol\u00fcesterkiudt\u00e4idis, mis on paisutatud spetsiaalse 100% pol\u00fcesterkiudude seguga, luues erakordse vastupidavuse. T\u00e4iteaine on sileda konsistentsiga ja peab vastu ka lugematutele pesukordadele. T\u00e4iteaine ei kortsu peaaegu kunagi ja ei ole allergiavastane.<\/li>\n<li>Loodusest inspireeritud disain: Need kivist padjad on loodud meenutama kivisid; pakkudes realistlikku v\u00e4limust koos padja pehmuse ja mugavusega.<\/li>\n<li>Funktsioonid: Saab kasutada p\u00f5randa-, tooli-, diivani-, \u00f5uepatjade, viskepatjade, kiilpatjadena; Suurep\u00e4rane pikkadeks reisideks ja telkimiseks; kodukaunistuseks, laste pehmeteks m\u00e4nguasjadeks, loomingulisteks kingitusteks, ka fotostuudio v\u00f5i m\u00e4ngu rekvisiitidena; Ainulaadne kingiidee s\u00fcnnip\u00e4evaks, j\u00f5uludeks, sissekolimiseks, s\u00f5pruseks, s\u00f5brap\u00e4evaks jne.<\/li>\n<li>Eelised: Ainulaadne dekoratiivne aktsent teie koju, elutuppa, laste magamistuppa, \u00fchiselamusse, kontorisse, terrassile v\u00f5i autosse, laste m\u00e4nguv\u00e4ljakule, laste m\u00e4ngutuppa, m\u00e4ngutuppa, aeda, lasteaeda, kooli, fotostuudiosse, hotelli, klubisse, baari, joogakeskusesse, moen\u00e4itusele, auton\u00e4itusele ja muudesse kohtadesse.<\/li>\n<li>Lihtne puhastada: Kinnitatud n\u00e4htamatu t\u00f5mblukk muudab katte eemaldatavaks ja pestavaks; K\u00e4sitsi pesemine on vastuv\u00f5etav.<\/li>\n<li>Pakend sisaldab: 7 tk\/komplekt, suurused: #1 30x17 tolli, #2 23x14 tolli, #3 21x12 tolli, #4 20x11 tolli, #5 15x9 tolli, #6 12x8 tolli, #7 8x8 tolli.<\/li>\n<li>Hilinenud kohaletoimetamise hoiatus: Praegused kaubad saadetakse v\u00e4lja 72 tunni jooksul p\u00e4rast makse sooritamist ja toimetatakse kohale 10-20 p\u00e4eva jooksul.<\/li>\n<\/ul>","protected":false},"featured_media":280,"comment_status":"open","ping_status":"closed","template":"","meta":[],"product_brand":[],"product_cat":[17],"product_tag":[19,35,22,20,24,26,21,29,32],"class_list":{"0":"post-288","1":"product","2":"type-product","3":"status-publish","4":"has-post-thumbnail","6":"product_cat-pebble-cushions","7":"product_tag-living-stone-pillows","8":"product_tag-livingstones","9":"product_tag-pebble-cushions","10":"product_tag-pebble-pillows","11":"product_tag-pebble-seats","12":"product_tag-rock-cushions","13":"product_tag-rock-pillows","14":"product_tag-stone-cushions","15":"product_tag-stone-pillows","17":"first","18":"instock","19":"shipping-taxable","20":"purchasable","21":"product-type-variable","22":"has-default-attributes"},"_links":{"self":[{"href":"https:\/\/www.pebblecushions.com\/et\/wp-json\/wp\/v2\/product\/288","targetHints":{"allow":["GET"]}}],"collection":[{"href":"https:\/\/www.pebblecushions.com\/et\/wp-json\/wp\/v2\/product"}],"about":[{"href":"https:\/\/www.pebblecushions.com\/et\/wp-json\/wp\/v2\/types\/product"}],"replies":[{"embeddable":true,"href":"https:\/\/www.pebblecushions.com\/et\/wp-json\/wp\/v2\/comments?post=288"}],"wp:featuredmedia":[{"embeddable":true,"href":"https:\/\/www.pebblecushions.com\/et\/wp-json\/wp\/v2\/media\/280"}],"wp:attachment":[{"href":"https:\/\/www.pebblecushions.com\/et\/wp-json\/wp\/v2\/media?parent=288"}],"wp:term":[{"taxonomy":"product_brand","embeddable":true,"href":"https:\/\/www.pebblecushions.com\/et\/wp-json\/wp\/v2\/product_brand?post=288"},{"taxonomy":"product_cat","embeddable":true,"href":"https:\/\/www.pebblecushions.com\/et\/wp-json\/wp\/v2\/product_cat?post=288"},{"taxonomy":"product_tag","embeddable":true,"href":"https:\/\/www.pebblecushions.com\/et\/wp-json\/wp\/v2\/product_tag?post=288"}],"curies":[{"name":"wp","href":"https:\/\/api.w.org\/{rel}","templated":true}]}}