{"id":69,"date":"2021-10-03T10:23:43","date_gmt":"2021-10-03T10:23:43","guid":{"rendered":"https:\/\/www.pebblecushions.com\/product\/huge-rock-pillows-living-stones-pillows-pebble-pillows-living-pillows-pre-filled-christmas-present-light-gray\/"},"modified":"2025-09-22T03:45:19","modified_gmt":"2025-09-22T03:45:19","slug":"kivikeste-padjad-kivikeste-porandapadjad-9001","status":"publish","type":"product","link":"https:\/\/www.pebblecushions.com\/et\/product\/pebble-pillows-pebble-floor-cushions-9001","title":{"rendered":"Kivikesed padjad Kivikesed p\u00f5randapadjad"},"content":{"rendered":"[zc_getpagecontent mb=&#8221;mb_aplus&#8221; apid=&#8221;16&#8243;]\n<div class=\"row fill_option_note row-box-shadow-2\"  id=\"row-9016419\">\r\n\r\n\n\t<div id=\"col-378928502\" class=\"col small-12 large-12\"  >\n\t\t\t\t<div class=\"col-inner\"  >\n\t\t\t\n\t\t\t\r\n\r\n\t<div id=\"text-2215725699\" class=\"text\">\n\t\t\r\n\r\n<p>Our Pebble Cushions offer you two options when purchasing: filled and unfilled cushion covers.<\/p>\r\n<p>If you choose to purchase the unfilled cushion cover (which is definitely tempting for the price), then you will need to fill it with a soft, sturdy yet fluffy filling, or you can fill it with your old clothes, old sheets and other textiles. Or you can get high-quality Premium Fiberfill at Walmart. Doing so will help you save some of the cost of your purchase. Each Pebble Cushion Cover has a discreet zipper along the bottom, great for maintaining the image of the pebbles, and for keeping your family comfortable while you use them. Just unzip to quickly fill the cushion with fiberfill. Likewise, it\u2019s just as easy to empty it when it comes time to wash it.<\/p>\r\n<p>If you shop for a stuffed pebble cushions, we will fill it well for you and guarantee that the stuffed polyester fiberfill inside is brand new, best quality, healthy &amp; ready for use immediately.<\/p>\r\n<p>Why is it recommended to buy \"Without Stuffing\" cushioncase?<\/p>\r\n<p>Our Pebble Cushions are HUGE when full. Since shipping is based on the size of the cushions, not the weight, we have to charge a lot more. Instead, you could purchase the Pebble Cushion Cover , fill it with Premium Fiberfill on your own, and save over 80% off the normal retail price.<\/p>\r\n\t\t\n<style>\n#text-2215725699 {\n  color: rgb(0,0,0);\n}\n#text-2215725699 > * {\n  color: rgb(0,0,0);\n}\n<\/style>\n\t<\/div>\n\t\r\n\r\n\t\t<\/div>\n\t\t\t\t\t<\/div>\n\n\t\r\n\r\n\n<style>\n#row-9016419 > .col > .col-inner {\n  padding: 20px 20px 10px 20px;\n  background-color: rgb(238, 238, 238);\n  border-radius: 5px;\n}\n<\/style>\n<\/div>\n","protected":false},"excerpt":{"rendered":"<ul>\n<li>Kangas: Polarfliis<\/li>\n<li>Kogus: 6 t\u00fckki kaasas<\/li>\n<li>Suurused: 40x20 tolli; 20x14 tolli; 20x10 tolli; 14x9 tolli; 12x7 tolli; 7x4 tolli<\/li>\n<li>V\u00e4rv: helehall<\/li>\n<li>Muster: lausv\u00e4rviline looduskivi<\/li>\n<li>T\u00e4itematerjal (FRE-FILLED variandi puhul): T\u00e4itematerjal on pol\u00fcesterkiudt\u00e4idis, mis on paisutatud spetsiaalse 100% pol\u00fcesterkiudude seguga, luues erakordse vastupidavuse. T\u00e4iteaine on sileda konsistentsiga ja peab vastu ka lugematutele pesukordadele. T\u00e4iteaine ei kortsu peaaegu kunagi ja ei ole allergiavastane.<\/li>\n<li>Nende kivipatjade k\u00f5vade kivivormide ja pehmete padjafunktsioonide t\u00e4iuslik kombinatsioon teeb neist suurep\u00e4rase kodukaunistuse, mida saab kasutada nii p\u00f5randal kui ka m\u00f6\u00f6blil. Lisaks huvitavale kallistusele v\u00f5i tekile sobib see igas vanuses inimestele.<\/li>\n<li>V\u00e4ga sarnased 3D-prinditud kivipadjad: Esmapilgul ei kujuta ette, et need on lihtsalt padjad. Leidliku disaini abil \u00fchendame padja ja \u201ekivi\u201c ideaalselt. Ellipsi kuju, sujuv kaar ja loodusliku kivi muster \u2013 k\u00f5ik see kokku annab padjale t\u00f5elise kivi moodi v\u00e4limuse. Need erksad padjad muudavad meie kodu huvitavaks kohaks.<\/li>\n<li>Mida sa n\u00e4ed, seda sa saad.<\/li>\n<\/ul>","protected":false},"featured_media":58,"comment_status":"open","ping_status":"closed","template":"","meta":[],"product_brand":[],"product_cat":[15],"product_tag":[34,19,22,20,26,21,30,27],"class_list":{"0":"post-69","1":"product","2":"type-product","3":"status-publish","4":"has-post-thumbnail","6":"product_cat-livingstones","7":"product_tag-felt-rock-pillows","8":"product_tag-living-stone-pillows","9":"product_tag-pebble-cushions","10":"product_tag-pebble-pillows","11":"product_tag-rock-cushions","12":"product_tag-rock-pillows","13":"product_tag-soft-rock-pillows","14":"product_tag-stone-floor-pillows","16":"first","17":"instock","18":"featured","19":"shipping-taxable","20":"purchasable","21":"product-type-variable","22":"has-default-attributes"},"_links":{"self":[{"href":"https:\/\/www.pebblecushions.com\/et\/wp-json\/wp\/v2\/product\/69","targetHints":{"allow":["GET"]}}],"collection":[{"href":"https:\/\/www.pebblecushions.com\/et\/wp-json\/wp\/v2\/product"}],"about":[{"href":"https:\/\/www.pebblecushions.com\/et\/wp-json\/wp\/v2\/types\/product"}],"replies":[{"embeddable":true,"href":"https:\/\/www.pebblecushions.com\/et\/wp-json\/wp\/v2\/comments?post=69"}],"wp:featuredmedia":[{"embeddable":true,"href":"https:\/\/www.pebblecushions.com\/et\/wp-json\/wp\/v2\/media\/58"}],"wp:attachment":[{"href":"https:\/\/www.pebblecushions.com\/et\/wp-json\/wp\/v2\/media?parent=69"}],"wp:term":[{"taxonomy":"product_brand","embeddable":true,"href":"https:\/\/www.pebblecushions.com\/et\/wp-json\/wp\/v2\/product_brand?post=69"},{"taxonomy":"product_cat","embeddable":true,"href":"https:\/\/www.pebblecushions.com\/et\/wp-json\/wp\/v2\/product_cat?post=69"},{"taxonomy":"product_tag","embeddable":true,"href":"https:\/\/www.pebblecushions.com\/et\/wp-json\/wp\/v2\/product_tag?post=69"}],"curies":[{"name":"wp","href":"https:\/\/api.w.org\/{rel}","templated":true}]}}