{"id":113,"date":"2021-10-03T12:01:45","date_gmt":"2021-10-03T12:01:45","guid":{"rendered":"https:\/\/www.pebblecushions.com\/product\/living-stone-pillows-rock-pillows-pebble-cushions-decorative-floor-pillows-accent-throw-pillows-fun-birthday-gift-7-pieces-9013\/"},"modified":"2024-10-03T23:26:23","modified_gmt":"2024-10-03T23:26:23","slug":"kivilattiatyynyt-pikkukivilattiatyynyt-9013","status":"publish","type":"product","link":"https:\/\/www.pebblecushions.com\/fi\/product\/stone-floor-pillows-pebble-floor-cushions-9013","title":{"rendered":"Kivilattiatyynyt Pikkukivilattiatyynyt"},"content":{"rendered":"[zc_getpagecontent mb=&#8221;mb_aplus&#8221; apid=&#8221;20&#8243;]\n<div class=\"row fill_option_note row-box-shadow-2\"  id=\"row-775157672\">\r\n\r\n\n\t<div id=\"col-176667889\" class=\"col small-12 large-12\"  >\n\t\t\t\t<div class=\"col-inner\"  >\n\t\t\t\n\t\t\t\r\n\r\n\t<div id=\"text-1633143585\" class=\"text\">\n\t\t\r\n\r\n<p>Our Pebble Cushions offer you two options when purchasing: filled and unfilled cushion covers.<\/p>\r\n<p>If you choose to purchase the unfilled cushion cover (which is definitely tempting for the price), then you will need to fill it with a soft, sturdy yet fluffy filling, or you can fill it with your old clothes, old sheets and other textiles. Or you can get high-quality Premium Fiberfill at Walmart. Doing so will help you save some of the cost of your purchase. Each Pebble Cushion Cover has a discreet zipper along the bottom, great for maintaining the image of the pebbles, and for keeping your family comfortable while you use them. Just unzip to quickly fill the cushion with fiberfill. Likewise, it\u2019s just as easy to empty it when it comes time to wash it.<\/p>\r\n<p>If you shop for a stuffed pebble cushions, we will fill it well for you and guarantee that the stuffed polyester fiberfill inside is brand new, best quality, healthy &amp; ready for use immediately.<\/p>\r\n<p>Why is it recommended to buy \"Without Stuffing\" cushioncase?<\/p>\r\n<p>Our Pebble Cushions are HUGE when full. Since shipping is based on the size of the cushions, not the weight, we have to charge a lot more. Instead, you could purchase the Pebble Cushion Cover , fill it with Premium Fiberfill on your own, and save over 80% off the normal retail price.<\/p>\r\n\t\t\n<style>\n#text-1633143585 {\n  color: rgb(0,0,0);\n}\n#text-1633143585 > * {\n  color: rgb(0,0,0);\n}\n<\/style>\n\t<\/div>\n\t\r\n\r\n\t\t<\/div>\n\t\t\t\t\t<\/div>\n\n\t\r\n\r\n\n<style>\n#row-775157672 > .col > .col-inner {\n  padding: 20px 20px 10px 20px;\n  background-color: rgb(238, 238, 238);\n  border-radius: 5px;\n}\n<\/style>\n<\/div>\n","protected":false},"excerpt":{"rendered":"<ul>\n<li>Sametti (100% polyesteri) tyynynp\u00e4\u00e4lliset ja ilman t\u00e4ytett\u00e4<\/li>\n<li>Huippulaatua: Valmistettu pehme\u00e4st\u00e4 ja paksusta samettimateriaalista, tiukka tikkaus parantaa kest\u00e4vyytt\u00e4 ja est\u00e4\u00e4 rispaantumista ja repe\u00e4mist\u00e4. Tukeva piilovetoketju tekee tyynynp\u00e4\u00e4llisest\u00e4 helposti irrotettavan ja pest\u00e4v\u00e4n.<\/li>\n<li>Luova suunnittelu: Suunnittelija ottaa luonnonkivet p\u00e4\u00e4kohteekseen ja suunnittelee erilaisia kivikoristetyynyj\u00e4. N\u00e4m\u00e4 realistiset kivityynyt luovat rikkaan ja luonnollisen tunnelman sis\u00e4tiloihin.<\/li>\n<li>Koristeellinen heittotyyny: Jos etsit jotain erilaista olohuoneesi sisustukseen, et voi ohittaa kirkkaanv\u00e4risi\u00e4 kivilattiatyynyj\u00e4. N\u00e4m\u00e4 kivityynyt lis\u00e4\u00e4v\u00e4t tyylikk\u00e4\u00e4n silauksen huoneeseesi ja ne voivat muuttaa huoneen ilmett\u00e4 nopeasti ja helposti tehden kodistasi ainutlaatuisen. Olohuone, sohva, vuodesohva, sis\u00e4tilat, patio, lattia, ulkotilat, makuuhuone, toimisto jne.<\/li>\n<li>Uskomme, ett\u00e4 lapsesi rakastavat t\u00e4t\u00e4 eritt\u00e4in pehme\u00e4\u00e4, erimuotoista kivityyny\u00e4, koska juuri heid\u00e4n sukulaisensa leikkiv\u00e4t niill\u00e4. K\u00e4yt\u00e4 n\u00e4it\u00e4 kivikoristetyynyj\u00e4 l\u00e4henty\u00e4ksesi lapsiasi ja lis\u00e4t\u00e4ksesi kiintymyst\u00e4 sinun ja lapsesi v\u00e4lill\u00e4 leikin aikana.<\/li>\n<li>Luo vaatimattomaan kotiisi maanl\u00e4heinen tunnelma luomalla ihanteellinen oleskeluymp\u00e4rist\u00f6 n\u00e4ill\u00e4 kivityynyill\u00e4. Jokainen kovien kivien kasaksi naamioitu tyyny on valmistettu ensiluokkaisesta kankaasta ja sit\u00e4 on saatavilla eri kokoisina ja viimeistelyin\u00e4 realistisen maiseman luomiseksi.<\/li>\n<li>M\u00e4\u00e4r\u00e4: 7 kappaletta \/ setti<\/li>\n<li>Koko: #1 30x17 tuumaa, #2 23x14 tuumaa, #3 21x12 tuumaa, #4 20x11 tuumaa, #5 15x9 tuumaa, #6 12x8 tuumaa, #7 8x8 tuumaa<\/li>\n<\/ul>","protected":false},"featured_media":107,"comment_status":"open","ping_status":"closed","template":"","meta":[],"product_brand":[],"product_cat":[18],"product_tag":[19,28,20,26,21,30,29],"class_list":{"0":"post-113","1":"product","2":"type-product","3":"status-publish","4":"has-post-thumbnail","6":"product_cat-pebble-seats","7":"product_tag-living-stone-pillows","8":"product_tag-pebble-floor-cushions","9":"product_tag-pebble-pillows","10":"product_tag-rock-cushions","11":"product_tag-rock-pillows","12":"product_tag-soft-rock-pillows","13":"product_tag-stone-cushions","15":"first","16":"instock","17":"shipping-taxable","18":"purchasable","19":"product-type-variable","20":"has-default-attributes"},"_links":{"self":[{"href":"https:\/\/www.pebblecushions.com\/fi\/wp-json\/wp\/v2\/product\/113","targetHints":{"allow":["GET"]}}],"collection":[{"href":"https:\/\/www.pebblecushions.com\/fi\/wp-json\/wp\/v2\/product"}],"about":[{"href":"https:\/\/www.pebblecushions.com\/fi\/wp-json\/wp\/v2\/types\/product"}],"replies":[{"embeddable":true,"href":"https:\/\/www.pebblecushions.com\/fi\/wp-json\/wp\/v2\/comments?post=113"}],"wp:featuredmedia":[{"embeddable":true,"href":"https:\/\/www.pebblecushions.com\/fi\/wp-json\/wp\/v2\/media\/107"}],"wp:attachment":[{"href":"https:\/\/www.pebblecushions.com\/fi\/wp-json\/wp\/v2\/media?parent=113"}],"wp:term":[{"taxonomy":"product_brand","embeddable":true,"href":"https:\/\/www.pebblecushions.com\/fi\/wp-json\/wp\/v2\/product_brand?post=113"},{"taxonomy":"product_cat","embeddable":true,"href":"https:\/\/www.pebblecushions.com\/fi\/wp-json\/wp\/v2\/product_cat?post=113"},{"taxonomy":"product_tag","embeddable":true,"href":"https:\/\/www.pebblecushions.com\/fi\/wp-json\/wp\/v2\/product_tag?post=113"}],"curies":[{"name":"wp","href":"https:\/\/api.w.org\/{rel}","templated":true}]}}