{"id":19034,"date":"2026-03-01T02:17:08","date_gmt":"2026-03-01T02:17:08","guid":{"rendered":"https:\/\/www.pebblecushions.com\/product\/neo-livingstones-pebble-cushions-pebble-pillows-rock-pillows-set"},"modified":"2026-03-02T20:26:46","modified_gmt":"2026-03-02T20:26:46","slug":"neo-livingstones-kivityynyt-kivityynyt-kivityynysetti","status":"publish","type":"product","link":"https:\/\/www.pebblecushions.com\/fi\/product\/neo-livingstones-pebble-cushions-pebble-pillows-rock-pillows-set","title":{"rendered":"Neo-LivingStones Pebble-tyynyt Pebble-tyynyt Rock-tyynysetti"},"content":{"rendered":"[zc_getpagecontent mb=&#8221;mb_aplus&#8221; apid=&#8221;165&#8243;]\n","protected":false},"excerpt":{"rendered":"<ul>\n<li>Yhdistele kokoja: Saatavilla kuudessa eri koossa (20 cm - 95 cm pitkin\u00e4), Soft Stone -tyynyj\u00e4 voi pinota, levitt\u00e4\u00e4 tai ryhmitell\u00e4 luomaan oman yksil\u00f6llisen pehme\u00e4n oleskelutilan. Sopii erinomaisesti rahiksi, lattiatyynyksi tai koristetyynyksi.<\/li>\n<li>Laadukas materiaali: Pehme\u00e4st\u00e4 ja tukevasta polypropeenipuuvillasta (PP) ja ensiluokkaisesta harjatusta polyesterineulotusta kankaasta valmistetut tyynyt sopivat t\u00e4ydellisesti rentoutumiseen, istumiseen, l\u00f6h\u00f6ilyyn tai jopa mielikuvitukselliseen leikkiin. Tukevat mutta pehme\u00e4t.<\/li>\n<li>Helppo huolto ja asennus: Kokoamaton ja kevyt. Liukumaton pohja turvallisuuden takaamiseksi. Puhdista vain kostealla liinalla. Vetoketjut voidaan avata paperiliittimell\u00e4 tarvittaessa \u2013 katso mukana toimitettu kuvaopas.<\/li>\n<li>Erityinen valmistustekniikka: K\u00e4yt\u00e4mme tuotteidemme ulkon\u00e4\u00f6ss\u00e4 edistyneit\u00e4 paneelien ompelutekniikoita, jotka takaavat herk\u00e4n ja hienostuneen ulkon\u00e4\u00f6n.<\/li>\n<li>Myyd\u00e4\u00e4n nelj\u00e4n\u00e4 eri settin\u00e4: Valitse nelj\u00e4st\u00e4 kuratoidusta setist\u00e4 \u2013 katso tuotekuvista setin tarkka sis\u00e4lt\u00f6; saat mit\u00e4 n\u00e4et.<\/li>\n<li>Uuden tuotteen lanseeraus: 90 p\u00e4iv\u00e4n hintatakuu. Jos hinta laskee 90 p\u00e4iv\u00e4n kuluessa, hyvit\u00e4mme erotuksen.<\/li>\n<li>Palautus- ja vaihtoehdot: Ostaja on vastuussa palautuskuluista palautuksen tai vaihdon yhteydess\u00e4.<\/li>\n<\/ul>","protected":false},"featured_media":19016,"comment_status":"open","ping_status":"closed","template":"","meta":[],"product_brand":[],"product_cat":[15],"product_tag":[],"class_list":{"0":"post-19034","1":"product","2":"type-product","3":"status-publish","4":"has-post-thumbnail","6":"product_cat-livingstones","8":"first","9":"instock","10":"sold-individually","11":"shipping-taxable","12":"purchasable","13":"product-type-variable","14":"has-default-attributes"},"_links":{"self":[{"href":"https:\/\/www.pebblecushions.com\/fi\/wp-json\/wp\/v2\/product\/19034","targetHints":{"allow":["GET"]}}],"collection":[{"href":"https:\/\/www.pebblecushions.com\/fi\/wp-json\/wp\/v2\/product"}],"about":[{"href":"https:\/\/www.pebblecushions.com\/fi\/wp-json\/wp\/v2\/types\/product"}],"replies":[{"embeddable":true,"href":"https:\/\/www.pebblecushions.com\/fi\/wp-json\/wp\/v2\/comments?post=19034"}],"wp:featuredmedia":[{"embeddable":true,"href":"https:\/\/www.pebblecushions.com\/fi\/wp-json\/wp\/v2\/media\/19016"}],"wp:attachment":[{"href":"https:\/\/www.pebblecushions.com\/fi\/wp-json\/wp\/v2\/media?parent=19034"}],"wp:term":[{"taxonomy":"product_brand","embeddable":true,"href":"https:\/\/www.pebblecushions.com\/fi\/wp-json\/wp\/v2\/product_brand?post=19034"},{"taxonomy":"product_cat","embeddable":true,"href":"https:\/\/www.pebblecushions.com\/fi\/wp-json\/wp\/v2\/product_cat?post=19034"},{"taxonomy":"product_tag","embeddable":true,"href":"https:\/\/www.pebblecushions.com\/fi\/wp-json\/wp\/v2\/product_tag?post=19034"}],"curies":[{"name":"wp","href":"https:\/\/api.w.org\/{rel}","templated":true}]}}