{"id":5211,"date":"2024-10-05T03:00:22","date_gmt":"2024-10-05T03:00:22","guid":{"rendered":"https:\/\/www.pebblecushions.com\/product\/headboard-pillow-white-plush-large-wedge-reading-pillow"},"modified":"2026-03-24T02:16:36","modified_gmt":"2026-03-24T02:16:36","slug":"sangynpaatytyyny-valkoinen-muhkea-suuri-kiilamainen-lukutyyny","status":"publish","type":"product","link":"https:\/\/www.pebblecushions.com\/fi\/product\/headboard-pillow-white-plush-large-wedge-reading-pillow","title":{"rendered":"S\u00e4ngynp\u00e4\u00e4tytyyny Valkoinen Pehmoinen Suuri Kiilamainen Lukutyyny"},"content":{"rendered":"","protected":false},"excerpt":{"rendered":"<ul>\n<li><strong>MONIK\u00c4YTT\u00d6ISYYS:<\/strong> Kiilamainen s\u00e4ngynp\u00e4\u00e4tytyynymme on enemm\u00e4n kuin pelkk\u00e4 s\u00e4ngynp\u00e4\u00e4tytyyny, joka tukee useita k\u00e4ytt\u00f6tarkoituksia ja sopii ihanteellisesti sel\u00e4n tukemiseen, jalkojen nostamiseen, lukemiseen, television katseluun ja moniin muihin asentoihin vastaamaan moninaisiin tarpeisiisi.<\/li>\n<li><strong>ERGONOMINEN MUOTOILU:<\/strong> Intiimihoito, ergonominen kekseli\u00e4isyys. Tarjoaa mukavinta tukea, v\u00e4hent\u00e4\u00e4 kaula- ja lannerangan nikamiin kohdistuvaa painetta ja nauti jokaisesta mukavuuden ja viihtyisyyden hetkest\u00e4.<\/li>\n<li><strong>MUKAVUUS:<\/strong> Suuri kolmionmuotoinen kiilatyyny on valmistettu korkealaatuisista materiaaleista ja hienovaraisesta prosessointitekniikasta, mik\u00e4 varmistaa kiilatyynyn pehmeyden ja mukavuuden, jotta voit nauttia intiimist\u00e4 istuvuudesta, l\u00e4mpim\u00e4st\u00e4 ja mukavasta tunteesta.<\/li>\n<li><strong>MATERIAALI:<\/strong> Vuodesohvan selk\u00e4tyynyt on valmistettu korkealaatuisista kankaista, jotka ovat pehmeit\u00e4 ja ihoyst\u00e4v\u00e4llisi\u00e4, rypistym\u00e4tt\u00f6mi\u00e4 ja kulutusta kest\u00e4vi\u00e4. Ne tarjoavat miellytt\u00e4v\u00e4n tuntuman ja erinomaisen hengitt\u00e4vyyden pit\u00e4en sinut kuivana ja mukavana.<\/li>\n<li><strong>HELPPO PUHDISTAA:<\/strong> Kiilatyynyss\u00e4 on irrotettava ja pest\u00e4v\u00e4 p\u00e4\u00e4llinen helppoa hoitoa varten, joten sinulla on aina raikas ja siisti lepoymp\u00e4rist\u00f6.<\/li>\n<li><strong>Koko:<\/strong> 60 cm (60 * 20 * 50 cm), 80 cm (80 * 20 * 50 cm), 100 cm (100 * 20 * 50 cm), 120 cm (120 * 20 * 50 cm), 140 cm (140 * 20 * 50 cm), 160 cm (160 * 20 * 50 cm), 180 cm (180 * 20 * 50 cm), 200 cm (200 * 20 * 50 cm)<\/li>\n<\/ul>","protected":false},"featured_media":5199,"comment_status":"open","ping_status":"closed","template":"","meta":[],"product_brand":[],"product_cat":[55],"product_tag":[],"class_list":{"0":"post-5211","1":"product","2":"type-product","3":"status-publish","4":"has-post-thumbnail","6":"product_cat-living-cushions","8":"first","9":"instock","10":"featured","11":"sold-individually","12":"shipping-taxable","13":"purchasable","14":"product-type-variable","15":"has-default-attributes"},"_links":{"self":[{"href":"https:\/\/www.pebblecushions.com\/fi\/wp-json\/wp\/v2\/product\/5211","targetHints":{"allow":["GET"]}}],"collection":[{"href":"https:\/\/www.pebblecushions.com\/fi\/wp-json\/wp\/v2\/product"}],"about":[{"href":"https:\/\/www.pebblecushions.com\/fi\/wp-json\/wp\/v2\/types\/product"}],"replies":[{"embeddable":true,"href":"https:\/\/www.pebblecushions.com\/fi\/wp-json\/wp\/v2\/comments?post=5211"}],"wp:featuredmedia":[{"embeddable":true,"href":"https:\/\/www.pebblecushions.com\/fi\/wp-json\/wp\/v2\/media\/5199"}],"wp:attachment":[{"href":"https:\/\/www.pebblecushions.com\/fi\/wp-json\/wp\/v2\/media?parent=5211"}],"wp:term":[{"taxonomy":"product_brand","embeddable":true,"href":"https:\/\/www.pebblecushions.com\/fi\/wp-json\/wp\/v2\/product_brand?post=5211"},{"taxonomy":"product_cat","embeddable":true,"href":"https:\/\/www.pebblecushions.com\/fi\/wp-json\/wp\/v2\/product_cat?post=5211"},{"taxonomy":"product_tag","embeddable":true,"href":"https:\/\/www.pebblecushions.com\/fi\/wp-json\/wp\/v2\/product_tag?post=5211"}],"curies":[{"name":"wp","href":"https:\/\/api.w.org\/{rel}","templated":true}]}}