{"id":5250,"date":"2024-10-05T04:03:34","date_gmt":"2024-10-05T04:03:34","guid":{"rendered":"https:\/\/www.pebblecushions.com\/product\/large-adjustable-recliner-multi-piece-folding-sofa-for-home"},"modified":"2025-08-18T02:36:41","modified_gmt":"2025-08-18T02:36:41","slug":"suuri-saadettava-lepotuoli-moniosainen-taittosohva-kotiin","status":"publish","type":"product","link":"https:\/\/www.pebblecushions.com\/fi\/product\/large-adjustable-recliner-multi-piece-folding-sofa-for-home","title":{"rendered":"Suuri s\u00e4\u00e4dett\u00e4v\u00e4 lepotuoli, moniosainen kokoontaitettava sohva kotiin"},"content":{"rendered":"","protected":false},"excerpt":{"rendered":"<ul>\n<li>Monipuolinen istuinj\u00e4rjestelm\u00e4: T\u00e4m\u00e4 moniosainen kokoontaitettava lattiasohva tarjoaa s\u00e4\u00e4dett\u00e4v\u00e4\u00e4 mukavuutta rentoutumiseen, lukemiseen tai nukkumiseen olohuoneessa tai makuuhuoneessa.<\/li>\n<li>Tilava koko: Koottuna se on kooltaan 91,4 * 91,4 * 30,4 cm, joten se tarjoaa runsaasti tilaa rentoutumiseen.<\/li>\n<li>Kannettava muotoilu: Kevyiden, taittuvien paneelien ansiosta sit\u00e4 on helppo siirt\u00e4\u00e4 tai varastoida, kun sit\u00e4 ei k\u00e4ytet\u00e4.<\/li>\n<li>Tukeva tyyny: Paksu pehmustettu tyyny tarjoaa mukavan ja tukevan istumiskokemuksen.<\/li>\n<li>Tyylik\u00e4s ulkon\u00e4k\u00f6: Beige v\u00e4ri ja moderni muotoilu sopivat saumattomasti yhteen monien sisustustyylien kanssa.<\/li>\n<\/ul>","protected":false},"featured_media":5243,"comment_status":"open","ping_status":"closed","template":"","meta":[],"product_brand":[],"product_cat":[55],"product_tag":[],"class_list":{"0":"post-5250","1":"product","2":"type-product","3":"status-publish","4":"has-post-thumbnail","6":"product_cat-living-cushions","8":"first","9":"outofstock","10":"shipping-taxable","11":"purchasable","12":"product-type-simple"},"_links":{"self":[{"href":"https:\/\/www.pebblecushions.com\/fi\/wp-json\/wp\/v2\/product\/5250","targetHints":{"allow":["GET"]}}],"collection":[{"href":"https:\/\/www.pebblecushions.com\/fi\/wp-json\/wp\/v2\/product"}],"about":[{"href":"https:\/\/www.pebblecushions.com\/fi\/wp-json\/wp\/v2\/types\/product"}],"replies":[{"embeddable":true,"href":"https:\/\/www.pebblecushions.com\/fi\/wp-json\/wp\/v2\/comments?post=5250"}],"wp:featuredmedia":[{"embeddable":true,"href":"https:\/\/www.pebblecushions.com\/fi\/wp-json\/wp\/v2\/media\/5243"}],"wp:attachment":[{"href":"https:\/\/www.pebblecushions.com\/fi\/wp-json\/wp\/v2\/media?parent=5250"}],"wp:term":[{"taxonomy":"product_brand","embeddable":true,"href":"https:\/\/www.pebblecushions.com\/fi\/wp-json\/wp\/v2\/product_brand?post=5250"},{"taxonomy":"product_cat","embeddable":true,"href":"https:\/\/www.pebblecushions.com\/fi\/wp-json\/wp\/v2\/product_cat?post=5250"},{"taxonomy":"product_tag","embeddable":true,"href":"https:\/\/www.pebblecushions.com\/fi\/wp-json\/wp\/v2\/product_tag?post=5250"}],"curies":[{"name":"wp","href":"https:\/\/api.w.org\/{rel}","templated":true}]}}