{"id":5335,"date":"2024-10-18T03:29:47","date_gmt":"2024-10-18T03:29:47","guid":{"rendered":"https:\/\/www.pebblecushions.com\/product\/large-wedge-reading-pillow-for-bed-daybed-bolster-backrest-white"},"modified":"2025-09-22T03:52:01","modified_gmt":"2025-09-22T03:52:01","slug":"suuri-kiilamainen-lukutyyny-sangyn-leposohvan-selkanojalle-valkoinen","status":"publish","type":"product","link":"https:\/\/www.pebblecushions.com\/fi\/product\/large-wedge-reading-pillow-for-bed-daybed-bolster-backrest-white","title":{"rendered":"Suuri kiilamainen lukutyyny s\u00e4ngyn vuoteeseen, selk\u00e4nojan tuki, valkoinen"},"content":{"rendered":"","protected":false},"excerpt":{"rendered":"<ul>\n<li>Huippumukavuus: T\u00e4m\u00e4 XL-kokoinen s\u00e4ngynp\u00e4\u00e4tytyyny tarjoaa erinomaista mukavuutta kolmionmuotoisen muotoilunsa ansiosta. S\u00e4ngyntukityyny sopii hyvin selk\u00e4\u00e4n ja vy\u00f6t\u00e4r\u00f6\u00f6n minimoiden lannerangan\/sel\u00e4n paineen. T\u00e4m\u00e4 kiilamainen lukutyyny auttaa sinua pysym\u00e4\u00e4n j\u00e4nnittyneen\u00e4 s\u00e4ngyss\u00e4 tai sohvalla, mik\u00e4 sopii erinomaisesti y\u00f6ky\u00f6peleille, lukutoukoille ja television katseluun s\u00e4ngyss\u00e4. T\u00e4m\u00e4 extrasuuri s\u00e4ngynp\u00e4\u00e4tytyyny on ainoa kiilamainen s\u00e4ngynp\u00e4\u00e4tytyyny, johon mahtuu kaksi henkil\u00f6\u00e4.<\/li>\n<li>3-in-1 suuri s\u00e4ngynp\u00e4\u00e4tytyyny: Voit k\u00e4ytt\u00e4\u00e4 tyyny\u00e4 pystyasennossa selk\u00e4\u00e4 tukevana s\u00e4ngyss\u00e4 istuessasi tai asettaa sen tasaiseksi s\u00e4ngylle k\u00e4ytt\u00e4\u00e4ksesi sit\u00e4 suurena kiilatyynyn\u00e4 sel\u00e4ll\u00e4\u00e4n tai kyljell\u00e4\u00e4n nukkuessasi tai jalkatyynyn\u00e4 jalkojen nostamiseksi. Jos haluat suuren s\u00e4ngynp\u00e4\u00e4tytyynyn, joka tukee sek\u00e4 sinua ett\u00e4 puolisoasi, se on erinomainen vaihtoehto.<\/li>\n<li>Monitoiminen muotoilu: Jotkut k\u00e4ytt\u00e4v\u00e4t kolmionmuotoista suurta tyyny\u00e4 s\u00e4ngynp\u00e4\u00e4dyn tyynyn\u00e4, kun taas toiset k\u00e4ytt\u00e4v\u00e4t sit\u00e4 puskurityynyn\u00e4. Sit\u00e4 voi k\u00e4ytt\u00e4\u00e4 my\u00f6s sohvan tai vuoteen selk\u00e4nojan tukityynyn\u00e4. Se on sek\u00e4 tyylik\u00e4s ett\u00e4 toimiva, joten se on erinomainen lis\u00e4 mihin tahansa makuuhuoneeseen.<\/li>\n<li>Huippulaatua: Tyynyliina on samettikuvioinen ja sen koostumus on 100%-polyesteri\u00e4. S\u00e4ngynp\u00e4\u00e4tytyynymme on hengitt\u00e4v\u00e4 ja mukava pit\u00e4\u00e4kseen muotonsa eik\u00e4 menett\u00e4\u00e4kseen muotoaan ajan my\u00f6t\u00e4. Kummallakin puolella olevaan sivutaskuun voit sujauttaa kirjan tai puhelimen.<\/li>\n<li>Helppo pest\u00e4: Lukutyynyn p\u00e4\u00e4llinen on kiinnitetty tyynyyn napeilla ja se on helppo irrottaa yksinkertaisen vetoketjun avulla. T\u00e4m\u00e4 tekee sen puhdistamisesta vaivatonta. Poista vain p\u00e4\u00e4llinen ja pese se nopeasti koneessa, niin tyynysi n\u00e4ytt\u00e4\u00e4 uudelta.<\/li>\n<li><strong>Koko:<\/strong> 60cm (60*20*50cm, 2 nappia), 80cm (80*20*50cm, 2 nappia), 100cm (100*20*50cm, 3 nappia), 120cm (120*20*50cm, 4 nappia), 140cm (140*20*50cm, 4 nappia), 160cm (160*20*50cm, 5 nappia), 180cm (180*20*50cm, 6 nappia), 200cm (200*20*50cm, 7 nappia)<\/li>\n<\/ul>","protected":false},"featured_media":5319,"comment_status":"open","ping_status":"closed","template":"","meta":[],"product_brand":[],"product_cat":[55],"product_tag":[],"class_list":{"0":"post-5335","1":"product","2":"type-product","3":"status-publish","4":"has-post-thumbnail","6":"product_cat-living-cushions","8":"first","9":"instock","10":"featured","11":"shipping-taxable","12":"purchasable","13":"product-type-variable","14":"has-default-attributes"},"_links":{"self":[{"href":"https:\/\/www.pebblecushions.com\/fi\/wp-json\/wp\/v2\/product\/5335","targetHints":{"allow":["GET"]}}],"collection":[{"href":"https:\/\/www.pebblecushions.com\/fi\/wp-json\/wp\/v2\/product"}],"about":[{"href":"https:\/\/www.pebblecushions.com\/fi\/wp-json\/wp\/v2\/types\/product"}],"replies":[{"embeddable":true,"href":"https:\/\/www.pebblecushions.com\/fi\/wp-json\/wp\/v2\/comments?post=5335"}],"wp:featuredmedia":[{"embeddable":true,"href":"https:\/\/www.pebblecushions.com\/fi\/wp-json\/wp\/v2\/media\/5319"}],"wp:attachment":[{"href":"https:\/\/www.pebblecushions.com\/fi\/wp-json\/wp\/v2\/media?parent=5335"}],"wp:term":[{"taxonomy":"product_brand","embeddable":true,"href":"https:\/\/www.pebblecushions.com\/fi\/wp-json\/wp\/v2\/product_brand?post=5335"},{"taxonomy":"product_cat","embeddable":true,"href":"https:\/\/www.pebblecushions.com\/fi\/wp-json\/wp\/v2\/product_cat?post=5335"},{"taxonomy":"product_tag","embeddable":true,"href":"https:\/\/www.pebblecushions.com\/fi\/wp-json\/wp\/v2\/product_tag?post=5335"}],"curies":[{"name":"wp","href":"https:\/\/api.w.org\/{rel}","templated":true}]}}