{"id":5211,"date":"2024-10-05T03:00:22","date_gmt":"2024-10-05T03:00:22","guid":{"rendered":"https:\/\/www.pebblecushions.com\/product\/headboard-pillow-white-plush-large-wedge-reading-pillow"},"modified":"2026-03-24T02:16:36","modified_gmt":"2026-03-24T02:16:36","slug":"oreiller-de-tete-de-lit-blanc-en-peluche-grand-oreiller-de-lecture-cuneiforme","status":"publish","type":"product","link":"https:\/\/www.pebblecushions.com\/fr\/product\/headboard-pillow-white-plush-large-wedge-reading-pillow","title":{"rendered":"Oreiller de t\u00eate de lit en peluche blanche Oreiller de lecture \u00e0 large cale"},"content":{"rendered":"","protected":false},"excerpt":{"rendered":"<ul>\n<li><strong>LA MULTIFONCTIONNALIT\u00c9 :<\/strong> Plus qu'un simple oreiller de t\u00eate de lit, notre oreiller cun\u00e9iforme peut \u00eatre utilis\u00e9 \u00e0 diverses fins, notamment pour soutenir le dos, sur\u00e9lever les jambes, lire, regarder la t\u00e9l\u00e9vision et bien d'autres postures, afin de r\u00e9pondre \u00e0 vos multiples besoins.<\/li>\n<li><strong>CONCEPTION ERGONOMIQUE :<\/strong> soins intimes, ing\u00e9niosit\u00e9 ergonomique. Il vous offre le soutien le plus confortable, r\u00e9duit la pression sur les vert\u00e8bres cervicales et lombaires, et vous permet de profiter de chaque instant de confort et d'intimit\u00e9.<\/li>\n<li><strong>LE CONFORT :<\/strong> Le grand oreiller triangulaire est fabriqu\u00e9 \u00e0 partir de mat\u00e9riaux de haute qualit\u00e9 et d'une technologie de traitement d\u00e9licate pour garantir la douceur et le confort de l'oreiller cun\u00e9iforme, afin que vous puissiez profiter d'un ajustement intime, d'une sensation de chaleur et de confort.<\/li>\n<li><strong>MAT\u00c9RIEL :<\/strong> Les oreillers du dossier du lit de jour sont fabriqu\u00e9s dans des tissus de haute qualit\u00e9, doux et agr\u00e9ables \u00e0 la peau, infroissables et r\u00e9sistants \u00e0 l'usure. Ils offrent un toucher confortable et une excellente respirabilit\u00e9, ce qui vous permet de rester au sec et \u00e0 l'aise.<\/li>\n<li><strong>FACILE \u00c0 NETTOYER :<\/strong> L'oreiller cun\u00e9iforme est dot\u00e9 d'une housse amovible et lavable pour un entretien facile, ce qui vous permet de toujours disposer d'un environnement de repos frais et propre.<\/li>\n<li><strong>Taille :<\/strong> 60cm (60*20*50cm),80cm (80*20*50cm),100cm (100*20*50cm),120cm (120*20*50cm),140cm (140*20*50cm),160cm (160*20*50cm),180cm (180*20*50cm),200cm (200*20*50cm)<\/li>\n<\/ul>","protected":false},"featured_media":5199,"comment_status":"open","ping_status":"closed","template":"","meta":[],"product_brand":[],"product_cat":[55],"product_tag":[],"class_list":{"0":"post-5211","1":"product","2":"type-product","3":"status-publish","4":"has-post-thumbnail","6":"product_cat-living-cushions","8":"first","9":"instock","10":"featured","11":"sold-individually","12":"shipping-taxable","13":"purchasable","14":"product-type-variable","15":"has-default-attributes"},"_links":{"self":[{"href":"https:\/\/www.pebblecushions.com\/fr\/wp-json\/wp\/v2\/product\/5211","targetHints":{"allow":["GET"]}}],"collection":[{"href":"https:\/\/www.pebblecushions.com\/fr\/wp-json\/wp\/v2\/product"}],"about":[{"href":"https:\/\/www.pebblecushions.com\/fr\/wp-json\/wp\/v2\/types\/product"}],"replies":[{"embeddable":true,"href":"https:\/\/www.pebblecushions.com\/fr\/wp-json\/wp\/v2\/comments?post=5211"}],"wp:featuredmedia":[{"embeddable":true,"href":"https:\/\/www.pebblecushions.com\/fr\/wp-json\/wp\/v2\/media\/5199"}],"wp:attachment":[{"href":"https:\/\/www.pebblecushions.com\/fr\/wp-json\/wp\/v2\/media?parent=5211"}],"wp:term":[{"taxonomy":"product_brand","embeddable":true,"href":"https:\/\/www.pebblecushions.com\/fr\/wp-json\/wp\/v2\/product_brand?post=5211"},{"taxonomy":"product_cat","embeddable":true,"href":"https:\/\/www.pebblecushions.com\/fr\/wp-json\/wp\/v2\/product_cat?post=5211"},{"taxonomy":"product_tag","embeddable":true,"href":"https:\/\/www.pebblecushions.com\/fr\/wp-json\/wp\/v2\/product_tag?post=5211"}],"curies":[{"name":"wp","href":"https:\/\/api.w.org\/{rel}","templated":true}]}}