{"id":5360,"date":"2024-10-18T03:37:06","date_gmt":"2024-10-18T03:37:06","guid":{"rendered":"https:\/\/www.pebblecushions.com\/product\/large-wedge-reading-pillow-for-bed-daybed-bolster-backrest-black"},"modified":"2025-09-22T03:52:00","modified_gmt":"2025-09-22T03:52:00","slug":"grand-coussin-de-lecture-pour-lit-lit-de-jour-dossier-de-traversin-noir","status":"publish","type":"product","link":"https:\/\/www.pebblecushions.com\/fr\/product\/large-wedge-reading-pillow-for-bed-daybed-bolster-backrest-black","title":{"rendered":"Grand oreiller de lecture pour lit Daybed Bolster Backrest Black"},"content":{"rendered":"","protected":false},"excerpt":{"rendered":"<ul>\n<li>Confort ultime : Ce coussin de t\u00eate de lit xl offre un excellent confort gr\u00e2ce \u00e0 sa forme triangulaire. Le coussin de soutien du lit s'adapte parfaitement au dos et \u00e0 la taille, minimisant ainsi la pression lombaire et dorsale. Ce coussin de lecture peut vous aider \u00e0 rester sans tension au lit ou sur le canap\u00e9, ce qui est id\u00e9al pour les travailleurs nocturnes, les rats de biblioth\u00e8que et les personnes qui regardent la t\u00e9l\u00e9vision au lit. Cet oreiller extra large est le seul oreiller cun\u00e9iforme pour t\u00eate de lit qui peut accueillir deux personnes.<\/li>\n<li>Oreiller grand traversin 3 en 1 : Vous pouvez utiliser l'oreiller en position verticale comme oreiller de t\u00eate de lit pour soutenir le dos, ou le poser \u00e0 plat sur le lit pour l'utiliser comme un grand oreiller coussin lorsque vous dormez sur le dos ou sur le c\u00f4t\u00e9, ou comme un oreiller pour les jambes pour sur\u00e9lever vos jambes. Si vous souhaitez un grand oreiller de t\u00eate de lit qui offre un soutien \u00e0 la fois \u00e0 vous et \u00e0 votre conjoint, c'est une excellente alternative. C'est une excellente alternative.<\/li>\n<li>Design multifonctionnel : Certaines personnes utilisent le grand coussin triangulaire comme oreiller de t\u00eate de lit, tandis que d'autres l'utilisent comme oreiller d'appoint. Il peut \u00e9galement servir d'oreiller de canap\u00e9 ou de dossier de lit de jour. Il est \u00e0 la fois \u00e9l\u00e9gant et fonctionnel, ce qui en fait un excellent compl\u00e9ment pour toute chambre \u00e0 coucher.<\/li>\n<li>Fabrication de qualit\u00e9 sup\u00e9rieure : La taie d'oreiller a un aspect velours c\u00f4tel\u00e9 et est compos\u00e9e de polyester 100%. Notre oreiller de t\u00eate de lit est respirant et suffisamment confortable pour garder sa forme et ne pas perdre sa forme au fil du temps, Une poche lat\u00e9rale de chaque c\u00f4t\u00e9 vous permet de glisser votre livre ou votre t\u00e9l\u00e9phone.<\/li>\n<li>Facile \u00e0 laver : La housse de l'oreiller de lecture est fix\u00e9e \u00e0 l'oreiller par des boutons et s'enl\u00e8ve facilement \u00e0 l'aide d'une simple fermeture \u00e9clair. Elle se nettoie donc sans probl\u00e8me. Il suffit de retirer la housse et de la laver rapidement en machine pour que votre oreiller soit comme neuf.<\/li>\n<li><strong>Taille :<\/strong> 60cm (60*20*50cm, 2 boutons), 80cm (80*20*50cm, 2 boutons), 100cm (100*20*50cm, 3 boutons), 120cm (120*20*50cm, 4 boutons), 140cm (140*20*50cm, 4 boutons), 160cm (160*20*50cm, 5 boutons), 180cm (180*20*50cm, 6 boutons), 200cm (200*20*50cm, 7 boutons)<\/li>\n<\/ul>","protected":false},"featured_media":5344,"comment_status":"open","ping_status":"closed","template":"","meta":[],"product_brand":[],"product_cat":[55],"product_tag":[],"class_list":{"0":"post-5360","1":"product","2":"type-product","3":"status-publish","4":"has-post-thumbnail","6":"product_cat-living-cushions","8":"first","9":"instock","10":"featured","11":"shipping-taxable","12":"purchasable","13":"product-type-variable","14":"has-default-attributes"},"_links":{"self":[{"href":"https:\/\/www.pebblecushions.com\/fr\/wp-json\/wp\/v2\/product\/5360","targetHints":{"allow":["GET"]}}],"collection":[{"href":"https:\/\/www.pebblecushions.com\/fr\/wp-json\/wp\/v2\/product"}],"about":[{"href":"https:\/\/www.pebblecushions.com\/fr\/wp-json\/wp\/v2\/types\/product"}],"replies":[{"embeddable":true,"href":"https:\/\/www.pebblecushions.com\/fr\/wp-json\/wp\/v2\/comments?post=5360"}],"wp:featuredmedia":[{"embeddable":true,"href":"https:\/\/www.pebblecushions.com\/fr\/wp-json\/wp\/v2\/media\/5344"}],"wp:attachment":[{"href":"https:\/\/www.pebblecushions.com\/fr\/wp-json\/wp\/v2\/media?parent=5360"}],"wp:term":[{"taxonomy":"product_brand","embeddable":true,"href":"https:\/\/www.pebblecushions.com\/fr\/wp-json\/wp\/v2\/product_brand?post=5360"},{"taxonomy":"product_cat","embeddable":true,"href":"https:\/\/www.pebblecushions.com\/fr\/wp-json\/wp\/v2\/product_cat?post=5360"},{"taxonomy":"product_tag","embeddable":true,"href":"https:\/\/www.pebblecushions.com\/fr\/wp-json\/wp\/v2\/product_tag?post=5360"}],"curies":[{"name":"wp","href":"https:\/\/api.w.org\/{rel}","templated":true}]}}