{"id":149,"date":"2021-10-03T12:03:13","date_gmt":"2021-10-03T12:03:13","guid":{"rendered":"https:\/\/www.pebblecushions.com\/product\/rock-pillows-stone-cushions-pebble-pillow-throws-home-interior-design-art-decor-pillows-faux-rocks-7-pieces-9016\/"},"modified":"2024-10-03T23:26:23","modified_gmt":"2024-10-03T23:26:23","slug":"jastuci-od-sljunka-veliki-jastuci-jastuci-od-kamena-9016","status":"publish","type":"product","link":"https:\/\/www.pebblecushions.com\/hr\/product\/pebble-cushions-large-pillows-rock-pillows-9016","title":{"rendered":"Jastuci od \u0161ljunka Veliki jastuci Jastuci od kamena"},"content":{"rendered":"[zc_getpagecontent mb=&#8221;mb_aplus&#8221; apid=&#8221;20&#8243;]\n<div class=\"row fill_option_note row-box-shadow-2\"  id=\"row-180719073\">\r\n\r\n\n\t<div id=\"col-85511616\" class=\"col small-12 large-12\"  >\n\t\t\t\t<div class=\"col-inner\"  >\n\t\t\t\n\t\t\t\r\n\r\n\t<div id=\"text-3081382702\" class=\"text\">\n\t\t\r\n\r\n<p>Our Pebble Cushions offer you two options when purchasing: filled and unfilled cushion covers.<\/p>\r\n<p>If you choose to purchase the unfilled cushion cover (which is definitely tempting for the price), then you will need to fill it with a soft, sturdy yet fluffy filling, or you can fill it with your old clothes, old sheets and other textiles. Or you can get high-quality Premium Fiberfill at Walmart. Doing so will help you save some of the cost of your purchase. Each Pebble Cushion Cover has a discreet zipper along the bottom, great for maintaining the image of the pebbles, and for keeping your family comfortable while you use them. Just unzip to quickly fill the cushion with fiberfill. Likewise, it\u2019s just as easy to empty it when it comes time to wash it.<\/p>\r\n<p>If you shop for a stuffed pebble cushions, we will fill it well for you and guarantee that the stuffed polyester fiberfill inside is brand new, best quality, healthy &amp; ready for use immediately.<\/p>\r\n<p>Why is it recommended to buy \"Without Stuffing\" cushioncase?<\/p>\r\n<p>Our Pebble Cushions are HUGE when full. Since shipping is based on the size of the cushions, not the weight, we have to charge a lot more. Instead, you could purchase the Pebble Cushion Cover , fill it with Premium Fiberfill on your own, and save over 80% off the normal retail price.<\/p>\r\n\t\t\n<style>\n#text-3081382702 {\n  color: rgb(0,0,0);\n}\n#text-3081382702 > * {\n  color: rgb(0,0,0);\n}\n<\/style>\n\t<\/div>\n\t\r\n\r\n\t\t<\/div>\n\t\t\t\t\t<\/div>\n\n\t\r\n\r\n\n<style>\n#row-180719073 > .col > .col-inner {\n  padding: 20px 20px 10px 20px;\n  background-color: rgb(238, 238, 238);\n  border-radius: 5px;\n}\n<\/style>\n<\/div>\n","protected":false},"excerpt":{"rendered":"<ul>\n<li>Bar\u0161unaste (100% poliester) navlake za jastuke bez punjenja<\/li>\n<li>Vrhunska kvaliteta: Izra\u0111en od mekog i debelog bar\u0161unastog materijala, \u010dvrsti \u0161avovi pru\u017eaju bolju izdr\u017eljivost i sprje\u010davaju habanje i kidanje. \u010cvrsti dizajn skrivenog patentnog zatvara\u010da tako\u0111er omogu\u0107uje lako skidanje i pranje jastu\u010dnice.<\/li>\n<li>Kreativni dizajn: Dizajner uzima prirodno kamenje kao glavni predmet stvaranja i dizajnira razli\u010dite stilove kamenih jastuka za dekoraciju. Ovi realisti\u010dni kameni jastuci daju vam bogatu prirodnu atmosferu u zatvorenom prostoru.<\/li>\n<li>Dekorativni jastuk: Ako tra\u017eite ne\u0161to druga\u010dije za ure\u0111enje svog dnevnog boravka, ne smijete propustiti \u017eivopisne kamene jastuke za pod. Ovi kameni jastuci dodaju elegantan dodir va\u0161oj sobi i mogu brzo i jednostavno promijeniti izgled sobe kako bi va\u0161 dom bio jedinstven. Dnevni boravak, kau\u010d, sofa, krevet, unutarnji prostor, terasa, pod, vanjski prostor, spava\u0107a soba, ured itd.<\/li>\n<li>Vjerujemo da \u0107e va\u0161a djeca obo\u017eavati ovaj izuzetno mekani kameni jastuk raznih oblika, jer se s njim igraju njihovi ro\u0111aci. Koristite ove kamene jastuke kako biste se zbli\u017eili sa svojom djecom i pove\u0107ali naklonost izme\u0111u vas i va\u0161eg djeteta tijekom igre.<\/li>\n<li>Dajte svom skromnom domu zemljani ugo\u0111aj stvaranjem idealnog okru\u017eenja za opu\u0161tanje pomo\u0107u ovih kamenih jastuka. Preru\u0161eni u hrpu tvrdog kamenja, svaki jastuk izra\u0111en je od vrhunske tkanine i dolazi u raznim veli\u010dinama i zavr\u0161nim obradama kako bi se stvorio realisti\u010dan krajolik.<\/li>\n<li>Koli\u010dina: 7 komada \/ set<\/li>\n<li>Veli\u010dina: #1 76x43 cm, #2 63x36 cm, #3 54x30 cm, #4 51x28 cm, #5 39x23 cm, #6 30x20 cm, #7 20x20 cm<\/li>\n<\/ul>","protected":false},"featured_media":141,"comment_status":"open","ping_status":"closed","template":"","meta":[],"product_brand":[],"product_cat":[18],"product_tag":[23,19,22,20,26,21,31],"class_list":{"0":"post-149","1":"product","2":"type-product","3":"status-publish","4":"has-post-thumbnail","6":"product_cat-pebble-seats","7":"product_tag-large-pillow","8":"product_tag-living-stone-pillows","9":"product_tag-pebble-cushions","10":"product_tag-pebble-pillows","11":"product_tag-rock-cushions","12":"product_tag-rock-pillows","13":"product_tag-rock-shaped-pillows","15":"first","16":"instock","17":"shipping-taxable","18":"purchasable","19":"product-type-variable","20":"has-default-attributes"},"_links":{"self":[{"href":"https:\/\/www.pebblecushions.com\/hr\/wp-json\/wp\/v2\/product\/149","targetHints":{"allow":["GET"]}}],"collection":[{"href":"https:\/\/www.pebblecushions.com\/hr\/wp-json\/wp\/v2\/product"}],"about":[{"href":"https:\/\/www.pebblecushions.com\/hr\/wp-json\/wp\/v2\/types\/product"}],"replies":[{"embeddable":true,"href":"https:\/\/www.pebblecushions.com\/hr\/wp-json\/wp\/v2\/comments?post=149"}],"wp:featuredmedia":[{"embeddable":true,"href":"https:\/\/www.pebblecushions.com\/hr\/wp-json\/wp\/v2\/media\/141"}],"wp:attachment":[{"href":"https:\/\/www.pebblecushions.com\/hr\/wp-json\/wp\/v2\/media?parent=149"}],"wp:term":[{"taxonomy":"product_brand","embeddable":true,"href":"https:\/\/www.pebblecushions.com\/hr\/wp-json\/wp\/v2\/product_brand?post=149"},{"taxonomy":"product_cat","embeddable":true,"href":"https:\/\/www.pebblecushions.com\/hr\/wp-json\/wp\/v2\/product_cat?post=149"},{"taxonomy":"product_tag","embeddable":true,"href":"https:\/\/www.pebblecushions.com\/hr\/wp-json\/wp\/v2\/product_tag?post=149"}],"curies":[{"name":"wp","href":"https:\/\/api.w.org\/{rel}","templated":true}]}}