{"id":288,"date":"2022-04-08T12:08:41","date_gmt":"2022-04-08T12:08:41","guid":{"rendered":"https:\/\/www.pebblecushions.com\/product\/pebble-decorative-cushions-pebble-cushions-9038"},"modified":"2024-10-05T01:28:18","modified_gmt":"2024-10-05T01:28:18","slug":"ukrasni-jastuci-od-kamencica-jastuci-od-kamencica-9038","status":"publish","type":"product","link":"https:\/\/www.pebblecushions.com\/hr\/product\/pebble-decorative-cushions-pebble-cushions-9038","title":{"rendered":"Dekorativni jastuci od kamen\u010di\u0107a Jastuci od kamen\u010di\u0107a"},"content":{"rendered":"[zc_getpagecontent mb=&#8221;mb_aplus&#8221; apid=&#8221;20&#8243;]\n<hr \/>\n<p>Pattern: pebble stone<br \/>\nImported Type: decorative stone pillow<br \/>\nPackage includes: 7PCS Mix Sizes<br \/>\nCare: Spot clean by hand only<\/p>\n<p><strong>Benefits:<\/strong><\/p>\n<p>Bring pieces of nature into your home with eco-friendly design, Set a comfortable reading and relaxing space for your home.<br \/>\nFeatured in a perfect combination of hard stone shapes and soft pillow functions, these stone pillows can not only be used as a home decor but also an interesting hug or throw for all ages.<br \/>\nThese featured stone pillows are designed according simulation stone shapes and have realistic modeling appearance.<br \/>\nthey are suitable for various scenes and purposes: mixed rock like floor decorative pillows, \u00a0plush toy, \u00a0pebble pillows.<br \/>\nWonderful for kids room, children are especially fond of playing with them whenever and wherever they catch a sight.<br \/>\nCreative style attractive shape sewing with fine workmanship invisible zipper design.<\/p>\n<p><strong>Warm Tip:<\/strong><\/p>\n<p>1. Due to the different monitor and light effect, the actual color of the item might be slightly different from the color showed on the pictures.<br \/>\n2. Please allow 1-2 cm\/ 0.39-0.78 inch errors due to different manual measurement.<br \/>\n3. Please kindly use machine wash the cover of this cushion on cold and air dry; to ensure long-time softness, we suggest not to use iron, bleach, tumble dry or dry clean.<br \/>\n4. Customers&#8217; satisfaction is our top pursuit, please contact with us if you have any curiosity\/ questions\/ suggestions about the product or our service, we will give you a response as soon as possible.<\/p>\n<div class=\"row fill_option_note row-box-shadow-2\"  id=\"row-1291610772\">\r\n\r\n\n\t<div id=\"col-2103913902\" class=\"col small-12 large-12\"  >\n\t\t\t\t<div class=\"col-inner\"  >\n\t\t\t\n\t\t\t\r\n\r\n\t<div id=\"text-4111093611\" class=\"text\">\n\t\t\r\n\r\n<p>Our Pebble Cushions offer you two options when purchasing: filled and unfilled cushion covers.<\/p>\r\n<p>If you choose to purchase the unfilled cushion cover (which is definitely tempting for the price), then you will need to fill it with a soft, sturdy yet fluffy filling, or you can fill it with your old clothes, old sheets and other textiles. Or you can get high-quality Premium Fiberfill at Walmart. Doing so will help you save some of the cost of your purchase. Each Pebble Cushion Cover has a discreet zipper along the bottom, great for maintaining the image of the pebbles, and for keeping your family comfortable while you use them. Just unzip to quickly fill the cushion with fiberfill. Likewise, it\u2019s just as easy to empty it when it comes time to wash it.<\/p>\r\n<p>If you shop for a stuffed pebble cushions, we will fill it well for you and guarantee that the stuffed polyester fiberfill inside is brand new, best quality, healthy &amp; ready for use immediately.<\/p>\r\n<p>Why is it recommended to buy \"Without Stuffing\" cushioncase?<\/p>\r\n<p>Our Pebble Cushions are HUGE when full. Since shipping is based on the size of the cushions, not the weight, we have to charge a lot more. Instead, you could purchase the Pebble Cushion Cover , fill it with Premium Fiberfill on your own, and save over 80% off the normal retail price.<\/p>\r\n\t\t\n<style>\n#text-4111093611 {\n  color: rgb(0,0,0);\n}\n#text-4111093611 > * {\n  color: rgb(0,0,0);\n}\n<\/style>\n\t<\/div>\n\t\r\n\r\n\t\t<\/div>\n\t\t\t\t\t<\/div>\n\n\t\r\n\r\n\n<style>\n#row-1291610772 > .col > .col-inner {\n  padding: 20px 20px 10px 20px;\n  background-color: rgb(238, 238, 238);\n  border-radius: 5px;\n}\n<\/style>\n<\/div>\n","protected":false},"excerpt":{"rendered":"<ul>\n<li>Materijal: Navlaka ovog realisti\u010dnog jastuka od kamena izra\u0111ena je od bar\u0161una, lako se \u010disti i super je udobna za naslanjanje.<\/li>\n<li>Materijal za punjenje (za opciju FRE-FILLED): Punilo je poliestersko vlakno koje je eksplodirano posebnom mje\u0161avinom 100% poliesterskih vlakana, stvaraju\u0107i izvanrednu otpornost. Punilo je glatke konzistencije i \u010dvrstog integriteta nakon bezbroj pranja. Punilo se rijetko skuplja i nije alergeno.<\/li>\n<li>Dizajn inspiriran prirodom: Ovi jastuci od kamenja dizajnirani su da nalikuju kamenju; odlikuju se realisti\u010dnim izgledom s meko\u0107om i udobno\u0161\u0107u jastuka.<\/li>\n<li>Funkcije: Mo\u017ee se koristiti kao podni, stoli\u010dni, sofa, kau\u010d, vanjski jastuci, ukrasni jastuci, klinasti jastuci; Izvrsno za duga putovanja i kampiranje; ku\u0107ni dekor, pli\u0161ane dje\u010dje igra\u010dke, kreativni pokloni, tako\u0111er kao rekvizit za fotografski studio ili predstavu; Jedinstvena ideja za poklon za ro\u0111endan, Bo\u017ei\u0107, useljenje, prijateljstvo, Valentinovo ili itd.<\/li>\n<li>Prednosti: Jedinstveni dekorativni naglasak za va\u0161 dom, dnevni boravak, dje\u010dju spava\u0107u sobu, studentski dom, ured, terasu ili automobil, dje\u010dje igrali\u0161te, dje\u010dju igraonicu, igraonicu, vrt, vrti\u0107, \u0161kolu, fotografski studio, hotel, klub, bar, joga centar, izlo\u017ebe, modne revije, auto show i druga mjesta.<\/li>\n<li>Jednostavno \u010di\u0161\u0107enje: Prilo\u017eeni nevidljivi patentni zatvara\u010d omogu\u0107uje odvojivost i pranje navlake; Prihvatljivo je ru\u010dno pranje.<\/li>\n<li>Paket uklju\u010duje: 7 kom\/set, Veli\u010dina: #1 30x17 in\u010da, #2 23x14 in\u010da, #3 21x12 in\u010da, #4 20x11 in\u010da, #5 15x9 in\u010da, #6 12x8 in\u010da, #7 8x8 in\u010da.<\/li>\n<li>Upozorenje o ka\u0161njenju isporuke: Trenutni artikli bit \u0107e poslani u roku od 72 sata nakon uplate, a isporuka u roku od 10-20 dana.<\/li>\n<\/ul>","protected":false},"featured_media":280,"comment_status":"open","ping_status":"closed","template":"","meta":[],"product_brand":[],"product_cat":[17],"product_tag":[19,35,22,20,24,26,21,29,32],"class_list":{"0":"post-288","1":"product","2":"type-product","3":"status-publish","4":"has-post-thumbnail","6":"product_cat-pebble-cushions","7":"product_tag-living-stone-pillows","8":"product_tag-livingstones","9":"product_tag-pebble-cushions","10":"product_tag-pebble-pillows","11":"product_tag-pebble-seats","12":"product_tag-rock-cushions","13":"product_tag-rock-pillows","14":"product_tag-stone-cushions","15":"product_tag-stone-pillows","17":"first","18":"instock","19":"shipping-taxable","20":"purchasable","21":"product-type-variable","22":"has-default-attributes"},"_links":{"self":[{"href":"https:\/\/www.pebblecushions.com\/hr\/wp-json\/wp\/v2\/product\/288","targetHints":{"allow":["GET"]}}],"collection":[{"href":"https:\/\/www.pebblecushions.com\/hr\/wp-json\/wp\/v2\/product"}],"about":[{"href":"https:\/\/www.pebblecushions.com\/hr\/wp-json\/wp\/v2\/types\/product"}],"replies":[{"embeddable":true,"href":"https:\/\/www.pebblecushions.com\/hr\/wp-json\/wp\/v2\/comments?post=288"}],"wp:featuredmedia":[{"embeddable":true,"href":"https:\/\/www.pebblecushions.com\/hr\/wp-json\/wp\/v2\/media\/280"}],"wp:attachment":[{"href":"https:\/\/www.pebblecushions.com\/hr\/wp-json\/wp\/v2\/media?parent=288"}],"wp:term":[{"taxonomy":"product_brand","embeddable":true,"href":"https:\/\/www.pebblecushions.com\/hr\/wp-json\/wp\/v2\/product_brand?post=288"},{"taxonomy":"product_cat","embeddable":true,"href":"https:\/\/www.pebblecushions.com\/hr\/wp-json\/wp\/v2\/product_cat?post=288"},{"taxonomy":"product_tag","embeddable":true,"href":"https:\/\/www.pebblecushions.com\/hr\/wp-json\/wp\/v2\/product_tag?post=288"}],"curies":[{"name":"wp","href":"https:\/\/api.w.org\/{rel}","templated":true}]}}