{"id":69,"date":"2021-10-03T10:23:43","date_gmt":"2021-10-03T10:23:43","guid":{"rendered":"https:\/\/www.pebblecushions.com\/product\/huge-rock-pillows-living-stones-pillows-pebble-pillows-living-pillows-pre-filled-christmas-present-light-gray\/"},"modified":"2025-09-22T03:45:19","modified_gmt":"2025-09-22T03:45:19","slug":"jastuci-od-sljunka-jastuci-od-sljunka-na-podu-9001","status":"publish","type":"product","link":"https:\/\/www.pebblecushions.com\/hr\/product\/pebble-pillows-pebble-floor-cushions-9001","title":{"rendered":"Jastuci od \u0161ljunka Jastuci za pod od \u0161ljunka"},"content":{"rendered":"[zc_getpagecontent mb=&#8221;mb_aplus&#8221; apid=&#8221;16&#8243;]\n<div class=\"row fill_option_note row-box-shadow-2\"  id=\"row-1944857480\">\r\n\r\n\n\t<div id=\"col-1148029976\" class=\"col small-12 large-12\"  >\n\t\t\t\t<div class=\"col-inner\"  >\n\t\t\t\n\t\t\t\r\n\r\n\t<div id=\"text-4040705975\" class=\"text\">\n\t\t\r\n\r\n<p>Our Pebble Cushions offer you two options when purchasing: filled and unfilled cushion covers.<\/p>\r\n<p>If you choose to purchase the unfilled cushion cover (which is definitely tempting for the price), then you will need to fill it with a soft, sturdy yet fluffy filling, or you can fill it with your old clothes, old sheets and other textiles. Or you can get high-quality Premium Fiberfill at Walmart. Doing so will help you save some of the cost of your purchase. Each Pebble Cushion Cover has a discreet zipper along the bottom, great for maintaining the image of the pebbles, and for keeping your family comfortable while you use them. Just unzip to quickly fill the cushion with fiberfill. Likewise, it\u2019s just as easy to empty it when it comes time to wash it.<\/p>\r\n<p>If you shop for a stuffed pebble cushions, we will fill it well for you and guarantee that the stuffed polyester fiberfill inside is brand new, best quality, healthy &amp; ready for use immediately.<\/p>\r\n<p>Why is it recommended to buy \"Without Stuffing\" cushioncase?<\/p>\r\n<p>Our Pebble Cushions are HUGE when full. Since shipping is based on the size of the cushions, not the weight, we have to charge a lot more. Instead, you could purchase the Pebble Cushion Cover , fill it with Premium Fiberfill on your own, and save over 80% off the normal retail price.<\/p>\r\n\t\t\n<style>\n#text-4040705975 {\n  color: rgb(0,0,0);\n}\n#text-4040705975 > * {\n  color: rgb(0,0,0);\n}\n<\/style>\n\t<\/div>\n\t\r\n\r\n\t\t<\/div>\n\t\t\t\t\t<\/div>\n\n\t\r\n\r\n\n<style>\n#row-1944857480 > .col > .col-inner {\n  padding: 20px 20px 10px 20px;\n  background-color: rgb(238, 238, 238);\n  border-radius: 5px;\n}\n<\/style>\n<\/div>\n","protected":false},"excerpt":{"rendered":"<ul>\n<li>Tkanina: Polarni flis<\/li>\n<li>Koli\u010dina: 6 komada uklju\u010deno<\/li>\n<li>Dimenzije: 40x20 in\u010da; 20x14 in\u010da; 20x10 in\u010da; 14x9 in\u010da; 12x7 in\u010da; 7x4 in\u010da<\/li>\n<li>Boja: Svijetlosiva<\/li>\n<li>Uzorak: Jednobojni prirodni kamen<\/li>\n<li>Materijal za punjenje (za opciju FRE-FILLED): Punilo je poliestersko vlakno koje je eksplodirano posebnom mje\u0161avinom 100% poliesterskih vlakana, stvaraju\u0107i izvanrednu otpornost. Punilo je glatke konzistencije i \u010dvrstog integriteta nakon bezbroj pranja. Punilo se rijetko skuplja i nije alergeno.<\/li>\n<li>Savr\u0161enom kombinacijom oblika od tvrdog kamena i mekane funkcije jastuka, ovi kameni jastuci mogu se koristiti ne samo kao prepoznatljiv ku\u0107ni dekor na podu ili namje\u0161taju, ve\u0107 i kao zanimljiv zagrljaj ili prekriva\u010d za sve uzraste.<\/li>\n<li>Verisimilar 3D printani kameni jastuci: Na prvi pogled nikada ne\u0107ete pomisliti da su to samo jastuci. Savr\u0161eno kombiniramo jastuk i \u201ekamen\u201c kroz genijalan dizajn. Oblik elipse, elegantna krivulja i uzorak prirodnog kamena, sve se to zbraja kako bi jastuk izgledao kao pravi kamen. Ovi \u017eivopisni jastuci \u010dine na\u0161 dom zanimljivim mjestom.<\/li>\n<li>Ono \u0161to vidite je ono \u0161to dobijete.<\/li>\n<\/ul>","protected":false},"featured_media":58,"comment_status":"open","ping_status":"closed","template":"","meta":[],"product_brand":[],"product_cat":[15],"product_tag":[34,19,22,20,26,21,30,27],"class_list":{"0":"post-69","1":"product","2":"type-product","3":"status-publish","4":"has-post-thumbnail","6":"product_cat-livingstones","7":"product_tag-felt-rock-pillows","8":"product_tag-living-stone-pillows","9":"product_tag-pebble-cushions","10":"product_tag-pebble-pillows","11":"product_tag-rock-cushions","12":"product_tag-rock-pillows","13":"product_tag-soft-rock-pillows","14":"product_tag-stone-floor-pillows","16":"first","17":"instock","18":"featured","19":"shipping-taxable","20":"purchasable","21":"product-type-variable","22":"has-default-attributes"},"_links":{"self":[{"href":"https:\/\/www.pebblecushions.com\/hr\/wp-json\/wp\/v2\/product\/69","targetHints":{"allow":["GET"]}}],"collection":[{"href":"https:\/\/www.pebblecushions.com\/hr\/wp-json\/wp\/v2\/product"}],"about":[{"href":"https:\/\/www.pebblecushions.com\/hr\/wp-json\/wp\/v2\/types\/product"}],"replies":[{"embeddable":true,"href":"https:\/\/www.pebblecushions.com\/hr\/wp-json\/wp\/v2\/comments?post=69"}],"wp:featuredmedia":[{"embeddable":true,"href":"https:\/\/www.pebblecushions.com\/hr\/wp-json\/wp\/v2\/media\/58"}],"wp:attachment":[{"href":"https:\/\/www.pebblecushions.com\/hr\/wp-json\/wp\/v2\/media?parent=69"}],"wp:term":[{"taxonomy":"product_brand","embeddable":true,"href":"https:\/\/www.pebblecushions.com\/hr\/wp-json\/wp\/v2\/product_brand?post=69"},{"taxonomy":"product_cat","embeddable":true,"href":"https:\/\/www.pebblecushions.com\/hr\/wp-json\/wp\/v2\/product_cat?post=69"},{"taxonomy":"product_tag","embeddable":true,"href":"https:\/\/www.pebblecushions.com\/hr\/wp-json\/wp\/v2\/product_tag?post=69"}],"curies":[{"name":"wp","href":"https:\/\/api.w.org\/{rel}","templated":true}]}}