{"id":620,"date":"2022-06-17T03:45:10","date_gmt":"2022-06-17T03:45:10","guid":{"rendered":"https:\/\/www.pebblecushions.com\/?page_id=620"},"modified":"2022-06-17T03:58:43","modified_gmt":"2022-06-17T03:58:43","slug":"mega-villam-akcio","status":"publish","type":"page","link":"https:\/\/www.pebblecushions.com\/hu\/mega-flash-sale","title":{"rendered":"Mega Sale"},"content":{"rendered":"<div class=\"row align-center row-divided\"  id=\"row-1676655909\">\n\n\t<div id=\"col-1155722223\" class=\"col small-12 large-12\"  >\n\t\t\t\t<div class=\"col-inner text-center\"  >\n\t\t\t\n\t\t\t\n<div class=\"container section-title-container\" style=\"margin-bottom:0px;\"><h2 class=\"section-title section-title-center\"><b aria-hidden=\"true\"><\/b><span class=\"section-title-main\" style=\"color:rgb(230, 122, 0);\"><i class=\"icon-clock\" aria-hidden=\"true\"><\/i>Vill\u00e1m akci\u00f3, v\u00e9ge:<\/span><b aria-hidden=\"true\"><\/b><\/h2><\/div>\n<span id=\"timer-228040101\" class=\"ux-timer-text\" data-text-plural=\"s\" data-text-hour=\"hour\" data-text-day=\"day\" data-text-week=\"week\" data-text-min=\"min\" data-text-sec=\"sec\" data-text-hour-p=\"\" data-text-day-p=\"\" data-text-week-p=\"\" data-text-min-p=\"\" data-text-sec-p=\"\" data-countdown=\"2022\/3\/27 23:59\"><\/span>\n<style>\n#timer-228040101 {\n  font-size: 100%;\n}\n<\/style>\n\n\t<div id=\"gap-173651769\" class=\"gap-element clearfix\" style=\"display:block; height:auto;\">\n\t\t\n<style>\n#gap-173651769 {\n  padding-top: 10px;\n}\n<\/style>\n\t<\/div>\n\t\n\t<div id=\"text-1287735479\" class=\"text\">\n\t\t\n<p>V\u00e1s\u00e1rold meg a k\u00f6vetkez\u0151 term\u00e9keket a vill\u00e1m akci\u00f3 hat\u00e1rideje el\u0151tt, \u00e9s kapsz egy extra 2% kedvezm\u00e9nyt!<\/p>\n\t\t\n<style>\n#text-1287735479 {\n  color: rgb(230, 122, 0);\n}\n#text-1287735479 > * {\n  color: rgb(230, 122, 0);\n}\n<\/style>\n\t<\/div>\n\t\n\t\t<\/div>\n\t\t\t\t\t<\/div>\n\n\t\n<\/div>\n\t\n  \n    <div class=\"row large-columns-4 medium-columns-3 small-columns-2 row-small\" >\n  <\/div>\n\t\t<div class=\"hidden\">\n\t\t\t\t\n<p><script>\nvar cxday=new Date();\nvar c_day=cxday.getDate();\nvar c_month=cxday.getMonth()+1;\nvar c_year=cxday.getFullYear();\nif(c_day<10) c_day=\"0\"+c_day;\nif(c_month<10) c_month=\"0\"+c_month;\nvar cx_date=c_year+\"\/\"+c_month+\"\/\"+c_day+\" 23:59\";\njQuery(\".ux-timer-text\").attr(\"data-countdown\",cx_date);\n<\/script><br \/>\n\t\t<\/div>","protected":false},"excerpt":{"rendered":"","protected":false},"author":1,"featured_media":0,"parent":0,"menu_order":0,"comment_status":"closed","ping_status":"closed","template":"","meta":{"footnotes":""},"class_list":["post-620","page","type-page","status-publish","hentry"],"_links":{"self":[{"href":"https:\/\/www.pebblecushions.com\/hu\/wp-json\/wp\/v2\/pages\/620","targetHints":{"allow":["GET"]}}],"collection":[{"href":"https:\/\/www.pebblecushions.com\/hu\/wp-json\/wp\/v2\/pages"}],"about":[{"href":"https:\/\/www.pebblecushions.com\/hu\/wp-json\/wp\/v2\/types\/page"}],"author":[{"embeddable":true,"href":"https:\/\/www.pebblecushions.com\/hu\/wp-json\/wp\/v2\/users\/1"}],"replies":[{"embeddable":true,"href":"https:\/\/www.pebblecushions.com\/hu\/wp-json\/wp\/v2\/comments?post=620"}],"version-history":[{"count":6,"href":"https:\/\/www.pebblecushions.com\/hu\/wp-json\/wp\/v2\/pages\/620\/revisions"}],"predecessor-version":[{"id":626,"href":"https:\/\/www.pebblecushions.com\/hu\/wp-json\/wp\/v2\/pages\/620\/revisions\/626"}],"wp:attachment":[{"href":"https:\/\/www.pebblecushions.com\/hu\/wp-json\/wp\/v2\/media?parent=620"}],"curies":[{"name":"wp","href":"https:\/\/api.w.org\/{rel}","templated":true}]}}