{"id":106,"date":"2021-10-03T12:01:28","date_gmt":"2021-10-03T12:01:28","guid":{"rendered":"https:\/\/www.pebblecushions.com\/product\/meteorolite-rock-pillows-aerolite-pebble-pillows-faux-stone-props-kids-educational-nature-science-theme-pillows-7-pieces-9014\/"},"modified":"2025-09-22T03:54:40","modified_gmt":"2025-09-22T03:54:40","slug":"szikla-alaku-parnak-puha-koparnak-9014","status":"publish","type":"product","link":"https:\/\/www.pebblecushions.com\/hu\/product\/rock-shaped-pillows-soft-rock-pillows-9014","title":{"rendered":"Szikla alak\u00fa p\u00e1rn\u00e1k Puha sziklap\u00e1rn\u00e1k"},"content":{"rendered":"[zc_getpagecontent mb=&#8221;mb_aplus&#8221; apid=&#8221;20&#8243;]\n<div class=\"row fill_option_note row-box-shadow-2\"  id=\"row-1839539054\">\r\n\r\n\n\t<div id=\"col-57347195\" class=\"col small-12 large-12\"  >\n\t\t\t\t<div class=\"col-inner\"  >\n\t\t\t\n\t\t\t\r\n\r\n\t<div id=\"text-271329166\" class=\"text\">\n\t\t\r\n\r\n<p>Our Pebble Cushions offer you two options when purchasing: filled and unfilled cushion covers.<\/p>\r\n<p>If you choose to purchase the unfilled cushion cover (which is definitely tempting for the price), then you will need to fill it with a soft, sturdy yet fluffy filling, or you can fill it with your old clothes, old sheets and other textiles. Or you can get high-quality Premium Fiberfill at Walmart. Doing so will help you save some of the cost of your purchase. Each Pebble Cushion Cover has a discreet zipper along the bottom, great for maintaining the image of the pebbles, and for keeping your family comfortable while you use them. Just unzip to quickly fill the cushion with fiberfill. Likewise, it\u2019s just as easy to empty it when it comes time to wash it.<\/p>\r\n<p>If you shop for a stuffed pebble cushions, we will fill it well for you and guarantee that the stuffed polyester fiberfill inside is brand new, best quality, healthy &amp; ready for use immediately.<\/p>\r\n<p>Why is it recommended to buy \"Without Stuffing\" cushioncase?<\/p>\r\n<p>Our Pebble Cushions are HUGE when full. Since shipping is based on the size of the cushions, not the weight, we have to charge a lot more. Instead, you could purchase the Pebble Cushion Cover , fill it with Premium Fiberfill on your own, and save over 80% off the normal retail price.<\/p>\r\n\t\t\n<style>\n#text-271329166 {\n  color: rgb(0,0,0);\n}\n#text-271329166 > * {\n  color: rgb(0,0,0);\n}\n<\/style>\n\t<\/div>\n\t\r\n\r\n\t\t<\/div>\n\t\t\t\t\t<\/div>\n\n\t\r\n\r\n\n<style>\n#row-1839539054 > .col > .col-inner {\n  padding: 20px 20px 10px 20px;\n  background-color: rgb(238, 238, 238);\n  border-radius: 5px;\n}\n<\/style>\n<\/div>\n","protected":false},"excerpt":{"rendered":"<ul>\n<li>B\u00e1rsony (100% poli\u00e9szter) p\u00e1rnahuzatok \u00e9s t\u00f6ltet n\u00e9lk\u00fcli huzatok<\/li>\n<li>Pr\u00e9mium min\u0151s\u00e9g: Puha \u00e9s vastag b\u00e1rsony anyagb\u00f3l k\u00e9sz\u00fclt, a szoros varr\u00e1s jobb tart\u00f3ss\u00e1got biztos\u00edt, \u00e9s megakad\u00e1lyozza a foszl\u00e1st \u00e9s a szakad\u00e1st. A massz\u00edv, rejtett cipz\u00e1ras kialak\u00edt\u00e1snak k\u00f6sz\u00f6nhet\u0151en a p\u00e1rnahuzat k\u00f6nnyen levehet\u0151 \u00e9s moshat\u00f3.<\/li>\n<li>Kreat\u00edv tervez\u00e9s: A tervez\u0151 a term\u00e9szetes k\u00f6veket tekinti alkot\u00e1sa f\u0151 t\u00e1rgy\u00e1nak, \u00e9s k\u00fcl\u00f6nb\u00f6z\u0151 st\u00edlus\u00fa k\u0151 d\u00edszp\u00e1rn\u00e1kat tervez. Ezek a val\u00f3s\u00e1gh\u0171 k\u0151p\u00e1rn\u00e1k gazdag, term\u00e9szetes hangulatot k\u00f6lcs\u00f6n\u00f6znek a belt\u00e9rnek.<\/li>\n<li>Dekorat\u00edv d\u00edszp\u00e1rna: Ha valami k\u00fcl\u00f6nlegeset keresel a nappalid dekor\u00e1ci\u00f3j\u00e1ba, akkor nem hagyhatod ki az \u00e9l\u00e9nk sz\u00edn\u0171 k\u0151b\u0151l k\u00e9sz\u00fclt padl\u00f3p\u00e1rn\u00e1kat. Ezek a k\u0151b\u0151l k\u00e9sz\u00fclt p\u00e1rn\u00e1k st\u00edlusoss\u00e1 teszik a szob\u00e1dat, \u00e9s gyorsan \u00e9s egyszer\u0171en megv\u00e1ltoztathatj\u00e1k a szoba megjelen\u00e9s\u00e9t, egyediv\u00e9 t\u00e9ve otthonod st\u00edlus\u00e1t. Nappali, kanap\u00e9, kanap\u00e9, \u00e1gy, belt\u00e9ri, terasz, padl\u00f3, k\u00fclt\u00e9ri, h\u00e1l\u00f3szoba, iroda stb.<\/li>\n<li>\u00dagy gondoljuk, hogy gyermekei im\u00e1dni fogj\u00e1k ezt a rendk\u00edv\u00fcl puha, k\u00fcl\u00f6nb\u00f6z\u0151 form\u00e1j\u00fa k\u0151p\u00e1rn\u00e1t, mert a rokonaik j\u00e1tszanak vel\u00fck. Haszn\u00e1lja ezeket a k\u0151p\u00e1rn\u00e1kat, hogy k\u00f6zelebb ker\u00fclj\u00f6n gyermekeihez, \u00e9s fokozza a szeretetet \u00d6n \u00e9s gyermeke k\u00f6z\u00f6tt j\u00e1t\u00e9k k\u00f6zben.<\/li>\n<li>K\u00f6lcs\u00f6n\u00f6zz\u00f6n szer\u00e9ny otthon\u00e1t f\u00f6ldszer\u0171 hangulattal, \u00e9s teremtsen ide\u00e1lis pihen\u0151k\u00f6rnyezetet ezekkel a k\u0151p\u00e1rn\u00e1kkal. Kem\u00e9ny k\u0151kupacnak \u00e1lc\u00e1zott p\u00e1rn\u00e1k, kiv\u00e1l\u00f3 min\u0151s\u00e9g\u0171 sz\u00f6vetb\u0151l k\u00e9sz\u00fcltek, \u00e9s k\u00fcl\u00f6nb\u00f6z\u0151 m\u00e9retekben \u00e9s kidolgoz\u00e1s\u00faakban kaphat\u00f3k, hogy realisztikus t\u00e1jk\u00e9pet alkossanak.<\/li>\n<li>Mennyis\u00e9g: 7 darab \/ szett<\/li>\n<li>M\u00e9ret: #1 30x17 h\u00fcvelyk, #2 23x14 h\u00fcvelyk, #3 21x12 h\u00fcvelyk, #4 20x11 h\u00fcvelyk, #5 15x9 h\u00fcvelyk, #6 12x8 h\u00fcvelyk, #7 8x8 h\u00fcvelyk<\/li>\n<\/ul>","protected":false},"featured_media":95,"comment_status":"open","ping_status":"closed","template":"","meta":[],"product_brand":[],"product_cat":[18],"product_tag":[25,19,20,26,21,31,30],"class_list":{"0":"post-106","1":"product","2":"type-product","3":"status-publish","4":"has-post-thumbnail","6":"product_cat-pebble-seats","7":"product_tag-floor-cushion","8":"product_tag-living-stone-pillows","9":"product_tag-pebble-pillows","10":"product_tag-rock-cushions","11":"product_tag-rock-pillows","12":"product_tag-rock-shaped-pillows","13":"product_tag-soft-rock-pillows","15":"first","16":"instock","17":"featured","18":"shipping-taxable","19":"purchasable","20":"product-type-variable","21":"has-default-attributes"},"_links":{"self":[{"href":"https:\/\/www.pebblecushions.com\/hu\/wp-json\/wp\/v2\/product\/106","targetHints":{"allow":["GET"]}}],"collection":[{"href":"https:\/\/www.pebblecushions.com\/hu\/wp-json\/wp\/v2\/product"}],"about":[{"href":"https:\/\/www.pebblecushions.com\/hu\/wp-json\/wp\/v2\/types\/product"}],"replies":[{"embeddable":true,"href":"https:\/\/www.pebblecushions.com\/hu\/wp-json\/wp\/v2\/comments?post=106"}],"wp:featuredmedia":[{"embeddable":true,"href":"https:\/\/www.pebblecushions.com\/hu\/wp-json\/wp\/v2\/media\/95"}],"wp:attachment":[{"href":"https:\/\/www.pebblecushions.com\/hu\/wp-json\/wp\/v2\/media?parent=106"}],"wp:term":[{"taxonomy":"product_brand","embeddable":true,"href":"https:\/\/www.pebblecushions.com\/hu\/wp-json\/wp\/v2\/product_brand?post=106"},{"taxonomy":"product_cat","embeddable":true,"href":"https:\/\/www.pebblecushions.com\/hu\/wp-json\/wp\/v2\/product_cat?post=106"},{"taxonomy":"product_tag","embeddable":true,"href":"https:\/\/www.pebblecushions.com\/hu\/wp-json\/wp\/v2\/product_tag?post=106"}],"curies":[{"name":"wp","href":"https:\/\/api.w.org\/{rel}","templated":true}]}}