{"id":316,"date":"2022-04-08T12:18:35","date_gmt":"2022-04-08T12:18:35","guid":{"rendered":"https:\/\/www.pebblecushions.com\/product\/pebble-stone-floor-cushions-pebble-cushions-9035"},"modified":"2024-10-05T01:28:17","modified_gmt":"2024-10-05T01:28:17","slug":"kavicsos-kopadlo-parnak-kavicsos-parnak-9035","status":"publish","type":"product","link":"https:\/\/www.pebblecushions.com\/hu\/product\/pebble-stone-floor-cushions-pebble-cushions-9035","title":{"rendered":"Kavicsos k\u0151padl\u00f3 p\u00e1rn\u00e1k Kavicsos p\u00e1rn\u00e1k"},"content":{"rendered":"[zc_getpagecontent mb=&#8221;mb_aplus&#8221; apid=&#8221;20&#8243;]\n<hr \/>\n<p>Pattern: pebble stone<br \/>\nImported Type: decorative stone pillow<br \/>\nPackage includes: 7PCS Mix Sizes<br \/>\nCare: Spot clean by hand only<\/p>\n<p><strong>Benefits:<\/strong><\/p>\n<p>Bring pieces of nature into your home with eco-friendly design, Set a comfortable reading and relaxing space for your home.<br \/>\nFeatured in a perfect combination of hard stone shapes and soft pillow functions, these stone pillows can not only be used as a home decor but also an interesting hug or throw for all ages.<br \/>\nThese featured stone pillows are designed according simulation stone shapes and have realistic modeling appearance.<br \/>\nthey are suitable for various scenes and purposes: mixed rock like floor decorative pillows, \u00a0plush toy, \u00a0pebble pillows.<br \/>\nWonderful for kids room, children are especially fond of playing with them whenever and wherever they catch a sight.<br \/>\nCreative style attractive shape sewing with fine workmanship invisible zipper design.<\/p>\n<p><strong>Warm Tip:<\/strong><\/p>\n<p>1. Due to the different monitor and light effect, the actual color of the item might be slightly different from the color showed on the pictures.<br \/>\n2. Please allow 1-2 cm\/ 0.39-0.78 inch errors due to different manual measurement.<br \/>\n3. Please kindly use machine wash the cover of this cushion on cold and air dry; to ensure long-time softness, we suggest not to use iron, bleach, tumble dry or dry clean.<br \/>\n4. Customers&#8217; satisfaction is our top pursuit, please contact with us if you have any curiosity\/ questions\/ suggestions about the product or our service, we will give you a response as soon as possible.<\/p>\n<div class=\"row fill_option_note row-box-shadow-2\"  id=\"row-320796297\">\r\n\r\n\n\t<div id=\"col-436377826\" class=\"col small-12 large-12\"  >\n\t\t\t\t<div class=\"col-inner\"  >\n\t\t\t\n\t\t\t\r\n\r\n\t<div id=\"text-119377940\" class=\"text\">\n\t\t\r\n\r\n<p>Our Pebble Cushions offer you two options when purchasing: filled and unfilled cushion covers.<\/p>\r\n<p>If you choose to purchase the unfilled cushion cover (which is definitely tempting for the price), then you will need to fill it with a soft, sturdy yet fluffy filling, or you can fill it with your old clothes, old sheets and other textiles. Or you can get high-quality Premium Fiberfill at Walmart. Doing so will help you save some of the cost of your purchase. Each Pebble Cushion Cover has a discreet zipper along the bottom, great for maintaining the image of the pebbles, and for keeping your family comfortable while you use them. Just unzip to quickly fill the cushion with fiberfill. Likewise, it\u2019s just as easy to empty it when it comes time to wash it.<\/p>\r\n<p>If you shop for a stuffed pebble cushions, we will fill it well for you and guarantee that the stuffed polyester fiberfill inside is brand new, best quality, healthy &amp; ready for use immediately.<\/p>\r\n<p>Why is it recommended to buy \"Without Stuffing\" cushioncase?<\/p>\r\n<p>Our Pebble Cushions are HUGE when full. Since shipping is based on the size of the cushions, not the weight, we have to charge a lot more. Instead, you could purchase the Pebble Cushion Cover , fill it with Premium Fiberfill on your own, and save over 80% off the normal retail price.<\/p>\r\n\t\t\n<style>\n#text-119377940 {\n  color: rgb(0,0,0);\n}\n#text-119377940 > * {\n  color: rgb(0,0,0);\n}\n<\/style>\n\t<\/div>\n\t\r\n\r\n\t\t<\/div>\n\t\t\t\t\t<\/div>\n\n\t\r\n\r\n\n<style>\n#row-320796297 > .col > .col-inner {\n  padding: 20px 20px 10px 20px;\n  background-color: rgb(238, 238, 238);\n  border-radius: 5px;\n}\n<\/style>\n<\/div>\n","protected":false},"excerpt":{"rendered":"<ul>\n<li>Anyag: Ennek a val\u00f3s\u00e1gh\u0171 k\u0151mint\u00e1s p\u00e1rnanak a huzata b\u00e1rsonyb\u00f3l k\u00e9sz\u00fclt, k\u00f6nnyen tiszt\u00edthat\u00f3 \u00e9s rendk\u00edv\u00fcl k\u00e9nyelmes r\u00e1d\u0151lni.<\/li>\n<li>T\u00f6lt\u0151anyag (FRE-FILLED opci\u00f3hoz): A t\u00f6lt\u0151anyag poli\u00e9szter sz\u00e1lakb\u00f3l k\u00e9sz\u00fclt, amelyet a 100% poli\u00e9szter sz\u00e1lak speci\u00e1lis kever\u00e9ke robbant fel, ami rendk\u00edv\u00fcli rugalmass\u00e1got biztos\u00edt. A t\u00f6lt\u0151anyag sima \u00e1llag\u00fa \u00e9s sz\u00e1mos mos\u00e1s ut\u00e1n is er\u0151sen ellen\u00e1ll. Ritk\u00e1n csom\u00f3sodik \u00e9s nem allergi\u00e1s.<\/li>\n<li>Term\u00e9szet ihlette diz\u00e1jn: Ezeket a k\u0151p\u00e1rn\u00e1kat \u00fagy tervezt\u00e9k, hogy a k\u0151zetekre hasonl\u00edtsanak; realisztikus megjelen\u00e9st k\u00f6lcs\u00f6n\u00f6znek a p\u00e1rn\u00e1k puhas\u00e1g\u00e1nak \u00e9s k\u00e9nyelm\u00e9nek.<\/li>\n<li>Funkci\u00f3k: Haszn\u00e1lhat\u00f3 padl\u00f3p\u00e1rnak\u00e9nt, sz\u00e9kk\u00e9nt, kanap\u00e9k\u00e9nt, k\u00fclt\u00e9ri p\u00e1rn\u00e1k\u00e9nt, d\u00edszp\u00e1rn\u00e1k\u00e9nt, \u00e9k alak\u00fa p\u00e1rn\u00e1k\u00e9nt; Nagyszer\u0171 hossz\u00fa utakra \u00e9s kempingez\u00e9shez; lakberendez\u00e9shez, gyerek pl\u00fcssj\u00e1t\u00e9kokhoz, kreat\u00edv aj\u00e1nd\u00e9kokhoz, valamint kell\u00e9kk\u00e9nt fot\u00f3st\u00fadi\u00f3ba vagy j\u00e1t\u00e9khoz; Egyedi aj\u00e1nd\u00e9k\u00f6tlet sz\u00fclet\u00e9snapra, kar\u00e1csonyra, h\u00e1zavat\u00f3ra, bar\u00e1ts\u00e1gra, Valentin-napra stb.<\/li>\n<li>El\u0151ny\u00f6k: Egyedi dekor\u00e1ci\u00f3s elem otthon\u00e1ba, nappalij\u00e1ba, gyerekszob\u00e1j\u00e1ba, koll\u00e9giumi szob\u00e1j\u00e1ba, irod\u00e1j\u00e1ba, terasz\u00e1ra vagy aut\u00f3j\u00e1ba, j\u00e1tsz\u00f3ter\u00e9re, j\u00e1t\u00e9kszob\u00e1j\u00e1ba, kertj\u00e9be, \u00f3vod\u00e1j\u00e1ba, iskol\u00e1j\u00e1ba, fot\u00f3st\u00fadi\u00f3j\u00e1ba, sz\u00e1llod\u00e1j\u00e1ba, klubj\u00e1ba, b\u00e1rj\u00e1ba, j\u00f3gak\u00f6zpontba, divatbemutat\u00f3ra, aut\u00f3szalonra \u00e9s egy\u00e9b helysz\u00ednekre.<\/li>\n<li>K\u00f6nnyen tiszt\u00edthat\u00f3: A r\u00f6gz\u00edtett l\u00e1thatatlan cipz\u00e1r levehet\u0151v\u00e9 \u00e9s moshat\u00f3v\u00e1 teszi a huzatot; K\u00e9zzel moshat\u00f3.<\/li>\n<li>A csomag tartalma: 7 db\/k\u00e9szlet, M\u00e9ret: #1 30x17 h\u00fcvelyk, #2 23x14 h\u00fcvelyk, #3 21x12 h\u00fcvelyk, #4 20x11 h\u00fcvelyk, #5 15x9 h\u00fcvelyk, #6 12x8 h\u00fcvelyk, #7 8x8 h\u00fcvelyk.<\/li>\n<li>K\u00e9sleltetett k\u00e9zbes\u00edt\u00e9si \u00e9rtes\u00edt\u00e9s: A jelenlegi t\u00e9teleket a fizet\u00e9st k\u00f6vet\u0151 72 \u00f3r\u00e1n bel\u00fcl sz\u00e1ll\u00edtjuk, a k\u00e9zbes\u00edt\u00e9s pedig 10-20 napon bel\u00fcl t\u00f6rt\u00e9nik.<\/li>\n<\/ul>","protected":false},"featured_media":312,"comment_status":"open","ping_status":"closed","template":"","meta":[],"product_brand":[],"product_cat":[17],"product_tag":[19,35,22,20,24,26,21,29,32],"class_list":{"0":"post-316","1":"product","2":"type-product","3":"status-publish","4":"has-post-thumbnail","6":"product_cat-pebble-cushions","7":"product_tag-living-stone-pillows","8":"product_tag-livingstones","9":"product_tag-pebble-cushions","10":"product_tag-pebble-pillows","11":"product_tag-pebble-seats","12":"product_tag-rock-cushions","13":"product_tag-rock-pillows","14":"product_tag-stone-cushions","15":"product_tag-stone-pillows","17":"first","18":"instock","19":"shipping-taxable","20":"purchasable","21":"product-type-variable","22":"has-default-attributes"},"_links":{"self":[{"href":"https:\/\/www.pebblecushions.com\/hu\/wp-json\/wp\/v2\/product\/316","targetHints":{"allow":["GET"]}}],"collection":[{"href":"https:\/\/www.pebblecushions.com\/hu\/wp-json\/wp\/v2\/product"}],"about":[{"href":"https:\/\/www.pebblecushions.com\/hu\/wp-json\/wp\/v2\/types\/product"}],"replies":[{"embeddable":true,"href":"https:\/\/www.pebblecushions.com\/hu\/wp-json\/wp\/v2\/comments?post=316"}],"wp:featuredmedia":[{"embeddable":true,"href":"https:\/\/www.pebblecushions.com\/hu\/wp-json\/wp\/v2\/media\/312"}],"wp:attachment":[{"href":"https:\/\/www.pebblecushions.com\/hu\/wp-json\/wp\/v2\/media?parent=316"}],"wp:term":[{"taxonomy":"product_brand","embeddable":true,"href":"https:\/\/www.pebblecushions.com\/hu\/wp-json\/wp\/v2\/product_brand?post=316"},{"taxonomy":"product_cat","embeddable":true,"href":"https:\/\/www.pebblecushions.com\/hu\/wp-json\/wp\/v2\/product_cat?post=316"},{"taxonomy":"product_tag","embeddable":true,"href":"https:\/\/www.pebblecushions.com\/hu\/wp-json\/wp\/v2\/product_tag?post=316"}],"curies":[{"name":"wp","href":"https:\/\/api.w.org\/{rel}","templated":true}]}}