{"id":5234,"date":"2024-10-05T03:14:40","date_gmt":"2024-10-05T03:14:40","guid":{"rendered":"https:\/\/www.pebblecushions.com\/product\/headboard-wedge-pillow-blue-plush-large-reading-pillow"},"modified":"2025-09-22T03:51:59","modified_gmt":"2025-09-22T03:51:59","slug":"fejtamla-ek-alaku-parna-kek-pluss-nagy-olvasoparna","status":"publish","type":"product","link":"https:\/\/www.pebblecushions.com\/hu\/product\/headboard-wedge-pillow-blue-plush-large-reading-pillow","title":{"rendered":"Fejt\u00e1mla \u00c9kp\u00e1rna K\u00e9k Pl\u00fcss Nagy Olvas\u00f3p\u00e1rna"},"content":{"rendered":"","protected":false},"excerpt":{"rendered":"<ul>\n<li><strong>T\u00d6BBFUNKCIONALIT\u00c1S:<\/strong> T\u00f6bb mint egy egyszer\u0171 fejt\u00e1mlap\u00e1rna, \u00e9k alak\u00fa \u00e1gyp\u00e1rn\u00e1nk sz\u00e1mos felhaszn\u00e1l\u00e1si m\u00f3dot t\u00e1mogat, \u00e9s ide\u00e1lis seg\u00e9deszk\u00f6zk\u00e9nt szolg\u00e1lhat h\u00e1tt\u00e1ml\u00e1hoz, l\u00e1bemel\u00e9shez, olvas\u00e1shoz, t\u00e9v\u00e9n\u00e9z\u00e9shez \u00e9s sok m\u00e1s testtart\u00e1shoz, hogy kiel\u00e9g\u00edtse sokf\u00e9le ig\u00e9ny\u00e9t.<\/li>\n<li><strong>ERGON\u00d3MIAI KIALAK\u00cdT\u00c1S:<\/strong> intim \u00e1pol\u00e1s, ergon\u00f3miai lelem\u00e9nyess\u00e9g. A lehet\u0151 legk\u00e9nyelmesebb t\u00e1maszt ny\u00fajtja, cs\u00f6kkenti a nyak- \u00e9s \u00e1gy\u00e9ki csigoly\u00e1kra nehezed\u0151 nyom\u00e1st, \u00e9lvezze a k\u00e9nyelem \u00e9s a meghitts\u00e9g minden pillanat\u00e1t.<\/li>\n<li><strong>K\u00c9NYELEM:<\/strong> A nagy, h\u00e1romsz\u00f6g alak\u00fa \u00e9k alak\u00fa fejp\u00e1rna kiv\u00e1l\u00f3 min\u0151s\u00e9g\u0171 anyagokb\u00f3l \u00e9s finom feldolgoz\u00e1si technol\u00f3gi\u00e1val k\u00e9sz\u00fclt, hogy biztos\u00edtsa az \u00e9k alak\u00fa fejt\u00e1mla puhas\u00e1g\u00e1t \u00e9s k\u00e9nyelm\u00e9t, \u00edgy \u00e9lvezheti az intim illeszked\u00e9st, a meleg \u00e9s k\u00e9nyelmes \u00e9rz\u00e9st.<\/li>\n<li><strong>ANYAG:<\/strong> A kanap\u00e9\u00e1gy h\u00e1tt\u00e1ml\u00e1i kiv\u00e1l\u00f3 min\u0151s\u00e9g\u0171, puha \u00e9s b\u0151rbar\u00e1t anyagokb\u00f3l k\u00e9sz\u00fcltek, gy\u0171r\u0151d\u00e9s- \u00e9s kop\u00e1s\u00e1ll\u00f3ak, \u00edgy k\u00e9nyelmes tapint\u00e1st \u00e9s kiv\u00e1l\u00f3 l\u00e9g\u00e1tereszt\u0151 k\u00e9pess\u00e9get biztos\u00edtanak, sz\u00e1razon \u00e9s k\u00e9nyelmesen tartva \u00d6nt.<\/li>\n<li><strong>K\u00d6NNYEN TISZT\u00cdTHAT\u00d3:<\/strong> Az \u00e9k alak\u00fa \u00e1gyp\u00e1rna levehet\u0151 \u00e9s moshat\u00f3 huzattal rendelkezik a k\u00f6nny\u0171 kezelhet\u0151s\u00e9g \u00e9rdek\u00e9ben, \u00edgy mindig friss, rendezett pihen\u0151k\u00f6rnyezetben pihenhetsz.<\/li>\n<li><strong>M\u00e9ret:<\/strong> 60cm (60*20*50cm), 80cm (80*20*50cm), 100cm (100*20*50cm), 120cm (120*20*50cm), 140cm (140*20*50cm), 160cm (160*20*50cm), 180cm (180*20*50cm), 200cm (200*20*50cm)<\/li>\n<\/ul>","protected":false},"featured_media":5221,"comment_status":"open","ping_status":"closed","template":"","meta":[],"product_brand":[],"product_cat":[55],"product_tag":[],"class_list":{"0":"post-5234","1":"product","2":"type-product","3":"status-publish","4":"has-post-thumbnail","6":"product_cat-living-cushions","8":"first","9":"instock","10":"featured","11":"shipping-taxable","12":"purchasable","13":"product-type-variable","14":"has-default-attributes"},"_links":{"self":[{"href":"https:\/\/www.pebblecushions.com\/hu\/wp-json\/wp\/v2\/product\/5234","targetHints":{"allow":["GET"]}}],"collection":[{"href":"https:\/\/www.pebblecushions.com\/hu\/wp-json\/wp\/v2\/product"}],"about":[{"href":"https:\/\/www.pebblecushions.com\/hu\/wp-json\/wp\/v2\/types\/product"}],"replies":[{"embeddable":true,"href":"https:\/\/www.pebblecushions.com\/hu\/wp-json\/wp\/v2\/comments?post=5234"}],"wp:featuredmedia":[{"embeddable":true,"href":"https:\/\/www.pebblecushions.com\/hu\/wp-json\/wp\/v2\/media\/5221"}],"wp:attachment":[{"href":"https:\/\/www.pebblecushions.com\/hu\/wp-json\/wp\/v2\/media?parent=5234"}],"wp:term":[{"taxonomy":"product_brand","embeddable":true,"href":"https:\/\/www.pebblecushions.com\/hu\/wp-json\/wp\/v2\/product_brand?post=5234"},{"taxonomy":"product_cat","embeddable":true,"href":"https:\/\/www.pebblecushions.com\/hu\/wp-json\/wp\/v2\/product_cat?post=5234"},{"taxonomy":"product_tag","embeddable":true,"href":"https:\/\/www.pebblecushions.com\/hu\/wp-json\/wp\/v2\/product_tag?post=5234"}],"curies":[{"name":"wp","href":"https:\/\/api.w.org\/{rel}","templated":true}]}}