{"id":5335,"date":"2024-10-18T03:29:47","date_gmt":"2024-10-18T03:29:47","guid":{"rendered":"https:\/\/www.pebblecushions.com\/product\/large-wedge-reading-pillow-for-bed-daybed-bolster-backrest-white"},"modified":"2025-09-22T03:52:01","modified_gmt":"2025-09-22T03:52:01","slug":"nagy-ek-alaku-olvasoparna-agyhoz-heveroagy-hattamlahoz-feher","status":"publish","type":"product","link":"https:\/\/www.pebblecushions.com\/hu\/product\/large-wedge-reading-pillow-for-bed-daybed-bolster-backrest-white","title":{"rendered":"Nagy \u00e9k alak\u00fa olvas\u00f3p\u00e1rna \u00e1gyhoz, kanap\u00e9\u00e1gyhoz, h\u00e1tt\u00e1ml\u00e1hoz, feh\u00e9r"},"content":{"rendered":"","protected":false},"excerpt":{"rendered":"<ul>\n<li>Maxim\u00e1lis k\u00e9nyelem: Ez az XL m\u00e9ret\u0171 fejt\u00e1mlap\u00e1rna kiv\u00e1l\u00f3 k\u00e9nyelmet biztos\u00edt h\u00e1romsz\u00f6g alak\u00fa kialak\u00edt\u00e1s\u00e1nak k\u00f6sz\u00f6nhet\u0151en. Az \u00e1gyt\u00e1maszt\u00f3 p\u00e1rna sz\u00e9pen illeszkedik a h\u00e1thoz \u00e9s a der\u00e9khoz, minimaliz\u00e1lva az \u00e1gy\u00e9ki\/h\u00e1tt\u00e1ji nyom\u00e1st. Ez az \u00e9k alak\u00fa olvas\u00f3p\u00e1rna seg\u00edt fesz\u00fclts\u00e9gmentesen maradni az \u00e1gyban vagy a kanap\u00e9n, ami ide\u00e1lis \u00e9jszakai baglyoknak, k\u00f6nyvmolyoknak \u00e9s t\u00e9v\u00e9n\u00e9z\u00e9shez az \u00e1gyban. Ez az extra nagy fejt\u00e1mlap\u00e1rna az egyetlen \u00e9k alak\u00fa fejt\u00e1mlap\u00e1rna, amely k\u00e9t szem\u00e9lyt is elb\u00edr.<\/li>\n<li>3 az 1-ben nagym\u00e9ret\u0171 fejt\u00e1mlap\u00e1rna: A p\u00e1rn\u00e1t f\u00fcgg\u0151legesen is haszn\u00e1lhatod h\u00e1tat t\u00e1maszt\u00f3 fejt\u00e1mlap\u00e1rnak\u00e9nt az \u00e1gyban \u00fcl\u00e9shez, vagy fektetve az \u00e1gyra, nagy \u00e9k alak\u00fa p\u00e1rnak\u00e9nt haszn\u00e1lhatod h\u00e1ton vagy oldalt fekv\u00e9skor, illetve l\u00e1bp\u00e1rnak\u00e9nt a l\u00e1bak megemel\u00e9s\u00e9hez. Ha egy nagym\u00e9ret\u0171 fejt\u00e1mlap\u00e1rn\u00e1t szeretn\u00e9l, amely mind neked, mind a h\u00e1zast\u00e1rsadnak t\u00e1maszt ny\u00fajt, ez egy kiv\u00e1l\u00f3 alternat\u00edva.<\/li>\n<li>Multifunkcion\u00e1lis kialak\u00edt\u00e1s: Vannak, akik a h\u00e1romsz\u00f6g alak\u00fa nagym\u00e9ret\u0171 p\u00e1rn\u00e1t fejt\u00e1mlap\u00e1rnak\u00e9nt haszn\u00e1lj\u00e1k, m\u00edg m\u00e1sok l\u00f6kh\u00e1r\u00edt\u00f3p\u00e1rnak\u00e9nt, de kanap\u00e9 vagy hever\u0151 h\u00e1tt\u00e1ml\u00e1j\u00e1nak is funkcion\u00e1lhat. St\u00edlusos \u00e9s funkcion\u00e1lis is, \u00edgy kiv\u00e1l\u00f3 kieg\u00e9sz\u00edt\u0151je lehet b\u00e1rmely h\u00e1l\u00f3szob\u00e1nak.<\/li>\n<li>Kiv\u00e1l\u00f3 kidolgoz\u00e1s: A p\u00e1rnahuzat kordb\u00e1rsony hat\u00e1s\u00fa, 100% poli\u00e9szterb\u0151l k\u00e9sz\u00fclt. A fejt\u00e1mla p\u00e1rn\u00e1nk l\u00e9g\u00e1tereszt\u0151 \u00e9s el\u00e9g k\u00e9nyelmes ahhoz, hogy megtartsa alakj\u00e1t \u00e9s id\u0151vel se vesz\u00edtse el azt. Mindk\u00e9t oldalon egy oldals\u00f3 zseb tal\u00e1lhat\u00f3 benne, ahol k\u00f6nyvet vagy telefont t\u00e1rolhatsz.<\/li>\n<li>K\u00f6nnyen moshat\u00f3: Az olvas\u00f3p\u00e1rna huzata gombokkal r\u00f6gz\u00edthet\u0151 a p\u00e1rn\u00e1hoz, \u00e9s egy egyszer\u0171 cipz\u00e1rral k\u00f6nnyen levehet\u0151. Ez\u00e1ltal a tiszt\u00edt\u00e1sa egyszer\u0171. Csak vedd le a huzatot, \u00e9s mosd ki egy gyors mos\u00f3g\u00e9pben, hogy a p\u00e1rn\u00e1d \u00fajszer\u0171 legyen.<\/li>\n<li><strong>M\u00e9ret:<\/strong> 60cm (60*20*50cm, 2 gomb), 80cm (80*20*50cm, 2 gomb), 100cm (100*20*50cm, 3 gomb), 120cm (120*20*50cm, 4 gomb), 140cm (140*20*50cm, 4 gomb), 160cm (160*20*50cm, 5 gomb), 180cm (180*20*50cm, 6 gomb), 200cm (200*20*50cm, 7 gomb)<\/li>\n<\/ul>","protected":false},"featured_media":5319,"comment_status":"open","ping_status":"closed","template":"","meta":[],"product_brand":[],"product_cat":[55],"product_tag":[],"class_list":{"0":"post-5335","1":"product","2":"type-product","3":"status-publish","4":"has-post-thumbnail","6":"product_cat-living-cushions","8":"first","9":"instock","10":"featured","11":"shipping-taxable","12":"purchasable","13":"product-type-variable","14":"has-default-attributes"},"_links":{"self":[{"href":"https:\/\/www.pebblecushions.com\/hu\/wp-json\/wp\/v2\/product\/5335","targetHints":{"allow":["GET"]}}],"collection":[{"href":"https:\/\/www.pebblecushions.com\/hu\/wp-json\/wp\/v2\/product"}],"about":[{"href":"https:\/\/www.pebblecushions.com\/hu\/wp-json\/wp\/v2\/types\/product"}],"replies":[{"embeddable":true,"href":"https:\/\/www.pebblecushions.com\/hu\/wp-json\/wp\/v2\/comments?post=5335"}],"wp:featuredmedia":[{"embeddable":true,"href":"https:\/\/www.pebblecushions.com\/hu\/wp-json\/wp\/v2\/media\/5319"}],"wp:attachment":[{"href":"https:\/\/www.pebblecushions.com\/hu\/wp-json\/wp\/v2\/media?parent=5335"}],"wp:term":[{"taxonomy":"product_brand","embeddable":true,"href":"https:\/\/www.pebblecushions.com\/hu\/wp-json\/wp\/v2\/product_brand?post=5335"},{"taxonomy":"product_cat","embeddable":true,"href":"https:\/\/www.pebblecushions.com\/hu\/wp-json\/wp\/v2\/product_cat?post=5335"},{"taxonomy":"product_tag","embeddable":true,"href":"https:\/\/www.pebblecushions.com\/hu\/wp-json\/wp\/v2\/product_tag?post=5335"}],"curies":[{"name":"wp","href":"https:\/\/api.w.org\/{rel}","templated":true}]}}