{"id":69,"date":"2021-10-03T10:23:43","date_gmt":"2021-10-03T10:23:43","guid":{"rendered":"https:\/\/www.pebblecushions.com\/product\/huge-rock-pillows-living-stones-pillows-pebble-pillows-living-pillows-pre-filled-christmas-present-light-gray\/"},"modified":"2025-09-22T03:45:19","modified_gmt":"2025-09-22T03:45:19","slug":"kavicsos-parnak-kavicsos-padloparnak-9001","status":"publish","type":"product","link":"https:\/\/www.pebblecushions.com\/hu\/product\/pebble-pillows-pebble-floor-cushions-9001","title":{"rendered":"Kavicsos p\u00e1rn\u00e1k Kavicsos padl\u00f3p\u00e1rn\u00e1k"},"content":{"rendered":"[zc_getpagecontent mb=&#8221;mb_aplus&#8221; apid=&#8221;16&#8243;]\n<div class=\"row fill_option_note row-box-shadow-2\"  id=\"row-969045337\">\r\n\r\n\n\t<div id=\"col-894959565\" class=\"col small-12 large-12\"  >\n\t\t\t\t<div class=\"col-inner\"  >\n\t\t\t\n\t\t\t\r\n\r\n\t<div id=\"text-469194019\" class=\"text\">\n\t\t\r\n\r\n<p>Our Pebble Cushions offer you two options when purchasing: filled and unfilled cushion covers.<\/p>\r\n<p>If you choose to purchase the unfilled cushion cover (which is definitely tempting for the price), then you will need to fill it with a soft, sturdy yet fluffy filling, or you can fill it with your old clothes, old sheets and other textiles. Or you can get high-quality Premium Fiberfill at Walmart. Doing so will help you save some of the cost of your purchase. Each Pebble Cushion Cover has a discreet zipper along the bottom, great for maintaining the image of the pebbles, and for keeping your family comfortable while you use them. Just unzip to quickly fill the cushion with fiberfill. Likewise, it\u2019s just as easy to empty it when it comes time to wash it.<\/p>\r\n<p>If you shop for a stuffed pebble cushions, we will fill it well for you and guarantee that the stuffed polyester fiberfill inside is brand new, best quality, healthy &amp; ready for use immediately.<\/p>\r\n<p>Why is it recommended to buy \"Without Stuffing\" cushioncase?<\/p>\r\n<p>Our Pebble Cushions are HUGE when full. Since shipping is based on the size of the cushions, not the weight, we have to charge a lot more. Instead, you could purchase the Pebble Cushion Cover , fill it with Premium Fiberfill on your own, and save over 80% off the normal retail price.<\/p>\r\n\t\t\n<style>\n#text-469194019 {\n  color: rgb(0,0,0);\n}\n#text-469194019 > * {\n  color: rgb(0,0,0);\n}\n<\/style>\n\t<\/div>\n\t\r\n\r\n\t\t<\/div>\n\t\t\t\t\t<\/div>\n\n\t\r\n\r\n\n<style>\n#row-969045337 > .col > .col-inner {\n  padding: 20px 20px 10px 20px;\n  background-color: rgb(238, 238, 238);\n  border-radius: 5px;\n}\n<\/style>\n<\/div>\n","protected":false},"excerpt":{"rendered":"<ul>\n<li>Anyag: Pol\u00e1r gyapj\u00fa<\/li>\n<li>Mennyis\u00e9g: 6 darab mell\u00e9kelve<\/li>\n<li>M\u00e9retek: 40x20 h\u00fcvelyk; 20x14 h\u00fcvelyk; 20x10 h\u00fcvelyk; 14x9 h\u00fcvelyk; 12x7 h\u00fcvelyk; 7x4 h\u00fcvelyk<\/li>\n<li>Sz\u00edn: vil\u00e1gos sz\u00fcrke<\/li>\n<li>Minta: Egysz\u00edn\u0171 term\u00e9szetes k\u0151<\/li>\n<li>T\u00f6lt\u0151anyag (FRE-FILLED opci\u00f3hoz): A t\u00f6lt\u0151anyag poli\u00e9szter sz\u00e1lakb\u00f3l k\u00e9sz\u00fclt, amelyet a 100% poli\u00e9szter sz\u00e1lak speci\u00e1lis kever\u00e9ke robbant fel, ami rendk\u00edv\u00fcli rugalmass\u00e1got biztos\u00edt. A t\u00f6lt\u0151anyag sima \u00e1llag\u00fa \u00e9s sz\u00e1mos mos\u00e1s ut\u00e1n is er\u0151sen ellen\u00e1ll. Ritk\u00e1n csom\u00f3sodik \u00e9s nem allergi\u00e1s.<\/li>\n<li>A kem\u00e9ny k\u0151form\u00e1k \u00e9s a puha p\u00e1rnafunkci\u00f3k t\u00f6k\u00e9letes kombin\u00e1ci\u00f3j\u00e1val ezek a k\u0151p\u00e1rn\u00e1k nemcsak jellegzetes lakberendez\u00e9si t\u00e1rgyk\u00e9nt szolg\u00e1lhatnak a padl\u00f3n vagy a b\u00fatorokon, hanem \u00e9rdekes \u00f6lel\u00e9sk\u00e9nt vagy takar\u00f3k\u00e9nt is minden koroszt\u00e1ly sz\u00e1m\u00e1ra.<\/li>\n<li>Val\u00f3ban hasonl\u00f3 3D nyomtatott k\u0151p\u00e1rn\u00e1k: Els\u0151 pillant\u00e1sra sosem gondoln\u00e1d, hogy csak p\u00e1rn\u00e1k. T\u00f6k\u00e9letesen \u00f6tv\u00f6zt\u00fck a p\u00e1rn\u00e1t \u00e9s a \u201ek\u00f6vet\u201d egy \u00f6tletes diz\u00e1jn seg\u00edts\u00e9g\u00e9vel. Az ellipszis forma, a letisztult \u00edv \u00e9s a term\u00e9szetes k\u0151minta mind hozz\u00e1j\u00e1rul ahhoz, hogy a p\u00e1rna val\u00f3di k\u0151nek t\u0171nj\u00f6n. Ezek az \u00e9l\u00e9nk sz\u00edn\u0171 p\u00e1rn\u00e1k \u00e9rdekes helly\u00e9 var\u00e1zsolj\u00e1k otthonunkat.<\/li>\n<li>Amit L\u00e1tsz, Azt Kapod.<\/li>\n<\/ul>","protected":false},"featured_media":58,"comment_status":"open","ping_status":"closed","template":"","meta":[],"product_brand":[],"product_cat":[15],"product_tag":[34,19,22,20,26,21,30,27],"class_list":{"0":"post-69","1":"product","2":"type-product","3":"status-publish","4":"has-post-thumbnail","6":"product_cat-livingstones","7":"product_tag-felt-rock-pillows","8":"product_tag-living-stone-pillows","9":"product_tag-pebble-cushions","10":"product_tag-pebble-pillows","11":"product_tag-rock-cushions","12":"product_tag-rock-pillows","13":"product_tag-soft-rock-pillows","14":"product_tag-stone-floor-pillows","16":"first","17":"instock","18":"featured","19":"shipping-taxable","20":"purchasable","21":"product-type-variable","22":"has-default-attributes"},"_links":{"self":[{"href":"https:\/\/www.pebblecushions.com\/hu\/wp-json\/wp\/v2\/product\/69","targetHints":{"allow":["GET"]}}],"collection":[{"href":"https:\/\/www.pebblecushions.com\/hu\/wp-json\/wp\/v2\/product"}],"about":[{"href":"https:\/\/www.pebblecushions.com\/hu\/wp-json\/wp\/v2\/types\/product"}],"replies":[{"embeddable":true,"href":"https:\/\/www.pebblecushions.com\/hu\/wp-json\/wp\/v2\/comments?post=69"}],"wp:featuredmedia":[{"embeddable":true,"href":"https:\/\/www.pebblecushions.com\/hu\/wp-json\/wp\/v2\/media\/58"}],"wp:attachment":[{"href":"https:\/\/www.pebblecushions.com\/hu\/wp-json\/wp\/v2\/media?parent=69"}],"wp:term":[{"taxonomy":"product_brand","embeddable":true,"href":"https:\/\/www.pebblecushions.com\/hu\/wp-json\/wp\/v2\/product_brand?post=69"},{"taxonomy":"product_cat","embeddable":true,"href":"https:\/\/www.pebblecushions.com\/hu\/wp-json\/wp\/v2\/product_cat?post=69"},{"taxonomy":"product_tag","embeddable":true,"href":"https:\/\/www.pebblecushions.com\/hu\/wp-json\/wp\/v2\/product_tag?post=69"}],"curies":[{"name":"wp","href":"https:\/\/api.w.org\/{rel}","templated":true}]}}