{"id":5211,"date":"2024-10-05T03:00:22","date_gmt":"2024-10-05T03:00:22","guid":{"rendered":"https:\/\/www.pebblecushions.com\/product\/headboard-pillow-white-plush-large-wedge-reading-pillow"},"modified":"2026-03-24T02:16:36","modified_gmt":"2026-03-24T02:16:36","slug":"cuscino-per-testiera-in-peluche-bianco-cuscino-da-lettura-a-cuneo-grande","status":"publish","type":"product","link":"https:\/\/www.pebblecushions.com\/it\/product\/headboard-pillow-white-plush-large-wedge-reading-pillow","title":{"rendered":"Cuscino per testiera Cuscino da lettura a cuneo grande in peluche bianco"},"content":{"rendered":"","protected":false},"excerpt":{"rendered":"<ul>\n<li><strong>MULTIFUNZIONALIT\u00c0:<\/strong> Pi\u00f9 che un semplice cuscino per la testata del letto, il nostro cuscino a cuneo supporta una variet\u00e0 di usi e pu\u00f2 essere utilizzato come ausilio ideale per il supporto della schiena, l'elevazione delle gambe, la lettura, la visione della TV e molte altre posture per soddisfare le vostre molteplici esigenze.<\/li>\n<li><strong>DESIGN ERGONOMICO:<\/strong> cura intima, ingegnosit\u00e0 ergonomica. Fornisce il supporto pi\u00f9 confortevole, riduce la pressione sulle vertebre cervicali e lombari e permette di godere di ogni momento di comfort e accoglienza.<\/li>\n<li><strong>COMFORT:<\/strong> Il cuscino a cuneo triangolare di grandi dimensioni \u00e8 realizzato con materiali di alta qualit\u00e0 e una delicata tecnologia di lavorazione per garantire la morbidezza e il comfort del cuscino a cuneo per il poggiatesta, in modo che possiate godere di una vestibilit\u00e0 intima, di una sensazione calda e confortevole.<\/li>\n<li><strong>MATERIALE:<\/strong> I cuscini per lo schienale del lettino da giorno scelgono tessuti di alta qualit\u00e0, morbidi e delicati per la pelle, resistenti alle rughe e all'usura, che offrono un tocco confortevole e un'eccellente traspirabilit\u00e0, mantenendo l'utente asciutto e comodo.<\/li>\n<li><strong>FACILE DA PULIRE:<\/strong> Il cuscino per letto a cuneo \u00e8 sfoderabile e lavabile per una facile manutenzione, in modo da avere sempre un ambiente di riposo fresco e ordinato.<\/li>\n<li><strong>Dimensioni:<\/strong> 60cm (60*20*50cm), 80cm (80*20*50cm), 100cm (100*20*50cm), 120cm (120*20*50cm), 140cm (140*20*50cm), 160cm (160*20*50cm), 180cm (180*20*50cm), 200cm (200*20*50cm)<\/li>\n<\/ul>","protected":false},"featured_media":5199,"comment_status":"open","ping_status":"closed","template":"","meta":[],"product_brand":[],"product_cat":[55],"product_tag":[],"class_list":{"0":"post-5211","1":"product","2":"type-product","3":"status-publish","4":"has-post-thumbnail","6":"product_cat-living-cushions","8":"first","9":"instock","10":"featured","11":"sold-individually","12":"shipping-taxable","13":"purchasable","14":"product-type-variable","15":"has-default-attributes"},"_links":{"self":[{"href":"https:\/\/www.pebblecushions.com\/it\/wp-json\/wp\/v2\/product\/5211","targetHints":{"allow":["GET"]}}],"collection":[{"href":"https:\/\/www.pebblecushions.com\/it\/wp-json\/wp\/v2\/product"}],"about":[{"href":"https:\/\/www.pebblecushions.com\/it\/wp-json\/wp\/v2\/types\/product"}],"replies":[{"embeddable":true,"href":"https:\/\/www.pebblecushions.com\/it\/wp-json\/wp\/v2\/comments?post=5211"}],"wp:featuredmedia":[{"embeddable":true,"href":"https:\/\/www.pebblecushions.com\/it\/wp-json\/wp\/v2\/media\/5199"}],"wp:attachment":[{"href":"https:\/\/www.pebblecushions.com\/it\/wp-json\/wp\/v2\/media?parent=5211"}],"wp:term":[{"taxonomy":"product_brand","embeddable":true,"href":"https:\/\/www.pebblecushions.com\/it\/wp-json\/wp\/v2\/product_brand?post=5211"},{"taxonomy":"product_cat","embeddable":true,"href":"https:\/\/www.pebblecushions.com\/it\/wp-json\/wp\/v2\/product_cat?post=5211"},{"taxonomy":"product_tag","embeddable":true,"href":"https:\/\/www.pebblecushions.com\/it\/wp-json\/wp\/v2\/product_tag?post=5211"}],"curies":[{"name":"parola chiave","href":"https:\/\/api.w.org\/{rel}","templated":true}]}}