{"id":5335,"date":"2024-10-18T03:29:47","date_gmt":"2024-10-18T03:29:47","guid":{"rendered":"https:\/\/www.pebblecushions.com\/product\/large-wedge-reading-pillow-for-bed-daybed-bolster-backrest-white"},"modified":"2025-09-22T03:52:01","modified_gmt":"2025-09-22T03:52:01","slug":"grande-cuscino-a-cuneo-per-la-lettura-per-letto-divano-letto-schienale-bianco","status":"publish","type":"product","link":"https:\/\/www.pebblecushions.com\/it\/product\/large-wedge-reading-pillow-for-bed-daybed-bolster-backrest-white","title":{"rendered":"Cuscino di lettura a cuneo grande per letto Daybed Bolster Backrest Bianco"},"content":{"rendered":"","protected":false},"excerpt":{"rendered":"<ul>\n<li>Massimo comfort: Questo cuscino per testiera xl offre un comfort eccellente grazie al suo design a forma triangolare. Il cuscino di sostegno per il letto si adatta perfettamente alla schiena e alla vita, riducendo al minimo la pressione lombare e la schiena. Questo cuscino da lettura a cuneo pu\u00f2 aiutarvi a non avere tensioni a letto o sul divano, ideale per i nottambuli che lavorano, per i topi di biblioteca e per chi guarda la TV a letto. Questo cuscino bolster extra large \u00e8 l'unico cuscino per testiera a cuneo che pu\u00f2 ospitare due persone.<\/li>\n<li>Cuscino bolster 3 in 1: \u00c8 possibile utilizzare il cuscino in posizione verticale come cuscino da testiera per sostenere la schiena quando si \u00e8 seduti a letto, oppure stenderlo sul letto per utilizzarlo come cuscino a cuneo di grandi dimensioni quando si dorme sulla schiena o su un fianco, o come cuscino per elevare le gambe. Se desiderate un cuscino per testiera di grandi dimensioni che fornisca sostegno sia a voi che al vostro coniuge. \u00c8 un'ottima alternativa.<\/li>\n<li>Design multifunzionale: Alcuni usano il cuscino triangolare come cuscino per la testata del letto, altri lo usano come cuscino paracolpi, ma pu\u00f2 anche essere un cuscino per lo schienale del divano o del letto da giorno. \u00c8 elegante e funzionale e rappresenta un'ottima aggiunta a qualsiasi camera da letto.<\/li>\n<li>Artigianato superiore: La federa \u00e8 in velluto a coste e la composizione \u00e8 in poliestere 100%. Il nostro cuscino per testiera \u00e8 traspirante e abbastanza comodo da mantenere la sua forma e non perdere la sua forma nel tempo, Una tasca laterale su ogni lato consente di infilare il libro o il telefono.<\/li>\n<li>Facile da lavare: La fodera del cuscino da lettura \u00e8 fissata al cuscino con dei bottoni ed \u00e8 facile da rimuovere con una semplice cerniera. In questo modo, la pulizia non \u00e8 un problema. Basta rimuovere la fodera e lavarla rapidamente in lavatrice per far tornare il cuscino come nuovo.<\/li>\n<li><strong>Dimensioni:<\/strong> 60cm (60*20*50cm, 2 pulsanti), 80cm (80*20*50cm, 2 pulsanti), 100cm (100*20*50cm, 3 pulsanti), 120cm (120*20*50cm, 4 pulsanti), 140cm (140*20*50cm, 4 pulsanti), 160cm (160*20*50cm, 5 pulsanti), 180cm (180*20*50cm, 6 pulsanti), 200cm (200*20*50cm, 7 pulsanti)<\/li>\n<\/ul>","protected":false},"featured_media":5319,"comment_status":"open","ping_status":"closed","template":"","meta":[],"product_brand":[],"product_cat":[55],"product_tag":[],"class_list":{"0":"post-5335","1":"product","2":"type-product","3":"status-publish","4":"has-post-thumbnail","6":"product_cat-living-cushions","8":"first","9":"instock","10":"featured","11":"shipping-taxable","12":"purchasable","13":"product-type-variable","14":"has-default-attributes"},"_links":{"self":[{"href":"https:\/\/www.pebblecushions.com\/it\/wp-json\/wp\/v2\/product\/5335","targetHints":{"allow":["GET"]}}],"collection":[{"href":"https:\/\/www.pebblecushions.com\/it\/wp-json\/wp\/v2\/product"}],"about":[{"href":"https:\/\/www.pebblecushions.com\/it\/wp-json\/wp\/v2\/types\/product"}],"replies":[{"embeddable":true,"href":"https:\/\/www.pebblecushions.com\/it\/wp-json\/wp\/v2\/comments?post=5335"}],"wp:featuredmedia":[{"embeddable":true,"href":"https:\/\/www.pebblecushions.com\/it\/wp-json\/wp\/v2\/media\/5319"}],"wp:attachment":[{"href":"https:\/\/www.pebblecushions.com\/it\/wp-json\/wp\/v2\/media?parent=5335"}],"wp:term":[{"taxonomy":"product_brand","embeddable":true,"href":"https:\/\/www.pebblecushions.com\/it\/wp-json\/wp\/v2\/product_brand?post=5335"},{"taxonomy":"product_cat","embeddable":true,"href":"https:\/\/www.pebblecushions.com\/it\/wp-json\/wp\/v2\/product_cat?post=5335"},{"taxonomy":"product_tag","embeddable":true,"href":"https:\/\/www.pebblecushions.com\/it\/wp-json\/wp\/v2\/product_tag?post=5335"}],"curies":[{"name":"parola chiave","href":"https:\/\/api.w.org\/{rel}","templated":true}]}}