{"id":106,"date":"2021-10-03T12:01:28","date_gmt":"2021-10-03T12:01:28","guid":{"rendered":"https:\/\/www.pebblecushions.com\/product\/meteorolite-rock-pillows-aerolite-pebble-pillows-faux-stone-props-kids-educational-nature-science-theme-pillows-7-pieces-9014\/"},"modified":"2025-09-22T03:54:40","modified_gmt":"2025-09-22T03:54:40","slug":"akmens-formos-pagalves-minkstos-akmens-pagalves-9014","status":"publish","type":"product","link":"https:\/\/www.pebblecushions.com\/lt\/product\/rock-shaped-pillows-soft-rock-pillows-9014","title":{"rendered":"Uolos formos pagalv\u0117s Mink\u0161tos uolos pagalv\u0117s"},"content":{"rendered":"[zc_getpagecontent mb=&#8221;mb_aplus&#8221; apid=&#8221;20&#8243;]\n<div class=\"row fill_option_note row-box-shadow-2\"  id=\"row-439428812\">\r\n\r\n\n\t<div id=\"col-1348403566\" class=\"col small-12 large-12\"  >\n\t\t\t\t<div class=\"col-inner\"  >\n\t\t\t\n\t\t\t\r\n\r\n\t<div id=\"text-2345803105\" class=\"text\">\n\t\t\r\n\r\n<p>Our Pebble Cushions offer you two options when purchasing: filled and unfilled cushion covers.<\/p>\r\n<p>If you choose to purchase the unfilled cushion cover (which is definitely tempting for the price), then you will need to fill it with a soft, sturdy yet fluffy filling, or you can fill it with your old clothes, old sheets and other textiles. Or you can get high-quality Premium Fiberfill at Walmart. Doing so will help you save some of the cost of your purchase. Each Pebble Cushion Cover has a discreet zipper along the bottom, great for maintaining the image of the pebbles, and for keeping your family comfortable while you use them. Just unzip to quickly fill the cushion with fiberfill. Likewise, it\u2019s just as easy to empty it when it comes time to wash it.<\/p>\r\n<p>If you shop for a stuffed pebble cushions, we will fill it well for you and guarantee that the stuffed polyester fiberfill inside is brand new, best quality, healthy &amp; ready for use immediately.<\/p>\r\n<p>Why is it recommended to buy \"Without Stuffing\" cushioncase?<\/p>\r\n<p>Our Pebble Cushions are HUGE when full. Since shipping is based on the size of the cushions, not the weight, we have to charge a lot more. Instead, you could purchase the Pebble Cushion Cover , fill it with Premium Fiberfill on your own, and save over 80% off the normal retail price.<\/p>\r\n\t\t\n<style>\n#text-2345803105 {\n  color: rgb(0,0,0);\n}\n#text-2345803105 > * {\n  color: rgb(0,0,0);\n}\n<\/style>\n\t<\/div>\n\t\r\n\r\n\t\t<\/div>\n\t\t\t\t\t<\/div>\n\n\t\r\n\r\n\n<style>\n#row-439428812 > .col > .col-inner {\n  padding: 20px 20px 10px 20px;\n  background-color: rgb(238, 238, 238);\n  border-radius: 5px;\n}\n<\/style>\n<\/div>\n","protected":false},"excerpt":{"rendered":"<ul>\n<li>Aksominiai (100% poliesterio) pagalvi\u0173 u\u017evalkalai ir be u\u017epildo<\/li>\n<li>Auk\u0161\u010diausios kokyb\u0117s: pagaminta i\u0161 mink\u0161tos ir storos aksomo med\u017eiagos, tankios si\u016bl\u0117s u\u017etikrina didesn\u012f patvarum\u0105 ir apsaugo nuo dilimo bei ply\u0161imo. Tvirtas pasl\u0117ptas u\u017etrauktukas taip pat leid\u017eia lengvai nuimti ir skalbti pagalv\u0117s u\u017evalkal\u0105.<\/li>\n<li>K\u016brybi\u0161kas dizainas: dizaineris pagrindiniu k\u016brybos objektu laiko nat\u016bralius akmenis ir kuria \u012fvairi\u0173 stili\u0173 akmenines pagalv\u0117les. \u0160ios realisti\u0161kos akmenin\u0117s pagalv\u0117l\u0117s suteikia j\u016bs\u0173 namams sodri\u0105 nat\u016brali\u0105 atmosfer\u0105.<\/li>\n<li>Dekoratyvin\u0117 pagalv\u0117l\u0117: jei ie\u0161kote ka\u017eko kitokio savo svetain\u0117s dekorui, negalite praleisti ry\u0161ki\u0173 akmenini\u0173 grind\u0173 pagalv\u0117li\u0173. \u0160ios akmenin\u0117s pagalv\u0117l\u0117s suteikia j\u016bs\u0173 kambariui stiling\u0105 akcent\u0105 ir gali greitai bei lengvai pakeisti kambario i\u0161vaizd\u0105, kad j\u016bs\u0173 namai tapt\u0173 unikal\u016bs. Svetain\u0117, sofa, sofa, lova, viduje, terasa, grindys, lauke, miegamasis, biuras ir kt.<\/li>\n<li>Tikime, kad j\u016bs\u0173 vaikams patiks \u0161i itin mink\u0161ta, \u012fvairi\u0173 form\u0173 akmenin\u0117 pagalv\u0117l\u0117, nes su ja \u017eaid\u017eia j\u0173 giminai\u010diai. Naudokite \u0161ias akmenines pagalv\u0117les, kad suart\u0117tum\u0117te su savo vaikais ir sustiprintum\u0117te meil\u0119 tarp j\u016bs\u0173 ir j\u016bs\u0173 vaiko \u017eaidimo metu.<\/li>\n<li>Suteikite savo kukliai buveinei \u017eemi\u0161k\u0105 atmosfer\u0105 sukurdami ideali\u0105 poilsio aplink\u0105 su \u0161iomis akmen\u0173 pagalv\u0117mis. Kiekviena pagalv\u0117, pasl\u0117pta kaip kiet\u0173 akmen\u0173 kr\u016bva, pagaminta i\u0161 auk\u0161\u010diausios kokyb\u0117s audinio ir yra \u012fvairi\u0173 dyd\u017ei\u0173 bei apdailos, kad sukurt\u0173 tikrovi\u0161k\u0105 peiza\u017e\u0105.<\/li>\n<li>Kiekis: 7 vnt. \/ komplektas<\/li>\n<li>Dydis: #1 30x17 coli\u0173, #2 23x14 coli\u0173, #3 21x12 coli\u0173, #4 20x11 coli\u0173, #5 15x9 coli\u0173, #6 12x8 coli\u0173, #7 8x8 coli\u0173<\/li>\n<\/ul>","protected":false},"featured_media":95,"comment_status":"open","ping_status":"closed","template":"","meta":[],"product_brand":[],"product_cat":[18],"product_tag":[25,19,20,26,21,31,30],"class_list":{"0":"post-106","1":"product","2":"type-product","3":"status-publish","4":"has-post-thumbnail","6":"product_cat-pebble-seats","7":"product_tag-floor-cushion","8":"product_tag-living-stone-pillows","9":"product_tag-pebble-pillows","10":"product_tag-rock-cushions","11":"product_tag-rock-pillows","12":"product_tag-rock-shaped-pillows","13":"product_tag-soft-rock-pillows","15":"first","16":"instock","17":"featured","18":"shipping-taxable","19":"purchasable","20":"product-type-variable","21":"has-default-attributes"},"_links":{"self":[{"href":"https:\/\/www.pebblecushions.com\/lt\/wp-json\/wp\/v2\/product\/106","targetHints":{"allow":["GET"]}}],"collection":[{"href":"https:\/\/www.pebblecushions.com\/lt\/wp-json\/wp\/v2\/product"}],"about":[{"href":"https:\/\/www.pebblecushions.com\/lt\/wp-json\/wp\/v2\/types\/product"}],"replies":[{"embeddable":true,"href":"https:\/\/www.pebblecushions.com\/lt\/wp-json\/wp\/v2\/comments?post=106"}],"wp:featuredmedia":[{"embeddable":true,"href":"https:\/\/www.pebblecushions.com\/lt\/wp-json\/wp\/v2\/media\/95"}],"wp:attachment":[{"href":"https:\/\/www.pebblecushions.com\/lt\/wp-json\/wp\/v2\/media?parent=106"}],"wp:term":[{"taxonomy":"product_brand","embeddable":true,"href":"https:\/\/www.pebblecushions.com\/lt\/wp-json\/wp\/v2\/product_brand?post=106"},{"taxonomy":"product_cat","embeddable":true,"href":"https:\/\/www.pebblecushions.com\/lt\/wp-json\/wp\/v2\/product_cat?post=106"},{"taxonomy":"product_tag","embeddable":true,"href":"https:\/\/www.pebblecushions.com\/lt\/wp-json\/wp\/v2\/product_tag?post=106"}],"curies":[{"name":"wp","href":"https:\/\/api.w.org\/{rel}","templated":true}]}}