{"id":288,"date":"2022-04-08T12:08:41","date_gmt":"2022-04-08T12:08:41","guid":{"rendered":"https:\/\/www.pebblecushions.com\/product\/pebble-decorative-cushions-pebble-cushions-9038"},"modified":"2024-10-05T01:28:18","modified_gmt":"2024-10-05T01:28:18","slug":"akmenuku-dekoratyvines-pagalveles-akmenuku-pagalveles-9038","status":"publish","type":"product","link":"https:\/\/www.pebblecushions.com\/lt\/product\/pebble-decorative-cushions-pebble-cushions-9038","title":{"rendered":"Dekoratyvin\u0117s pagalv\u0117l\u0117s i\u0161 akmenuk\u0173"},"content":{"rendered":"[zc_getpagecontent mb=&#8221;mb_aplus&#8221; apid=&#8221;20&#8243;]\n<hr \/>\n<p>Pattern: pebble stone<br \/>\nImported Type: decorative stone pillow<br \/>\nPackage includes: 7PCS Mix Sizes<br \/>\nCare: Spot clean by hand only<\/p>\n<p><strong>Benefits:<\/strong><\/p>\n<p>Bring pieces of nature into your home with eco-friendly design, Set a comfortable reading and relaxing space for your home.<br \/>\nFeatured in a perfect combination of hard stone shapes and soft pillow functions, these stone pillows can not only be used as a home decor but also an interesting hug or throw for all ages.<br \/>\nThese featured stone pillows are designed according simulation stone shapes and have realistic modeling appearance.<br \/>\nthey are suitable for various scenes and purposes: mixed rock like floor decorative pillows, \u00a0plush toy, \u00a0pebble pillows.<br \/>\nWonderful for kids room, children are especially fond of playing with them whenever and wherever they catch a sight.<br \/>\nCreative style attractive shape sewing with fine workmanship invisible zipper design.<\/p>\n<p><strong>Warm Tip:<\/strong><\/p>\n<p>1. Due to the different monitor and light effect, the actual color of the item might be slightly different from the color showed on the pictures.<br \/>\n2. Please allow 1-2 cm\/ 0.39-0.78 inch errors due to different manual measurement.<br \/>\n3. Please kindly use machine wash the cover of this cushion on cold and air dry; to ensure long-time softness, we suggest not to use iron, bleach, tumble dry or dry clean.<br \/>\n4. Customers&#8217; satisfaction is our top pursuit, please contact with us if you have any curiosity\/ questions\/ suggestions about the product or our service, we will give you a response as soon as possible.<\/p>\n<div class=\"row fill_option_note row-box-shadow-2\"  id=\"row-1825999997\">\r\n\r\n\n\t<div id=\"col-238632206\" class=\"col small-12 large-12\"  >\n\t\t\t\t<div class=\"col-inner\"  >\n\t\t\t\n\t\t\t\r\n\r\n\t<div id=\"text-3253981799\" class=\"text\">\n\t\t\r\n\r\n<p>Our Pebble Cushions offer you two options when purchasing: filled and unfilled cushion covers.<\/p>\r\n<p>If you choose to purchase the unfilled cushion cover (which is definitely tempting for the price), then you will need to fill it with a soft, sturdy yet fluffy filling, or you can fill it with your old clothes, old sheets and other textiles. Or you can get high-quality Premium Fiberfill at Walmart. Doing so will help you save some of the cost of your purchase. Each Pebble Cushion Cover has a discreet zipper along the bottom, great for maintaining the image of the pebbles, and for keeping your family comfortable while you use them. Just unzip to quickly fill the cushion with fiberfill. Likewise, it\u2019s just as easy to empty it when it comes time to wash it.<\/p>\r\n<p>If you shop for a stuffed pebble cushions, we will fill it well for you and guarantee that the stuffed polyester fiberfill inside is brand new, best quality, healthy &amp; ready for use immediately.<\/p>\r\n<p>Why is it recommended to buy \"Without Stuffing\" cushioncase?<\/p>\r\n<p>Our Pebble Cushions are HUGE when full. Since shipping is based on the size of the cushions, not the weight, we have to charge a lot more. Instead, you could purchase the Pebble Cushion Cover , fill it with Premium Fiberfill on your own, and save over 80% off the normal retail price.<\/p>\r\n\t\t\n<style>\n#text-3253981799 {\n  color: rgb(0,0,0);\n}\n#text-3253981799 > * {\n  color: rgb(0,0,0);\n}\n<\/style>\n\t<\/div>\n\t\r\n\r\n\t\t<\/div>\n\t\t\t\t\t<\/div>\n\n\t\r\n\r\n\n<style>\n#row-1825999997 > .col > .col-inner {\n  padding: 20px 20px 10px 20px;\n  background-color: rgb(238, 238, 238);\n  border-radius: 5px;\n}\n<\/style>\n<\/div>\n","protected":false},"excerpt":{"rendered":"<ul>\n<li>Med\u017eiaga: \u0160ios tikrovi\u0161kos akmens pagalv\u0117s u\u017evalkalas pagamintas i\u0161 aksomo, lengvai valomas ir itin patogus atsiremti.<\/li>\n<li>U\u017epildo med\u017eiaga (FRE FILLED variantui): U\u017epildas yra poliesterio pluo\u0161to u\u017epildas, pagamintas i\u0161 specialaus 100% poliesterio pluo\u0161t\u0173 mi\u0161inio, kuris suteikia ypating\u0105 atsparum\u0105. U\u017epildas yra lygaus konsistencijos ir tvirtas net ir po daugyb\u0117s skalbim\u0173. U\u017epildas retai susivelia ir nesukelia alergijos.<\/li>\n<li>Gamtos \u012fkv\u0117ptas dizainas: \u0161ios akmens pagalv\u0117s buvo sukurtos taip, kad primint\u0173 akmens akmenis; pasi\u017eymi tikrovi\u0161ka i\u0161vaizda ir pagalv\u0117s mink\u0161tumu bei komfortu.<\/li>\n<li>Funkcijos: gali b\u016bti naudojamas kaip grind\u0173 danga, k\u0117d\u0117, sofa, ku\u0161et\u0117, lauko pagalv\u0117l\u0117s, dekoratyvin\u0117s pagalv\u0117l\u0117s, plei\u0161to formos pagalv\u0117l\u0117s; puikiai tinka ilgoms kelion\u0117ms ir stovyklavimui; nam\u0173 dekoras, vaik\u0173 pliu\u0161iniai \u017eaislai, k\u016brybin\u0117s dovanos, taip pat kaip rekvizitas fotostudijai ar \u017eaidimams; unikali dovanos id\u0117ja gimtadieniui, Kal\u0117doms, \u012fkurtuvi\u0173 proga, draugystei, Valentino dienai ir kt.<\/li>\n<li>Privalumai: unikalus dekoratyvinis akcentas j\u016bs\u0173 namams, svetainei, vaik\u0173 miegamajam, bendrabu\u010diui, biurui, terasai ar automobiliui, vaik\u0173 \u017eaidim\u0173 aik\u0161telei, \u017eaidim\u0173 kambariui, sodui, dar\u017eeliui, mokyklai, fotostudijai, vie\u0161bu\u010diui, klubui, barui, jogos centrui, parod\u0173, mad\u0173 \u0161ou, automobili\u0173 parodai ir kitoms vietoms.<\/li>\n<li>Lengva valyti: pritvirtintas nematomas u\u017etrauktukas leid\u017eia nuimti ir skalbti u\u017evalkal\u0105; Galima skalbti rankomis.<\/li>\n<li>\u012e pakuot\u0119 \u012feina: 7 vnt.\/rinkinyje, dyd\u017eiai: #1 30x17 coli\u0173, #2 23x14 coli\u0173, #3 21x12 coli\u0173, #4 20x11 coli\u0173, #5 15x9 coli\u0173, #6 12x8 coli\u0173, #7 8x8 coli\u0173.<\/li>\n<li>\u012esp\u0117jimas apie pav\u0117luot\u0105 pristatym\u0105: Esamos prek\u0117s bus i\u0161si\u0173stos per 72 valandas nuo apmok\u0117jimo, pristatytos per 10\u201320 dien\u0173.<\/li>\n<\/ul>","protected":false},"featured_media":280,"comment_status":"open","ping_status":"closed","template":"","meta":[],"product_brand":[],"product_cat":[17],"product_tag":[19,35,22,20,24,26,21,29,32],"class_list":{"0":"post-288","1":"product","2":"type-product","3":"status-publish","4":"has-post-thumbnail","6":"product_cat-pebble-cushions","7":"product_tag-living-stone-pillows","8":"product_tag-livingstones","9":"product_tag-pebble-cushions","10":"product_tag-pebble-pillows","11":"product_tag-pebble-seats","12":"product_tag-rock-cushions","13":"product_tag-rock-pillows","14":"product_tag-stone-cushions","15":"product_tag-stone-pillows","17":"first","18":"instock","19":"shipping-taxable","20":"purchasable","21":"product-type-variable","22":"has-default-attributes"},"_links":{"self":[{"href":"https:\/\/www.pebblecushions.com\/lt\/wp-json\/wp\/v2\/product\/288","targetHints":{"allow":["GET"]}}],"collection":[{"href":"https:\/\/www.pebblecushions.com\/lt\/wp-json\/wp\/v2\/product"}],"about":[{"href":"https:\/\/www.pebblecushions.com\/lt\/wp-json\/wp\/v2\/types\/product"}],"replies":[{"embeddable":true,"href":"https:\/\/www.pebblecushions.com\/lt\/wp-json\/wp\/v2\/comments?post=288"}],"wp:featuredmedia":[{"embeddable":true,"href":"https:\/\/www.pebblecushions.com\/lt\/wp-json\/wp\/v2\/media\/280"}],"wp:attachment":[{"href":"https:\/\/www.pebblecushions.com\/lt\/wp-json\/wp\/v2\/media?parent=288"}],"wp:term":[{"taxonomy":"product_brand","embeddable":true,"href":"https:\/\/www.pebblecushions.com\/lt\/wp-json\/wp\/v2\/product_brand?post=288"},{"taxonomy":"product_cat","embeddable":true,"href":"https:\/\/www.pebblecushions.com\/lt\/wp-json\/wp\/v2\/product_cat?post=288"},{"taxonomy":"product_tag","embeddable":true,"href":"https:\/\/www.pebblecushions.com\/lt\/wp-json\/wp\/v2\/product_tag?post=288"}],"curies":[{"name":"wp","href":"https:\/\/api.w.org\/{rel}","templated":true}]}}