{"id":69,"date":"2021-10-03T10:23:43","date_gmt":"2021-10-03T10:23:43","guid":{"rendered":"https:\/\/www.pebblecushions.com\/product\/huge-rock-pillows-living-stones-pillows-pebble-pillows-living-pillows-pre-filled-christmas-present-light-gray\/"},"modified":"2025-09-22T03:45:19","modified_gmt":"2025-09-22T03:45:19","slug":"akmenuku-pagalves-akmenuku-grindu-pagalveles-9001","status":"publish","type":"product","link":"https:\/\/www.pebblecushions.com\/lt\/product\/pebble-pillows-pebble-floor-cushions-9001","title":{"rendered":"Akmenuk\u0173 pagalv\u0117s Akmenuk\u0173 grind\u0173 pagalv\u0117l\u0117s"},"content":{"rendered":"[zc_getpagecontent mb=&#8221;mb_aplus&#8221; apid=&#8221;16&#8243;]\n<div class=\"row fill_option_note row-box-shadow-2\"  id=\"row-1042841090\">\r\n\r\n\n\t<div id=\"col-1886004685\" class=\"col small-12 large-12\"  >\n\t\t\t\t<div class=\"col-inner\"  >\n\t\t\t\n\t\t\t\r\n\r\n\t<div id=\"text-2733579282\" class=\"text\">\n\t\t\r\n\r\n<p>Our Pebble Cushions offer you two options when purchasing: filled and unfilled cushion covers.<\/p>\r\n<p>If you choose to purchase the unfilled cushion cover (which is definitely tempting for the price), then you will need to fill it with a soft, sturdy yet fluffy filling, or you can fill it with your old clothes, old sheets and other textiles. Or you can get high-quality Premium Fiberfill at Walmart. Doing so will help you save some of the cost of your purchase. Each Pebble Cushion Cover has a discreet zipper along the bottom, great for maintaining the image of the pebbles, and for keeping your family comfortable while you use them. Just unzip to quickly fill the cushion with fiberfill. Likewise, it\u2019s just as easy to empty it when it comes time to wash it.<\/p>\r\n<p>If you shop for a stuffed pebble cushions, we will fill it well for you and guarantee that the stuffed polyester fiberfill inside is brand new, best quality, healthy &amp; ready for use immediately.<\/p>\r\n<p>Why is it recommended to buy \"Without Stuffing\" cushioncase?<\/p>\r\n<p>Our Pebble Cushions are HUGE when full. Since shipping is based on the size of the cushions, not the weight, we have to charge a lot more. Instead, you could purchase the Pebble Cushion Cover , fill it with Premium Fiberfill on your own, and save over 80% off the normal retail price.<\/p>\r\n\t\t\n<style>\n#text-2733579282 {\n  color: rgb(0,0,0);\n}\n#text-2733579282 > * {\n  color: rgb(0,0,0);\n}\n<\/style>\n\t<\/div>\n\t\r\n\r\n\t\t<\/div>\n\t\t\t\t\t<\/div>\n\n\t\r\n\r\n\n<style>\n#row-1042841090 > .col > .col-inner {\n  padding: 20px 20px 10px 20px;\n  background-color: rgb(238, 238, 238);\n  border-radius: 5px;\n}\n<\/style>\n<\/div>\n","protected":false},"excerpt":{"rendered":"<ul>\n<li>Audinys: poliarin\u0117 vilna<\/li>\n<li>Kiekis: \u012eskai\u010diuota 6 vnt.<\/li>\n<li>Dyd\u017eiai: 40 x 20 coli\u0173; 20 x 14 coli\u0173; 20 x 10 coli\u0173; 14 x 9 coli\u0173; 12 x 7 coli\u0173; 7 x 4 coli\u0173<\/li>\n<li>Spalva: \u0161viesiai pilka<\/li>\n<li>Ra\u0161tas: Vientisos spalvos gamtos akmuo<\/li>\n<li>U\u017epildo med\u017eiaga (FRE FILLED variantui): U\u017epildas yra poliesterio pluo\u0161to u\u017epildas, pagamintas i\u0161 specialaus 100% poliesterio pluo\u0161t\u0173 mi\u0161inio, kuris suteikia ypating\u0105 atsparum\u0105. U\u017epildas yra lygaus konsistencijos ir tvirtas net ir po daugyb\u0117s skalbim\u0173. U\u017epildas retai susivelia ir nesukelia alergijos.<\/li>\n<li>\u0160ios akmens pagalv\u0117s, pasi\u017eymin\u010dios tobulu kieto akmens form\u0173 ir mink\u0161t\u0173 pagalv\u0117li\u0173 funkcij\u0173 deriniu, gali b\u016bti naudojamos ne tik kaip i\u0161skirtinis nam\u0173 dekoro elementas ant grind\u0173 ar bald\u0173, bet ir kaip \u012fdomus apkabinimas ar u\u017etiesalas bet kokio am\u017eiaus \u017emon\u0117ms.<\/li>\n<li>Labai pana\u0161ios 3D spausdintuvu atspausdintos akmens pagalv\u0117s: i\u0161 pirmo \u017evilgsnio niekada nepagalvosite, kad tai tiesiog pagalv\u0117s. Mes puikiai suderinome pagalv\u0119 ir \u201eakmen\u012f\u201c pasitelkdami i\u0161rading\u0105 dizain\u0105. Elips\u0117s forma, eleganti\u0161kas linkis ir nat\u016bralaus akmens ra\u0161tas \u2013 visa tai kartu sukuria \u012fsp\u016bd\u012f, kad pagalv\u0117 atrodo kaip tikras akmuo. \u0160ios ry\u0161kios pagalv\u0117s paver\u010dia m\u016bs\u0173 namus \u012fdomia vieta.<\/li>\n<li>K\u0105 matai, t\u0105 ir gauni.<\/li>\n<\/ul>","protected":false},"featured_media":58,"comment_status":"open","ping_status":"closed","template":"","meta":[],"product_brand":[],"product_cat":[15],"product_tag":[34,19,22,20,26,21,30,27],"class_list":{"0":"post-69","1":"product","2":"type-product","3":"status-publish","4":"has-post-thumbnail","6":"product_cat-livingstones","7":"product_tag-felt-rock-pillows","8":"product_tag-living-stone-pillows","9":"product_tag-pebble-cushions","10":"product_tag-pebble-pillows","11":"product_tag-rock-cushions","12":"product_tag-rock-pillows","13":"product_tag-soft-rock-pillows","14":"product_tag-stone-floor-pillows","16":"first","17":"instock","18":"featured","19":"shipping-taxable","20":"purchasable","21":"product-type-variable","22":"has-default-attributes"},"_links":{"self":[{"href":"https:\/\/www.pebblecushions.com\/lt\/wp-json\/wp\/v2\/product\/69","targetHints":{"allow":["GET"]}}],"collection":[{"href":"https:\/\/www.pebblecushions.com\/lt\/wp-json\/wp\/v2\/product"}],"about":[{"href":"https:\/\/www.pebblecushions.com\/lt\/wp-json\/wp\/v2\/types\/product"}],"replies":[{"embeddable":true,"href":"https:\/\/www.pebblecushions.com\/lt\/wp-json\/wp\/v2\/comments?post=69"}],"wp:featuredmedia":[{"embeddable":true,"href":"https:\/\/www.pebblecushions.com\/lt\/wp-json\/wp\/v2\/media\/58"}],"wp:attachment":[{"href":"https:\/\/www.pebblecushions.com\/lt\/wp-json\/wp\/v2\/media?parent=69"}],"wp:term":[{"taxonomy":"product_brand","embeddable":true,"href":"https:\/\/www.pebblecushions.com\/lt\/wp-json\/wp\/v2\/product_brand?post=69"},{"taxonomy":"product_cat","embeddable":true,"href":"https:\/\/www.pebblecushions.com\/lt\/wp-json\/wp\/v2\/product_cat?post=69"},{"taxonomy":"product_tag","embeddable":true,"href":"https:\/\/www.pebblecushions.com\/lt\/wp-json\/wp\/v2\/product_tag?post=69"}],"curies":[{"name":"wp","href":"https:\/\/api.w.org\/{rel}","templated":true}]}}