{"id":113,"date":"2021-10-03T12:01:45","date_gmt":"2021-10-03T12:01:45","guid":{"rendered":"https:\/\/www.pebblecushions.com\/product\/living-stone-pillows-rock-pillows-pebble-cushions-decorative-floor-pillows-accent-throw-pillows-fun-birthday-gift-7-pieces-9013\/"},"modified":"2024-10-03T23:26:23","modified_gmt":"2024-10-03T23:26:23","slug":"akmens-gridas-spilveni-olu-gridas-spilveni-9013","status":"publish","type":"product","link":"https:\/\/www.pebblecushions.com\/lv\/product\/stone-floor-pillows-pebble-floor-cushions-9013","title":{"rendered":"Akmens gr\u012bdas spilveni O\u013cu gr\u012bdas spilveni"},"content":{"rendered":"[zc_getpagecontent mb=&#8221;mb_aplus&#8221; apid=&#8221;20&#8243;]\n<div class=\"row fill_option_note row-box-shadow-2\"  id=\"row-1914778811\">\r\n\r\n\n\t<div id=\"col-157891029\" class=\"col small-12 large-12\"  >\n\t\t\t\t<div class=\"col-inner\"  >\n\t\t\t\n\t\t\t\r\n\r\n\t<div id=\"text-2422140063\" class=\"text\">\n\t\t\r\n\r\n<p>Our Pebble Cushions offer you two options when purchasing: filled and unfilled cushion covers.<\/p>\r\n<p>If you choose to purchase the unfilled cushion cover (which is definitely tempting for the price), then you will need to fill it with a soft, sturdy yet fluffy filling, or you can fill it with your old clothes, old sheets and other textiles. Or you can get high-quality Premium Fiberfill at Walmart. Doing so will help you save some of the cost of your purchase. Each Pebble Cushion Cover has a discreet zipper along the bottom, great for maintaining the image of the pebbles, and for keeping your family comfortable while you use them. Just unzip to quickly fill the cushion with fiberfill. Likewise, it\u2019s just as easy to empty it when it comes time to wash it.<\/p>\r\n<p>If you shop for a stuffed pebble cushions, we will fill it well for you and guarantee that the stuffed polyester fiberfill inside is brand new, best quality, healthy &amp; ready for use immediately.<\/p>\r\n<p>Why is it recommended to buy \"Without Stuffing\" cushioncase?<\/p>\r\n<p>Our Pebble Cushions are HUGE when full. Since shipping is based on the size of the cushions, not the weight, we have to charge a lot more. Instead, you could purchase the Pebble Cushion Cover , fill it with Premium Fiberfill on your own, and save over 80% off the normal retail price.<\/p>\r\n\t\t\n<style>\n#text-2422140063 {\n  color: rgb(0,0,0);\n}\n#text-2422140063 > * {\n  color: rgb(0,0,0);\n}\n<\/style>\n\t<\/div>\n\t\r\n\r\n\t\t<\/div>\n\t\t\t\t\t<\/div>\n\n\t\r\n\r\n\n<style>\n#row-1914778811 > .col > .col-inner {\n  padding: 20px 20px 10px 20px;\n  background-color: rgb(238, 238, 238);\n  border-radius: 5px;\n}\n<\/style>\n<\/div>\n","protected":false},"excerpt":{"rendered":"<ul>\n<li>Samta (100% poliestera) spilvendr\u0101nas un bez pild\u012bjuma<\/li>\n<li>Augst\u0101k\u0101s kvalit\u0101tes: Izgatavots no m\u012bksta un bieza samta materi\u0101la, cie\u0161as \u0161uves nodro\u0161ina lab\u0101ku iztur\u012bbu un nov\u0113r\u0161 nodilumu un pl\u012bsumu. Iztur\u012bgais sl\u0113pt\u0101 r\u0101v\u0113jsl\u0113dz\u0113ja dizains padara spilvena p\u0101rvalku viegli no\u0146emamu un mazg\u0101jamu.<\/li>\n<li>Rado\u0161s dizains: Dizainers par galveno rad\u012b\u0161anas objektu \u0146em dabiskos akme\u0146us un izstr\u0101d\u0101 da\u017e\u0101du stilu akmens dekorat\u012bvos spilvenus. \u0160ie re\u0101listiskie akmens spilveni rada bag\u0101t\u012bgu dabisko atmosf\u0113ru telp\u0101s.<\/li>\n<li>Dekorat\u012bvs spilvens: Ja mekl\u0113jat kaut ko at\u0161\u0137ir\u012bgu savas viesistabas dekoram, tad noteikti palaidiet gar\u0101m spilgtos akmens gr\u012bdas spilvenus. \u0160ie akmens spilveni pie\u0161\u0137ir j\u016bsu istabai stil\u012bgu piesk\u0101rienu un var \u0101tri un vienk\u0101r\u0161i main\u012bt telpas izskatu, padarot j\u016bsu m\u0101jas stilu unik\u0101lu. Viesistaba, d\u012bv\u0101ns, gulta, iek\u0161telp\u0101s, teras\u0113, gr\u012bdai, \u0101r\u0101, gu\u013camistab\u0101, biroj\u0101 utt.<\/li>\n<li>M\u0113s ticam, ka j\u016bsu b\u0113rniem patiks \u0161is \u012bpa\u0161i m\u012bkstais da\u017e\u0101du formu akmens spilvens, jo ar to sp\u0113l\u0113jas vi\u0146u radinieki. Izmantojiet \u0161os akmens spilvenus, lai satuvin\u0101tos ar saviem b\u0113rniem un vairotu savstarp\u0113jo pie\u0137er\u0161anos sp\u0113les laik\u0101.<\/li>\n<li>Pie\u0161\u0137iriet savai pietic\u012bgajai m\u0101jvietai zemes noska\u0146u, radot ide\u0101lu atp\u016btas vidi ar \u0161iem akmens spilveniem. Katrs spilvens, kas mask\u0113ts k\u0101 cietu akme\u0146u kaudze, ir izgatavots no augst\u0101k\u0101s kvalit\u0101tes auduma un pieejams da\u017e\u0101dos izm\u0113ros un apdar\u0113s, lai rad\u012btu re\u0101listisku ainavu.<\/li>\n<li>Daudzums: 7 gabali \/ komplekts<\/li>\n<li>Izm\u0113rs: #1 30x17 collas, #2 23x14 collas, #3 21x12 collas, #4 20x11 collas, #5 15x9 collas, #6 12x8 collas, #7 8x8 collas<\/li>\n<\/ul>","protected":false},"featured_media":107,"comment_status":"open","ping_status":"closed","template":"","meta":[],"product_brand":[],"product_cat":[18],"product_tag":[19,28,20,26,21,30,29],"class_list":{"0":"post-113","1":"product","2":"type-product","3":"status-publish","4":"has-post-thumbnail","6":"product_cat-pebble-seats","7":"product_tag-living-stone-pillows","8":"product_tag-pebble-floor-cushions","9":"product_tag-pebble-pillows","10":"product_tag-rock-cushions","11":"product_tag-rock-pillows","12":"product_tag-soft-rock-pillows","13":"product_tag-stone-cushions","15":"first","16":"instock","17":"shipping-taxable","18":"purchasable","19":"product-type-variable","20":"has-default-attributes"},"_links":{"self":[{"href":"https:\/\/www.pebblecushions.com\/lv\/wp-json\/wp\/v2\/product\/113","targetHints":{"allow":["GET"]}}],"collection":[{"href":"https:\/\/www.pebblecushions.com\/lv\/wp-json\/wp\/v2\/product"}],"about":[{"href":"https:\/\/www.pebblecushions.com\/lv\/wp-json\/wp\/v2\/types\/product"}],"replies":[{"embeddable":true,"href":"https:\/\/www.pebblecushions.com\/lv\/wp-json\/wp\/v2\/comments?post=113"}],"wp:featuredmedia":[{"embeddable":true,"href":"https:\/\/www.pebblecushions.com\/lv\/wp-json\/wp\/v2\/media\/107"}],"wp:attachment":[{"href":"https:\/\/www.pebblecushions.com\/lv\/wp-json\/wp\/v2\/media?parent=113"}],"wp:term":[{"taxonomy":"product_brand","embeddable":true,"href":"https:\/\/www.pebblecushions.com\/lv\/wp-json\/wp\/v2\/product_brand?post=113"},{"taxonomy":"product_cat","embeddable":true,"href":"https:\/\/www.pebblecushions.com\/lv\/wp-json\/wp\/v2\/product_cat?post=113"},{"taxonomy":"product_tag","embeddable":true,"href":"https:\/\/www.pebblecushions.com\/lv\/wp-json\/wp\/v2\/product_tag?post=113"}],"curies":[{"name":"wp","href":"https:\/\/api.w.org\/{rel}","templated":true}]}}