{"id":19034,"date":"2026-03-01T02:17:08","date_gmt":"2026-03-01T02:17:08","guid":{"rendered":"https:\/\/www.pebblecushions.com\/product\/neo-livingstones-pebble-cushions-pebble-pillows-rock-pillows-set"},"modified":"2026-03-02T20:26:46","modified_gmt":"2026-03-02T20:26:46","slug":"neo-livingstones-olu-spilveni-olu-spilveni-klinsu-spilvenu-komplekts","status":"publish","type":"product","link":"https:\/\/www.pebblecushions.com\/lv\/product\/neo-livingstones-pebble-cushions-pebble-pillows-rock-pillows-set","title":{"rendered":"Neo-LivingStones o\u013cu spilveni o\u013cu spilveni akmens spilvenu komplekts"},"content":{"rendered":"[zc_getpagecontent mb=&#8221;mb_aplus&#8221; apid=&#8221;165&#8243;]\n","protected":false},"excerpt":{"rendered":"<ul>\n<li>Da\u017e\u0101di izm\u0113ri: pieejami se\u0161os da\u017e\u0101dos izm\u0113ros (no 20 cm l\u012bdz 95 cm garum\u0101), Soft Stone spilvenus var sakraut, izkais\u012bt vai grup\u0113t, lai izveidotu personaliz\u0113tu m\u012bksto atp\u016btas zonu. Lieliski piem\u0113roti k\u0101 pufi, gr\u012bdas s\u0113dek\u013ci vai akcenta spilveni.<\/li>\n<li>Kvalitat\u012bvs materi\u0101ls: Izgatavoti no m\u012bksta, atbalsto\u0161a polipropil\u0113na (PP) kokvilnas un augst\u0101k\u0101s kvalit\u0101tes kompoz\u012btmateri\u0101la, mat\u0113ta poliestera trikot\u0101\u017eas auduma, \u0161ie spilveni ir ide\u0101li piem\u0113roti atp\u016btai, s\u0113d\u0113\u0161anai, atp\u016btai vai pat izt\u0113les bag\u0101t\u0101m sp\u0113l\u0113m. Atbalsto\u0161i, tom\u0113r pl\u012b\u0161a.<\/li>\n<li>Vienk\u0101r\u0161a apkope un uzst\u0101d\u012b\u0161ana: Nav nepiecie\u0161ama salik\u0161ana un viegls svars. Nesl\u012bdo\u0161a apak\u0161da\u013ca dro\u0161\u012bbai. Vienk\u0101r\u0161i not\u012briet ar mitru dr\u0101nu. R\u0101v\u0113jsl\u0113dz\u0113jus var atv\u0113rt ar saspraudi, kad nepiecie\u0161ama piek\u013cuve \u2013 skatiet pievienoto foto pam\u0101c\u012bbu.<\/li>\n<li>\u012apa\u0161a ra\u017eo\u0161anas tehnika: M\u016bsu izstr\u0101d\u0101jumu \u0101r\u0113j\u0101 dizain\u0101 m\u0113s izmantojam progres\u012bvas pane\u013cu \u0161\u016b\u0161anas tehnikas, nodro\u0161inot smalku un izsmalcin\u0101tu izskatu.<\/li>\n<li>P\u0101rdod 4 komplektu kombin\u0101cij\u0101s: izv\u0113lieties no \u010detriem atlas\u012btiem komplektiem \u2014 prec\u012bzu komplekta saturu skatiet produktu att\u0113los; ko redzat, to ar\u012b sa\u0146emat.<\/li>\n<li>Jauna produkta lai\u0161ana klaj\u0101: 90 dienu cenas garantija. Ja cena 90 dienu laik\u0101 samazin\u0101sies, m\u0113s atmaks\u0101sim starp\u012bbu.<\/li>\n<li>Atgrie\u0161anas un apmai\u0146as politika: Pirc\u0113ji ir atbild\u012bgi par atgrie\u0161anas pieg\u0101des izmaks\u0101m jebkuras preces atgrie\u0161anas vai apmai\u0146as gad\u012bjum\u0101.<\/li>\n<\/ul>","protected":false},"featured_media":19016,"comment_status":"open","ping_status":"closed","template":"","meta":[],"product_brand":[],"product_cat":[15],"product_tag":[],"class_list":{"0":"post-19034","1":"product","2":"type-product","3":"status-publish","4":"has-post-thumbnail","6":"product_cat-livingstones","8":"first","9":"instock","10":"sold-individually","11":"shipping-taxable","12":"purchasable","13":"product-type-variable","14":"has-default-attributes"},"_links":{"self":[{"href":"https:\/\/www.pebblecushions.com\/lv\/wp-json\/wp\/v2\/product\/19034","targetHints":{"allow":["GET"]}}],"collection":[{"href":"https:\/\/www.pebblecushions.com\/lv\/wp-json\/wp\/v2\/product"}],"about":[{"href":"https:\/\/www.pebblecushions.com\/lv\/wp-json\/wp\/v2\/types\/product"}],"replies":[{"embeddable":true,"href":"https:\/\/www.pebblecushions.com\/lv\/wp-json\/wp\/v2\/comments?post=19034"}],"wp:featuredmedia":[{"embeddable":true,"href":"https:\/\/www.pebblecushions.com\/lv\/wp-json\/wp\/v2\/media\/19016"}],"wp:attachment":[{"href":"https:\/\/www.pebblecushions.com\/lv\/wp-json\/wp\/v2\/media?parent=19034"}],"wp:term":[{"taxonomy":"product_brand","embeddable":true,"href":"https:\/\/www.pebblecushions.com\/lv\/wp-json\/wp\/v2\/product_brand?post=19034"},{"taxonomy":"product_cat","embeddable":true,"href":"https:\/\/www.pebblecushions.com\/lv\/wp-json\/wp\/v2\/product_cat?post=19034"},{"taxonomy":"product_tag","embeddable":true,"href":"https:\/\/www.pebblecushions.com\/lv\/wp-json\/wp\/v2\/product_tag?post=19034"}],"curies":[{"name":"wp","href":"https:\/\/api.w.org\/{rel}","templated":true}]}}