{"id":240,"date":"2022-04-08T11:55:14","date_gmt":"2022-04-08T11:55:14","guid":{"rendered":"https:\/\/www.pebblecushions.com\/product\/pebble-floor-living-cushions-pebble-cushions-9043"},"modified":"2024-10-05T01:28:18","modified_gmt":"2024-10-05T01:28:18","slug":"olu-gridas-dzivojamas-spilveni-olu-spilveni-9043","status":"publish","type":"product","link":"https:\/\/www.pebblecushions.com\/lv\/product\/pebble-floor-living-cushions-pebble-cushions-9043","title":{"rendered":"O\u013cu gr\u012bdas dz\u012bvojam\u0101s spilveni O\u013cu spilveni"},"content":{"rendered":"[zc_getpagecontent mb=&#8221;mb_aplus&#8221; apid=&#8221;20&#8243;]\n<hr \/>\n<p>Pattern: pebble stone<br \/>\nImported Type: decorative stone pillow<br \/>\nPackage includes: 7PCS Mix Sizes<br \/>\nCare: Spot clean by hand only<\/p>\n<p><strong>Benefits:<\/strong><\/p>\n<p>Bring pieces of nature into your home with eco-friendly design, Set a comfortable reading and relaxing space for your home.<br \/>\nFeatured in a perfect combination of hard stone shapes and soft pillow functions, these stone pillows can not only be used as a home decor but also an interesting hug or throw for all ages.<br \/>\nThese featured stone pillows are designed according simulation stone shapes and have realistic modeling appearance.<br \/>\nthey are suitable for various scenes and purposes: mixed rock like floor decorative pillows, \u00a0plush toy, \u00a0pebble pillows.<br \/>\nWonderful for kids room, children are especially fond of playing with them whenever and wherever they catch a sight.<br \/>\nCreative style attractive shape sewing with fine workmanship invisible zipper design.<\/p>\n<p><strong>Warm Tip:<\/strong><\/p>\n<p>1. Due to the different monitor and light effect, the actual color of the item might be slightly different from the color showed on the pictures.<br \/>\n2. Please allow 1-2 cm\/ 0.39-0.78 inch errors due to different manual measurement.<br \/>\n3. Please kindly use machine wash the cover of this cushion on cold and air dry; to ensure long-time softness, we suggest not to use iron, bleach, tumble dry or dry clean.<br \/>\n4. Customers&#8217; satisfaction is our top pursuit, please contact with us if you have any curiosity\/ questions\/ suggestions about the product or our service, we will give you a response as soon as possible.<\/p>\n<div class=\"row fill_option_note row-box-shadow-2\"  id=\"row-1486427599\">\r\n\r\n\n\t<div id=\"col-601602026\" class=\"col small-12 large-12\"  >\n\t\t\t\t<div class=\"col-inner\"  >\n\t\t\t\n\t\t\t\r\n\r\n\t<div id=\"text-3450838219\" class=\"text\">\n\t\t\r\n\r\n<p>Our Pebble Cushions offer you two options when purchasing: filled and unfilled cushion covers.<\/p>\r\n<p>If you choose to purchase the unfilled cushion cover (which is definitely tempting for the price), then you will need to fill it with a soft, sturdy yet fluffy filling, or you can fill it with your old clothes, old sheets and other textiles. Or you can get high-quality Premium Fiberfill at Walmart. Doing so will help you save some of the cost of your purchase. Each Pebble Cushion Cover has a discreet zipper along the bottom, great for maintaining the image of the pebbles, and for keeping your family comfortable while you use them. Just unzip to quickly fill the cushion with fiberfill. Likewise, it\u2019s just as easy to empty it when it comes time to wash it.<\/p>\r\n<p>If you shop for a stuffed pebble cushions, we will fill it well for you and guarantee that the stuffed polyester fiberfill inside is brand new, best quality, healthy &amp; ready for use immediately.<\/p>\r\n<p>Why is it recommended to buy \"Without Stuffing\" cushioncase?<\/p>\r\n<p>Our Pebble Cushions are HUGE when full. Since shipping is based on the size of the cushions, not the weight, we have to charge a lot more. Instead, you could purchase the Pebble Cushion Cover , fill it with Premium Fiberfill on your own, and save over 80% off the normal retail price.<\/p>\r\n\t\t\n<style>\n#text-3450838219 {\n  color: rgb(0,0,0);\n}\n#text-3450838219 > * {\n  color: rgb(0,0,0);\n}\n<\/style>\n\t<\/div>\n\t\r\n\r\n\t\t<\/div>\n\t\t\t\t\t<\/div>\n\n\t\r\n\r\n\n<style>\n#row-1486427599 > .col > .col-inner {\n  padding: 20px 20px 10px 20px;\n  background-color: rgb(238, 238, 238);\n  border-radius: 5px;\n}\n<\/style>\n<\/div>\n","protected":false},"excerpt":{"rendered":"<ul>\n<li>Materi\u0101ls: \u0160\u012b re\u0101listisk\u0101 akmens spilvena p\u0101rvalks ir izgatavots no samta, viegli t\u012br\u0101ms un \u012bpa\u0161i \u0113rts, lai atbalst\u012btos.<\/li>\n<li>Pild\u012bjuma materi\u0101ls (FRE-FILLED variantam): Pild\u012bjums ir poliestera \u0161\u0137iedru pild\u012bjums, kas ir veidots no \u012bpa\u0161a 100% poliestera \u0161\u0137iedru mais\u012bjuma, radot \u0101rk\u0101rt\u0113ju iztur\u012bbu. Pild\u012bjumam ir gluda konsistence un tas saglab\u0101 savu integrit\u0101ti pat p\u0113c neskait\u0101m\u0101m mazg\u0101\u0161anas reiz\u0113m. Pild\u012bjums reti saburz\u0101s un neizraisa aler\u0123iju.<\/li>\n<li>Dabas iedvesmots dizains: \u0161ie akmens spilveni tika veidoti t\u0101, lai tie atg\u0101din\u0101tu akmens akme\u0146us; tiem piem\u012bt re\u0101listisks izskats ar spilvena maigumu un komfortu.<\/li>\n<li>Funkcijas: Var izmantot k\u0101 gr\u012bdas segumu, kr\u0113slu, d\u012bv\u0101nu, ku\u0161eti, \u0101ra spilvenus, dekorat\u012bvos spilvenus, \u0137\u012b\u013cveida spilvenus; Lieliski piem\u0113rots gariem ce\u013cojumiem un kempingam; m\u0101jas dekoram, b\u0113rnu m\u012bkstaj\u0101m rota\u013cliet\u0101m, rado\u0161\u0101m d\u0101van\u0101m, k\u0101 ar\u012b k\u0101 aksesu\u0101rus fotostudijai vai rota\u013c\u0101m; Unik\u0101la d\u0101vanu ideja dzim\u0161anas dien\u0101, Ziemassv\u0113tkos, m\u0101jas iek\u0101rto\u0161anai, draudz\u012bbai, Valent\u012bndien\u0101 utt.<\/li>\n<li>Priek\u0161roc\u012bbas: Unik\u0101ls dekorat\u012bvs akcents j\u016bsu m\u0101j\u0101m, viesistabai, b\u0113rnu gu\u013camistabai, kopm\u012btnei, birojam, terasei vai automa\u0161\u012bnai, b\u0113rnu rota\u013cu laukumam, b\u0113rnu rota\u013cu istabai, sp\u0113\u013cu istabai, d\u0101rzam, b\u0113rnud\u0101rzam, skolai, fotostudijai, viesn\u012bcai, klubam, b\u0101ram, jogas centram, izst\u0101\u017eu modes skatei, auto izst\u0101dei un cit\u0101m norises viet\u0101m.<\/li>\n<li>Viegli t\u012br\u0101ms: piestiprin\u0101tais neredzamais r\u0101v\u0113jsl\u0113dz\u0113js padara p\u0101rvalku no\u0146emamu un mazg\u0101jamu; Roku mazg\u0101\u0161ana ir pie\u0146emama.<\/li>\n<li>Komplekt\u0101 ietilpst: 7 gab.\/komplekt\u0101, izm\u0113ri: #1 30x17 collas, #2 23x14 collas, #3 21x12 collas, #4 20x11 collas, #5 15x9 collas, #6 12x8 collas, #7 8x8 collas.<\/li>\n<li>Br\u012bdin\u0101jums par aizkav\u0113tu pieg\u0101di: Pa\u0161reiz\u0113j\u0101s preces tiks nos\u016bt\u012btas 72 stundu laik\u0101 p\u0113c apmaksas, un pieg\u0101de notiks 10\u201320 dienu laik\u0101.<\/li>\n<\/ul>","protected":false},"featured_media":231,"comment_status":"open","ping_status":"closed","template":"","meta":[],"product_brand":[],"product_cat":[17],"product_tag":[19,35,22,20,24,26,21,29,32],"class_list":{"0":"post-240","1":"product","2":"type-product","3":"status-publish","4":"has-post-thumbnail","6":"product_cat-pebble-cushions","7":"product_tag-living-stone-pillows","8":"product_tag-livingstones","9":"product_tag-pebble-cushions","10":"product_tag-pebble-pillows","11":"product_tag-pebble-seats","12":"product_tag-rock-cushions","13":"product_tag-rock-pillows","14":"product_tag-stone-cushions","15":"product_tag-stone-pillows","17":"first","18":"instock","19":"shipping-taxable","20":"purchasable","21":"product-type-variable","22":"has-default-attributes"},"_links":{"self":[{"href":"https:\/\/www.pebblecushions.com\/lv\/wp-json\/wp\/v2\/product\/240","targetHints":{"allow":["GET"]}}],"collection":[{"href":"https:\/\/www.pebblecushions.com\/lv\/wp-json\/wp\/v2\/product"}],"about":[{"href":"https:\/\/www.pebblecushions.com\/lv\/wp-json\/wp\/v2\/types\/product"}],"replies":[{"embeddable":true,"href":"https:\/\/www.pebblecushions.com\/lv\/wp-json\/wp\/v2\/comments?post=240"}],"wp:featuredmedia":[{"embeddable":true,"href":"https:\/\/www.pebblecushions.com\/lv\/wp-json\/wp\/v2\/media\/231"}],"wp:attachment":[{"href":"https:\/\/www.pebblecushions.com\/lv\/wp-json\/wp\/v2\/media?parent=240"}],"wp:term":[{"taxonomy":"product_brand","embeddable":true,"href":"https:\/\/www.pebblecushions.com\/lv\/wp-json\/wp\/v2\/product_brand?post=240"},{"taxonomy":"product_cat","embeddable":true,"href":"https:\/\/www.pebblecushions.com\/lv\/wp-json\/wp\/v2\/product_cat?post=240"},{"taxonomy":"product_tag","embeddable":true,"href":"https:\/\/www.pebblecushions.com\/lv\/wp-json\/wp\/v2\/product_tag?post=240"}],"curies":[{"name":"wp","href":"https:\/\/api.w.org\/{rel}","templated":true}]}}