{"id":69,"date":"2021-10-03T10:23:43","date_gmt":"2021-10-03T10:23:43","guid":{"rendered":"https:\/\/www.pebblecushions.com\/product\/huge-rock-pillows-living-stones-pillows-pebble-pillows-living-pillows-pre-filled-christmas-present-light-gray\/"},"modified":"2025-09-22T03:45:19","modified_gmt":"2025-09-22T03:45:19","slug":"olu-spilveni-olu-gridas-spilveni-9001","status":"publish","type":"product","link":"https:\/\/www.pebblecushions.com\/lv\/product\/pebble-pillows-pebble-floor-cushions-9001","title":{"rendered":"O\u013cu spilveni O\u013cu gr\u012bdas spilveni"},"content":{"rendered":"[zc_getpagecontent mb=&#8221;mb_aplus&#8221; apid=&#8221;16&#8243;]\n<div class=\"row fill_option_note row-box-shadow-2\"  id=\"row-2108694653\">\r\n\r\n\n\t<div id=\"col-1855779734\" class=\"col small-12 large-12\"  >\n\t\t\t\t<div class=\"col-inner\"  >\n\t\t\t\n\t\t\t\r\n\r\n\t<div id=\"text-4286456598\" class=\"text\">\n\t\t\r\n\r\n<p>Our Pebble Cushions offer you two options when purchasing: filled and unfilled cushion covers.<\/p>\r\n<p>If you choose to purchase the unfilled cushion cover (which is definitely tempting for the price), then you will need to fill it with a soft, sturdy yet fluffy filling, or you can fill it with your old clothes, old sheets and other textiles. Or you can get high-quality Premium Fiberfill at Walmart. Doing so will help you save some of the cost of your purchase. Each Pebble Cushion Cover has a discreet zipper along the bottom, great for maintaining the image of the pebbles, and for keeping your family comfortable while you use them. Just unzip to quickly fill the cushion with fiberfill. Likewise, it\u2019s just as easy to empty it when it comes time to wash it.<\/p>\r\n<p>If you shop for a stuffed pebble cushions, we will fill it well for you and guarantee that the stuffed polyester fiberfill inside is brand new, best quality, healthy &amp; ready for use immediately.<\/p>\r\n<p>Why is it recommended to buy \"Without Stuffing\" cushioncase?<\/p>\r\n<p>Our Pebble Cushions are HUGE when full. Since shipping is based on the size of the cushions, not the weight, we have to charge a lot more. Instead, you could purchase the Pebble Cushion Cover , fill it with Premium Fiberfill on your own, and save over 80% off the normal retail price.<\/p>\r\n\t\t\n<style>\n#text-4286456598 {\n  color: rgb(0,0,0);\n}\n#text-4286456598 > * {\n  color: rgb(0,0,0);\n}\n<\/style>\n\t<\/div>\n\t\r\n\r\n\t\t<\/div>\n\t\t\t\t\t<\/div>\n\n\t\r\n\r\n\n<style>\n#row-2108694653 > .col > .col-inner {\n  padding: 20px 20px 10px 20px;\n  background-color: rgb(238, 238, 238);\n  border-radius: 5px;\n}\n<\/style>\n<\/div>\n","protected":false},"excerpt":{"rendered":"<ul>\n<li>Audums: Pol\u0101r\u0101 fl\u012bsa<\/li>\n<li>Daudzums: 6 gabali iek\u013cauti<\/li>\n<li>Izm\u0113ri: 40 x 20 collas; 20 x 14 collas; 20 x 10 collas; 14 x 9 collas; 12 x 7 collas; 7 x 4 collas<\/li>\n<li>Kr\u0101sa: gai\u0161i pel\u0113ka<\/li>\n<li>Raksts: vienkr\u0101sains dabas akmens<\/li>\n<li>Pild\u012bjuma materi\u0101ls (FRE-FILLED variantam): Pild\u012bjums ir poliestera \u0161\u0137iedru pild\u012bjums, kas ir veidots no \u012bpa\u0161a 100% poliestera \u0161\u0137iedru mais\u012bjuma, radot \u0101rk\u0101rt\u0113ju iztur\u012bbu. Pild\u012bjumam ir gluda konsistence un tas saglab\u0101 savu integrit\u0101ti pat p\u0113c neskait\u0101m\u0101m mazg\u0101\u0161anas reiz\u0113m. Pild\u012bjums reti saburz\u0101s un neizraisa aler\u0123iju.<\/li>\n<li>\u0160ie akmens spilveni, kas veidoti, apvienojot cieto akmens formu ar m\u012bkstaj\u0101m spilvenu funkcij\u0101m, var tikt izmantoti ne tikai k\u0101 at\u0161\u0137ir\u012bgs m\u0101jas dekors uz gr\u012bdas vai m\u0113bel\u0113m, bet ar\u012b k\u0101 interesants apsk\u0101viens vai p\u0101rkl\u0101js visu vecumu cilv\u0113kiem.<\/li>\n<li>\u013boti l\u012bdz\u012bgi 3D druk\u0101ti akmens spilveni: No pirm\u0101 acu uzmetiena j\u016bs nekad nedom\u0101siet, ka tie ir tikai spilveni. M\u0113s lieliski apvienojam spilvenu un \u201cakmeni\u201d, izmantojot atjaut\u012bgu dizainu. Elipses forma, elegantais izliekums un dab\u012bg\u0101 akmens raksts - tas viss kop\u0101 liek spilvenam izskat\u012bties p\u0113c \u012bsta akmens. \u0160ie spilgtie spilveni padara m\u016bsu m\u0101jas par interesantu vietu.<\/li>\n<li>Ko redzi, to ar\u012b sa\u0146em.<\/li>\n<\/ul>","protected":false},"featured_media":58,"comment_status":"open","ping_status":"closed","template":"","meta":[],"product_brand":[],"product_cat":[15],"product_tag":[34,19,22,20,26,21,30,27],"class_list":{"0":"post-69","1":"product","2":"type-product","3":"status-publish","4":"has-post-thumbnail","6":"product_cat-livingstones","7":"product_tag-felt-rock-pillows","8":"product_tag-living-stone-pillows","9":"product_tag-pebble-cushions","10":"product_tag-pebble-pillows","11":"product_tag-rock-cushions","12":"product_tag-rock-pillows","13":"product_tag-soft-rock-pillows","14":"product_tag-stone-floor-pillows","16":"first","17":"instock","18":"featured","19":"shipping-taxable","20":"purchasable","21":"product-type-variable","22":"has-default-attributes"},"_links":{"self":[{"href":"https:\/\/www.pebblecushions.com\/lv\/wp-json\/wp\/v2\/product\/69","targetHints":{"allow":["GET"]}}],"collection":[{"href":"https:\/\/www.pebblecushions.com\/lv\/wp-json\/wp\/v2\/product"}],"about":[{"href":"https:\/\/www.pebblecushions.com\/lv\/wp-json\/wp\/v2\/types\/product"}],"replies":[{"embeddable":true,"href":"https:\/\/www.pebblecushions.com\/lv\/wp-json\/wp\/v2\/comments?post=69"}],"wp:featuredmedia":[{"embeddable":true,"href":"https:\/\/www.pebblecushions.com\/lv\/wp-json\/wp\/v2\/media\/58"}],"wp:attachment":[{"href":"https:\/\/www.pebblecushions.com\/lv\/wp-json\/wp\/v2\/media?parent=69"}],"wp:term":[{"taxonomy":"product_brand","embeddable":true,"href":"https:\/\/www.pebblecushions.com\/lv\/wp-json\/wp\/v2\/product_brand?post=69"},{"taxonomy":"product_cat","embeddable":true,"href":"https:\/\/www.pebblecushions.com\/lv\/wp-json\/wp\/v2\/product_cat?post=69"},{"taxonomy":"product_tag","embeddable":true,"href":"https:\/\/www.pebblecushions.com\/lv\/wp-json\/wp\/v2\/product_tag?post=69"}],"curies":[{"name":"wp","href":"https:\/\/api.w.org\/{rel}","templated":true}]}}