{"id":288,"date":"2022-04-08T12:08:41","date_gmt":"2022-04-08T12:08:41","guid":{"rendered":"https:\/\/www.pebblecushions.com\/product\/pebble-decorative-cushions-pebble-cushions-9038"},"modified":"2024-10-05T01:28:18","modified_gmt":"2024-10-05T01:28:18","slug":"poduszki-dekoracyjne-kamyki-poduszki-kamyki-9038","status":"publish","type":"product","link":"https:\/\/www.pebblecushions.com\/pl\/product\/pebble-decorative-cushions-pebble-cushions-9038","title":{"rendered":"Poduszki dekoracyjne Pebble Poduszki Pebble"},"content":{"rendered":"[zc_getpagecontent mb=&#8221;mb_aplus&#8221; apid=&#8221;20&#8243;]\n<hr \/>\n<p>Pattern: pebble stone<br \/>\nImported Type: decorative stone pillow<br \/>\nPackage includes: 7PCS Mix Sizes<br \/>\nCare: Spot clean by hand only<\/p>\n<p><strong>Benefits:<\/strong><\/p>\n<p>Bring pieces of nature into your home with eco-friendly design, Set a comfortable reading and relaxing space for your home.<br \/>\nFeatured in a perfect combination of hard stone shapes and soft pillow functions, these stone pillows can not only be used as a home decor but also an interesting hug or throw for all ages.<br \/>\nThese featured stone pillows are designed according simulation stone shapes and have realistic modeling appearance.<br \/>\nthey are suitable for various scenes and purposes: mixed rock like floor decorative pillows, \u00a0plush toy, \u00a0pebble pillows.<br \/>\nWonderful for kids room, children are especially fond of playing with them whenever and wherever they catch a sight.<br \/>\nCreative style attractive shape sewing with fine workmanship invisible zipper design.<\/p>\n<p><strong>Warm Tip:<\/strong><\/p>\n<p>1. Due to the different monitor and light effect, the actual color of the item might be slightly different from the color showed on the pictures.<br \/>\n2. Please allow 1-2 cm\/ 0.39-0.78 inch errors due to different manual measurement.<br \/>\n3. Please kindly use machine wash the cover of this cushion on cold and air dry; to ensure long-time softness, we suggest not to use iron, bleach, tumble dry or dry clean.<br \/>\n4. Customers&#8217; satisfaction is our top pursuit, please contact with us if you have any curiosity\/ questions\/ suggestions about the product or our service, we will give you a response as soon as possible.<\/p>\n<div class=\"row fill_option_note row-box-shadow-2\"  id=\"row-55315833\">\r\n\r\n\n\t<div id=\"col-404525460\" class=\"col small-12 large-12\"  >\n\t\t\t\t<div class=\"col-inner\"  >\n\t\t\t\n\t\t\t\r\n\r\n\t<div id=\"text-1812335556\" class=\"text\">\n\t\t\r\n\r\n<p>Our Pebble Cushions offer you two options when purchasing: filled and unfilled cushion covers.<\/p>\r\n<p>If you choose to purchase the unfilled cushion cover (which is definitely tempting for the price), then you will need to fill it with a soft, sturdy yet fluffy filling, or you can fill it with your old clothes, old sheets and other textiles. Or you can get high-quality Premium Fiberfill at Walmart. Doing so will help you save some of the cost of your purchase. Each Pebble Cushion Cover has a discreet zipper along the bottom, great for maintaining the image of the pebbles, and for keeping your family comfortable while you use them. Just unzip to quickly fill the cushion with fiberfill. Likewise, it\u2019s just as easy to empty it when it comes time to wash it.<\/p>\r\n<p>If you shop for a stuffed pebble cushions, we will fill it well for you and guarantee that the stuffed polyester fiberfill inside is brand new, best quality, healthy &amp; ready for use immediately.<\/p>\r\n<p>Why is it recommended to buy \"Without Stuffing\" cushioncase?<\/p>\r\n<p>Our Pebble Cushions are HUGE when full. Since shipping is based on the size of the cushions, not the weight, we have to charge a lot more. Instead, you could purchase the Pebble Cushion Cover , fill it with Premium Fiberfill on your own, and save over 80% off the normal retail price.<\/p>\r\n\t\t\n<style>\n#text-1812335556 {\n  color: rgb(0,0,0);\n}\n#text-1812335556 > * {\n  color: rgb(0,0,0);\n}\n<\/style>\n\t<\/div>\n\t\r\n\r\n\t\t<\/div>\n\t\t\t\t\t<\/div>\n\n\t\r\n\r\n\n<style>\n#row-55315833 > .col > .col-inner {\n  padding: 20px 20px 10px 20px;\n  background-color: rgb(238, 238, 238);\n  border-radius: 5px;\n}\n<\/style>\n<\/div>\n","protected":false},"excerpt":{"rendered":"<ul>\n<li>Materia\u0142: Pokrowiec tej realistycznej kamiennej poduszki wykonany jest z aksamitu, \u0142atwego do czyszczenia i super wygodnego do opierania si\u0119.<\/li>\n<li>Materia\u0142 wype\u0142niaj\u0105cy (dla opcji FRE-FILLED): Wype\u0142nieniem jest w\u0142\u00f3kno poliestrowe, kt\u00f3re jest eksplodowane przez specjaln\u0105 mieszank\u0119 w\u0142\u00f3kien poliestrowych 100%, tworz\u0105c niezwyk\u0142\u0105 spr\u0119\u017cysto\u015b\u0107. Wype\u0142niacz ma g\u0142adk\u0105 konsystencj\u0119 i siln\u0105 integralno\u015b\u0107 przez niezliczone prania. Wype\u0142nienie rzadko si\u0119 zbryla i jest antyalergiczne.<\/li>\n<li>Wzornictwo inspirowane natur\u0105: Te kamienne poduszki zosta\u0142y zaprojektowane tak, aby przypomina\u0142y kamienie skalne; charakteryzuj\u0105 si\u0119 realistycznym wygl\u0105dem oraz mi\u0119kko\u015bci\u0105 i wygod\u0105 poduszki.<\/li>\n<li>Funkcje: Mog\u0105 by\u0107 u\u017cywane jako poduszki na pod\u0142og\u0119, krzes\u0142o, sof\u0119, kanap\u0119, poduszki zewn\u0119trzne, poduszki do rzucania, poduszki klinowe; \u015awietne na d\u0142ugie wycieczki i kemping; wystr\u00f3j domu, wypchane zabawki dla dzieci, kreatywne prezenty, r\u00f3wnie\u017c jako rekwizyty do studia fotograficznego lub zabawy; Unikalny pomys\u0142 na prezent na urodziny, Bo\u017ce Narodzenie, ocieplenie domu, przyja\u017a\u0144, walentynki itp.<\/li>\n<li>Korzy\u015bci: Unikalny akcent dekoracyjny do domu, salonu, sypialni dzieci\u0119cej, akademika, biura, patio lub samochodu, placu zabaw dla dzieci, pokoju zabaw dla dzieci, pokoju gier, ogrodu, przedszkola, szko\u0142y, studia fotograficznego, hotelu, klubu, baru, centrum jogi, wystawy, pokazu mody, pokazu samochodowego i innych miejsc.<\/li>\n<li>\u0141atwo\u015b\u0107 czyszczenia: Do\u0142\u0105czony niewidoczny zamek b\u0142yskawiczny umo\u017cliwia zdejmowanie i pranie pokrowca; dopuszczalne jest pranie r\u0119czne.<\/li>\n<li>Opakowanie zawiera: 7szt\/zestaw, Rozmiar: #1 30x17inch, #2 23x14inch, #3 21x12inch, #4 20x11inch, #5 15x9inch, #6 12x8inch, #7 8x8inch.<\/li>\n<li>Ostrze\u017cenie o op\u00f3\u017anionej dostawie: Bie\u017c\u0105ce produkty zostan\u0105 wys\u0142ane w ci\u0105gu 72 godzin po dokonaniu p\u0142atno\u015bci, dostarczone w ci\u0105gu 10-20 dni.<\/li>\n<\/ul>","protected":false},"featured_media":280,"comment_status":"open","ping_status":"closed","template":"","meta":[],"product_brand":[],"product_cat":[17],"product_tag":[19,35,22,20,24,26,21,29,32],"class_list":{"0":"post-288","1":"product","2":"type-product","3":"status-publish","4":"has-post-thumbnail","6":"product_cat-pebble-cushions","7":"product_tag-living-stone-pillows","8":"product_tag-livingstones","9":"product_tag-pebble-cushions","10":"product_tag-pebble-pillows","11":"product_tag-pebble-seats","12":"product_tag-rock-cushions","13":"product_tag-rock-pillows","14":"product_tag-stone-cushions","15":"product_tag-stone-pillows","17":"first","18":"instock","19":"shipping-taxable","20":"purchasable","21":"product-type-variable","22":"has-default-attributes"},"_links":{"self":[{"href":"https:\/\/www.pebblecushions.com\/pl\/wp-json\/wp\/v2\/product\/288","targetHints":{"allow":["GET"]}}],"collection":[{"href":"https:\/\/www.pebblecushions.com\/pl\/wp-json\/wp\/v2\/product"}],"about":[{"href":"https:\/\/www.pebblecushions.com\/pl\/wp-json\/wp\/v2\/types\/product"}],"replies":[{"embeddable":true,"href":"https:\/\/www.pebblecushions.com\/pl\/wp-json\/wp\/v2\/comments?post=288"}],"wp:featuredmedia":[{"embeddable":true,"href":"https:\/\/www.pebblecushions.com\/pl\/wp-json\/wp\/v2\/media\/280"}],"wp:attachment":[{"href":"https:\/\/www.pebblecushions.com\/pl\/wp-json\/wp\/v2\/media?parent=288"}],"wp:term":[{"taxonomy":"product_brand","embeddable":true,"href":"https:\/\/www.pebblecushions.com\/pl\/wp-json\/wp\/v2\/product_brand?post=288"},{"taxonomy":"product_cat","embeddable":true,"href":"https:\/\/www.pebblecushions.com\/pl\/wp-json\/wp\/v2\/product_cat?post=288"},{"taxonomy":"product_tag","embeddable":true,"href":"https:\/\/www.pebblecushions.com\/pl\/wp-json\/wp\/v2\/product_tag?post=288"}],"curies":[{"name":"wp","href":"https:\/\/api.w.org\/{rel}","templated":true}]}}