{"id":5234,"date":"2024-10-05T03:14:40","date_gmt":"2024-10-05T03:14:40","guid":{"rendered":"https:\/\/www.pebblecushions.com\/product\/headboard-wedge-pillow-blue-plush-large-reading-pillow"},"modified":"2025-09-22T03:51:59","modified_gmt":"2025-09-22T03:51:59","slug":"poduszka-klinowa-na-wezglowie-niebieska-pluszowa-duza-poduszka-do-czytania","status":"publish","type":"product","link":"https:\/\/www.pebblecushions.com\/pl\/product\/headboard-wedge-pillow-blue-plush-large-reading-pillow","title":{"rendered":"Poduszka klinowa na zag\u0142\u00f3wek Niebieska pluszowa du\u017ca poduszka do czytania"},"content":{"rendered":"","protected":false},"excerpt":{"rendered":"<ul>\n<li><strong>WIELOFUNKCYJNO\u015a\u0106:<\/strong> To co\u015b wi\u0119cej ni\u017c tylko poduszka na zag\u0142\u00f3wek, nasza poduszka klinowa ma wiele zastosowa\u0144 i mo\u017ce by\u0107 u\u017cywana jako idealna pomoc w podparciu plec\u00f3w, uniesieniu n\u00f3g, czytaniu, ogl\u0105daniu telewizji i wielu innych pozycjach, aby zaspokoi\u0107 r\u00f3\u017cnorodne potrzeby.<\/li>\n<li><strong>ERGONOMICZNA KONSTRUKCJA:<\/strong> Intymna piel\u0119gnacja, ergonomiczna pomys\u0142owo\u015b\u0107. Zapewnia najwygodniejsze podparcie, zmniejsza nacisk na kr\u0119gi szyjne i l\u0119d\u017awiowe, cieszy si\u0119 ka\u017cd\u0105 chwil\u0105 komfortu i przytulno\u015bci.<\/li>\n<li><strong>WYGODA:<\/strong> Du\u017ca tr\u00f3jk\u0105tna poduszka klinowa wykonana jest z wysokiej jako\u015bci materia\u0142\u00f3w i delikatnej technologii przetwarzania, aby zapewni\u0107 mi\u0119kko\u015b\u0107 i wygod\u0119 poduszki klinowej, dzi\u0119ki czemu mo\u017cna cieszy\u0107 si\u0119 intymnym dopasowaniem, ciep\u0142em i wygod\u0105.<\/li>\n<li><strong>MATERIA\u0141:<\/strong> Poduszki na oparcia \u0142\u00f3\u017cek dziennych wykonane s\u0105 z wysokiej jako\u015bci tkanin, mi\u0119kkich i przyjaznych dla sk\u00f3ry, odpornych na zmarszczki i zu\u017cycie, zapewniaj\u0105cych komfort w dotyku i doskona\u0142\u0105 oddychalno\u015b\u0107, zapewniaj\u0105c sucho\u015b\u0107 i wygod\u0119.<\/li>\n<li><strong>\u0141ATWY W CZYSZCZENIU:<\/strong> Poduszka klinowa posiada zdejmowan\u0105 i nadaj\u0105c\u0105 si\u0119 do prania poszewk\u0119 u\u0142atwiaj\u0105c\u0105 piel\u0119gnacj\u0119, dzi\u0119ki czemu zawsze masz \u015bwie\u017ce i czyste \u015brodowisko do odpoczynku.<\/li>\n<li><strong>Rozmiar:<\/strong> 60cm (60*20*50cm), 80cm (80*20*50cm), 100cm (100*20*50cm), 120cm (120*20*50cm), 140cm (140*20*50cm), 160cm (160*20*50cm), 180cm (180*20*50cm), 200cm (200*20*50cm)<\/li>\n<\/ul>","protected":false},"featured_media":5221,"comment_status":"open","ping_status":"closed","template":"","meta":[],"product_brand":[],"product_cat":[55],"product_tag":[],"class_list":{"0":"post-5234","1":"product","2":"type-product","3":"status-publish","4":"has-post-thumbnail","6":"product_cat-living-cushions","8":"first","9":"instock","10":"featured","11":"shipping-taxable","12":"purchasable","13":"product-type-variable","14":"has-default-attributes"},"_links":{"self":[{"href":"https:\/\/www.pebblecushions.com\/pl\/wp-json\/wp\/v2\/product\/5234","targetHints":{"allow":["GET"]}}],"collection":[{"href":"https:\/\/www.pebblecushions.com\/pl\/wp-json\/wp\/v2\/product"}],"about":[{"href":"https:\/\/www.pebblecushions.com\/pl\/wp-json\/wp\/v2\/types\/product"}],"replies":[{"embeddable":true,"href":"https:\/\/www.pebblecushions.com\/pl\/wp-json\/wp\/v2\/comments?post=5234"}],"wp:featuredmedia":[{"embeddable":true,"href":"https:\/\/www.pebblecushions.com\/pl\/wp-json\/wp\/v2\/media\/5221"}],"wp:attachment":[{"href":"https:\/\/www.pebblecushions.com\/pl\/wp-json\/wp\/v2\/media?parent=5234"}],"wp:term":[{"taxonomy":"product_brand","embeddable":true,"href":"https:\/\/www.pebblecushions.com\/pl\/wp-json\/wp\/v2\/product_brand?post=5234"},{"taxonomy":"product_cat","embeddable":true,"href":"https:\/\/www.pebblecushions.com\/pl\/wp-json\/wp\/v2\/product_cat?post=5234"},{"taxonomy":"product_tag","embeddable":true,"href":"https:\/\/www.pebblecushions.com\/pl\/wp-json\/wp\/v2\/product_tag?post=5234"}],"curies":[{"name":"wp","href":"https:\/\/api.w.org\/{rel}","templated":true}]}}