{"id":5335,"date":"2024-10-18T03:29:47","date_gmt":"2024-10-18T03:29:47","guid":{"rendered":"https:\/\/www.pebblecushions.com\/product\/large-wedge-reading-pillow-for-bed-daybed-bolster-backrest-white"},"modified":"2025-09-22T03:52:01","modified_gmt":"2025-09-22T03:52:01","slug":"duza-poduszka-klinowa-do-czytania-na-lozko-lezanka-oparcie-biala","status":"publish","type":"product","link":"https:\/\/www.pebblecushions.com\/pl\/product\/large-wedge-reading-pillow-for-bed-daybed-bolster-backrest-white","title":{"rendered":"Du\u017ca klinowa poduszka do czytania do \u0142\u00f3\u017cka z oparciem Bolster Bia\u0142y"},"content":{"rendered":"","protected":false},"excerpt":{"rendered":"<ul>\n<li>Najwy\u017cszy komfort: Ta poduszka pod g\u0142ow\u0119 w rozmiarze XL zapewnia doskona\u0142y komfort dzi\u0119ki tr\u00f3jk\u0105tnemu kszta\u0142towi. Poduszka wspieraj\u0105ca \u0142\u00f3\u017cko \u0142adnie dopasowuje si\u0119 do plec\u00f3w i talii, minimalizuj\u0105c nacisk na odcinek l\u0119d\u017awiowy \/ plecy. Ta klinowa poduszka do czytania mo\u017ce pom\u00f3c utrzyma\u0107 napi\u0119cie w \u0142\u00f3\u017cku lub sofie, co jest idealne dla pracuj\u0105cych nocnych s\u00f3w, moli ksi\u0105\u017ckowych i ogl\u0105daj\u0105cych telewizj\u0119 w \u0142\u00f3\u017cku. Ta wyj\u0105tkowo du\u017ca poduszka jest jedyn\u0105 poduszk\u0105 klinow\u0105, kt\u00f3ra mo\u017ce pomie\u015bci\u0107 dwie osoby.<\/li>\n<li>Du\u017ca poduszka 3 w 1: Poduszki mo\u017cna u\u017cywa\u0107 w pozycji pionowej jako poduszki pod plecy do siedzenia w \u0142\u00f3\u017cku lub po\u0142o\u017cy\u0107 j\u0105 p\u0142asko na \u0142\u00f3\u017cku, aby u\u017cy\u0107 jej jako du\u017cej poduszki klinowej podczas spania na plecach lub boku, lub jako poduszki na nogi, aby podnie\u015b\u0107 nogi. Je\u015bli potrzebujesz du\u017cej poduszki pod g\u0142ow\u0119, kt\u00f3ra zapewni wsparcie zar\u00f3wno Tobie, jak i Twojemu wsp\u00f3\u0142ma\u0142\u017conkowi. To doskona\u0142a alternatywa.<\/li>\n<li>Wielofunkcyjny design: Niekt\u00f3rzy u\u017cywaj\u0105 tr\u00f3jk\u0105tnej poduszki jako poduszki na zag\u0142\u00f3wek, podczas gdy inni u\u017cywaj\u0105 jej jako poduszki na zderzak, a tak\u017ce jako poduszki na oparcie kanapy lub \u0142\u00f3\u017cka. Jest zar\u00f3wno stylowa, jak i funkcjonalna, dzi\u0119ki czemu stanowi doskona\u0142y dodatek do ka\u017cdej sypialni.<\/li>\n<li>Najwy\u017csza jako\u015b\u0107 wykonania: Poszewka na poduszk\u0119 ma sztruksowy wygl\u0105d, a jej sk\u0142ad to poliester 100%. Nasza poduszka na zag\u0142\u00f3wek jest oddychaj\u0105ca i wystarczaj\u0105co wygodna, aby utrzyma\u0107 sw\u00f3j kszta\u0142t i nie straci\u0107 kszta\u0142tu z up\u0142ywem czasu, Boczna kiesze\u0144 z ka\u017cdej strony umo\u017cliwia wsuni\u0119cie ksi\u0105\u017cki lub telefonu.<\/li>\n<li>\u0141atwo\u015b\u0107 prania: Pokrowiec na poduszk\u0119 do czytania jest przymocowany do poduszki za pomoc\u0105 guzik\u00f3w i mo\u017cna go \u0142atwo zdj\u0105\u0107 za pomoc\u0105 prostego zamka b\u0142yskawicznego. Dzi\u0119ki temu czyszczenie jest bezproblemowe. Wystarczy zdj\u0105\u0107 pokrowiec i szybko wypra\u0107 go w pralce, aby poduszka wygl\u0105da\u0142a jak nowa.<\/li>\n<li><strong>Rozmiar:<\/strong> 60cm (60*20*50cm, 2 przyciski), 80cm (80*20*50cm, 2 przyciski), 100cm (100*20*50cm, 3 przyciski), 120cm (120*20*50cm, 4 przyciski), 140cm (140*20*50cm, 4 przyciski), 160cm (160*20*50cm, 5 przycisk\u00f3w), 180cm (180*20*50cm, 6 przycisk\u00f3w), 200cm (200*20*50cm, 7 przycisk\u00f3w)<\/li>\n<\/ul>","protected":false},"featured_media":5319,"comment_status":"open","ping_status":"closed","template":"","meta":[],"product_brand":[],"product_cat":[55],"product_tag":[],"class_list":{"0":"post-5335","1":"product","2":"type-product","3":"status-publish","4":"has-post-thumbnail","6":"product_cat-living-cushions","8":"first","9":"instock","10":"featured","11":"shipping-taxable","12":"purchasable","13":"product-type-variable","14":"has-default-attributes"},"_links":{"self":[{"href":"https:\/\/www.pebblecushions.com\/pl\/wp-json\/wp\/v2\/product\/5335","targetHints":{"allow":["GET"]}}],"collection":[{"href":"https:\/\/www.pebblecushions.com\/pl\/wp-json\/wp\/v2\/product"}],"about":[{"href":"https:\/\/www.pebblecushions.com\/pl\/wp-json\/wp\/v2\/types\/product"}],"replies":[{"embeddable":true,"href":"https:\/\/www.pebblecushions.com\/pl\/wp-json\/wp\/v2\/comments?post=5335"}],"wp:featuredmedia":[{"embeddable":true,"href":"https:\/\/www.pebblecushions.com\/pl\/wp-json\/wp\/v2\/media\/5319"}],"wp:attachment":[{"href":"https:\/\/www.pebblecushions.com\/pl\/wp-json\/wp\/v2\/media?parent=5335"}],"wp:term":[{"taxonomy":"product_brand","embeddable":true,"href":"https:\/\/www.pebblecushions.com\/pl\/wp-json\/wp\/v2\/product_brand?post=5335"},{"taxonomy":"product_cat","embeddable":true,"href":"https:\/\/www.pebblecushions.com\/pl\/wp-json\/wp\/v2\/product_cat?post=5335"},{"taxonomy":"product_tag","embeddable":true,"href":"https:\/\/www.pebblecushions.com\/pl\/wp-json\/wp\/v2\/product_tag?post=5335"}],"curies":[{"name":"wp","href":"https:\/\/api.w.org\/{rel}","templated":true}]}}